{"id":12667,"date":"2026-01-27T11:35:28","date_gmt":"2026-01-27T11:35:28","guid":{"rendered":"https:\/\/matchawholesale.eu\/gida-ureticileri-icin-toptan-matcha\/"},"modified":"2026-04-06T07:15:22","modified_gmt":"2026-04-06T07:15:22","slug":"gida-ureticileri-icin-toptan-matcha","status":"publish","type":"page","link":"https:\/\/matchawholesale.eu\/tr\/gida-ureticileri-icin-toptan-matcha\/","title":{"rendered":"G\u0131da \u00dcreticileri i\u00e7in Toptan Matcha"},"content":{"rendered":"\n<h1 class=\"wp-block-heading\">G\u0131da \u00dcreticileri i\u00e7in Toptan Matcha<\/h1>\n\n<figure class=\"wp-block-image size-large\"><img fetchpriority=\"high\" decoding=\"async\" width=\"1024\" height=\"576\" src=\"https:\/\/matchawholesale.eu\/wp-content\/uploads\/2026\/01\/11-1024x576.jpg\" alt=\"G&#x131;da fabrikalar&#x131;, &#x15F;irketleri ve &#xFC;reticileri i&#xE7;in matcha\" class=\"wp-image-11263\" srcset=\"https:\/\/matchawholesale.eu\/wp-content\/uploads\/2026\/01\/11-1024x576.jpg 1024w, https:\/\/matchawholesale.eu\/wp-content\/uploads\/2026\/01\/11-300x169.jpg 300w, https:\/\/matchawholesale.eu\/wp-content\/uploads\/2026\/01\/11-768x432.jpg 768w, https:\/\/matchawholesale.eu\/wp-content\/uploads\/2026\/01\/11-800x450.jpg 800w, https:\/\/matchawholesale.eu\/wp-content\/uploads\/2026\/01\/11.jpg 1136w\" sizes=\"(max-width: 1024px) 100vw, 1024px\" \/><figcaption class=\"wp-element-caption\">G\u0131da fabrikalar\u0131, \u015firketleri ve \u00fcreticileri i\u00e7in matcha<\/figcaption><\/figure>\n\n<p>Matcha Toptan, verimli \u00fcretim ve k\u00e2rl\u0131 b\u00fcy\u00fcmeyi destekleyen g\u00fcvenilir, y\u00fcksek hacimli B2B matcha temin arayan \u00fcreticiler i\u00e7in ideal se\u00e7imdir.<\/p>\n\n<p>A\u015fa\u011f\u0131da garantilerimizi bulabilirsiniz.<\/p>\n\n<h2 class=\"wp-block-heading\">1. Japon k\u00f6keni<\/h2>\n\n<p>Japonya&#8217;daki \u00e7ay \u00e7iftliklerinden do\u011frudan temin ediliyor. Tutarl\u0131 ve g\u00fcvenilir bir tedarik sa\u011flayan \u00e7ift\u00e7iler a\u011f\u0131yla i\u015f birli\u011fi yap\u0131yoruz.   <\/p>\n\n<p>Japon k\u00f6keni gerektirmeyen projeler i\u00e7in, \u00c7in hojicha&#8217;s\u0131n\u0131 da avantajl\u0131 fiyatlarla temin edebiliriz.  <\/p>\n\n<h2 class=\"wp-block-heading\">2. \u00dcst\u00fcn Kalite ve Tutarl\u0131l\u0131k<\/h2>\n\n<p>Partiden partiye tutarl\u0131l\u0131k, \u00fcretim de\u011fi\u015fkenli\u011fini en aza indirir ve b\u00fcy\u00fck \u00fcretim \u00fcretimlerinde \u00fcr\u00fcn standartlar\u0131n\u0131 koruman\u0131za yard\u0131mc\u0131 olur.<\/p>\n\n<h2 class=\"wp-block-heading\">3. \u0130htiya\u00e7lar\u0131n\u0131za Uygun \u00c7ok Y\u00f6nl\u00fc Notlar<\/h2>\n\n<p>F\u0131r\u0131nlama, dondurma veya kar\u0131\u015ft\u0131rma gibi \u00fcretim uygulamalar\u0131 i\u00e7in optimize edilmi\u015f mutfak kalitesinde matcha veya y\u00fcksek kaliteli form\u00fclasyonlar i\u00e7in kaliteli t\u00f6ren kalitesinde \u00fcr\u00fcnler tercih edin. \u00d6zel aroma profillerinize ve i\u015flem gereksinimlerinize uygun \u00f6zel kar\u0131\u015f\u0131mlar sunuyoruz. <\/p>\n\n<h2 class=\"wp-block-heading\">4. Sertifikal\u0131 Organik ve Geleneksel Se\u00e7enekler<\/h2>\n\n<p>Tedarik\u00e7ilerimiz FSSC 22000 standartlar\u0131na uygundur ve k\u00fcresel \u00fcretim d\u00fczenlemeleriyle uyumlu \u00fcst d\u00fczey g\u0131da g\u00fcvenli\u011fi ve kalite y\u00f6netim sistemlerini garanti alt\u0131na almaktad\u0131r.<\/p>\n\n<h2 class=\"wp-block-heading\">5. Titiz Test ve G\u00fcvenlik<\/h2>\n\n<p>Her parti, pestisitler, a\u011f\u0131r metaller, mikroplar ve kirleticiler i\u00e7in ba\u011f\u0131ms\u0131z laboratuvar testlerinden ge\u00e7er ve Analiz Sertifikalar\u0131 (CoA) sa\u011flan\u0131r. Bu \u015feffafl\u0131k, tedarik zincirinizi korur ve HACCP, ISO ve di\u011fer sekt\u00f6r standartlar\u0131na uyumu destekler. <\/p>\n\n<h2 class=\"wp-block-heading\">6. \u00d6l\u00e7eklenebilir Tedarik ve G\u00fcvenilirlik<\/h2>\n\n<p>1 kg&#8217;dan \u00e7ok tonluk miktarlara kadar esnek sipari\u015f boyutlar\u0131yla, y\u00fcksek hacimli talepleri kesintisiz kar\u015f\u0131l\u0131yoruz. Sa\u011flam lojistiklerimiz, zaman\u0131nda teslimatlar\u0131 sa\u011flar, kesinti d\u00f6nemini \u00f6nlemenize ve \u00fcretim programlar\u0131n\u0131 verimli \u015fekilde kar\u015f\u0131laman\u0131za yard\u0131mc\u0131 olur. <\/p>\n\n<h2 class=\"wp-block-heading\">7. Rekabet\u00e7i Toplu Fiyatland\u0131rma<\/h2>\n\n<p>Hacim bazl\u0131 indirimlerin ve y\u00fcksek kaliteli maliyet etkinli\u011fini dengeleyen \u015feffaf fiyatland\u0131rma yap\u0131lar\u0131n\u0131n tad\u0131n\u0131 \u00e7\u0131kar\u0131n. Uzun vadeli s\u00f6zle\u015fmeler, faizleri kilitler, daha iyi tahmin ve nihai \u00fcr\u00fcnlerinizde daha y\u00fcksek k\u00e2r elde etmenize olanak tan\u0131r. <\/p>\n\n<h2 class=\"wp-block-heading\">8. 365 G\u00fcnl\u00fck M\u00fc\u015fteri Deste\u011fi<\/h2>\n\n<p>Sorular\u0131n\u0131z\u0131 yan\u0131tl\u0131yoruz ve m\u00fc\u015fterilerimize y\u0131l\u0131n her g\u00fcn\u00fc destek sa\u011fl\u0131yoruz.  <\/p>\n\n<h2 class=\"wp-block-heading\">Neden Matcha Wholesale ile Ortakl\u0131k Kuruyorsunuz?<\/h2>\n\n<p>MatchaWholesale.eu olarak, arac\u0131 olmadan do\u011frudan Japonya&#8217;dan matcha sunarak \u00fcreticilere \u00f6ncelik veriyoruz; bu da tazelik ve de\u011fer sa\u011fl\u0131yor.  <\/p>\n\n<p>D\u00fc\u015f\u00fck minimum sipari\u015fler test etmeyi ve \u00f6l\u00e7eklendirmeyi kolayla\u015ft\u0131r\u0131rken, k\u00fcresel kargo maliyetleri d\u00fc\u015f\u00fck ve teslimatlar\u0131 g\u00fcvenilir tutuyor. \u0130ster organik at\u0131\u015ft\u0131rmal\u0131klar ister geleneksel \u00f6d\u00fcller \u00fcretiyor olun, ba\u015far\u0131 i\u00e7in gerekli ara\u00e7lar\u0131 sunuyoruz. <\/p>\n\n<h2 class=\"wp-block-heading\">Bizimle \u0130leti\u015fime Ge\u00e7in<\/h2>\n\n<p>\u00dccretsiz \u00f6rnek, ki\u015fiselle\u015ftirilmi\u015f teklif veya dan\u0131\u015fmanl\u0131k i\u00e7in bizimle ileti\u015fime ge\u00e7in.  <\/p>\n\n<div class=\"forminator-guttenberg\"><div class=\"forminator-ui forminator-custom-form forminator-custom-form-1365 forminator-design--flat  forminator_ajax\" data-forminator-render=\"0\" data-form=\"forminator-module-1365\" data-uid=\"69f46205b47d2\"><br\/><\/div><form\n\t\t\t\tid=\"forminator-module-1365\"\n\t\t\t\tclass=\"forminator-ui forminator-custom-form forminator-custom-form-1365 forminator-design--flat  forminator_ajax\"\n\t\t\t\tmethod=\"post\"\n\t\t\t\tdata-forminator-render=\"0\"\n\t\t\t\tdata-form-id=\"1365\"\n\t\t\t\t data-color-option=\"default\" data-design=\"flat\" data-grid=\"open\" style=\"display: none;\"\n\t\t\t\tdata-uid=\"69f46205b47d2\"\n\t\t\t><div role=\"alert\" aria-live=\"polite\" class=\"forminator-response-message forminator-error\" aria-hidden=\"true\"><\/div><div class=\"forminator-row\"><div id=\"name-1\" class=\"forminator-field-name forminator-col forminator-col-6 \"><div class=\"forminator-field\"><input type=\"text\" name=\"name-1\" value=\"\" placeholder=\"First Name\" id=\"forminator-field-name-1_69f46205b47d2\" class=\"forminator-input forminator-name--field\" aria-required=\"true\" autocomplete=\"name\" \/><\/div><\/div><div id=\"name-2\" class=\"forminator-field-name forminator-col forminator-col-6 \"><div class=\"forminator-field\"><input type=\"text\" name=\"name-2\" value=\"\" placeholder=\"Last Name\" id=\"forminator-field-name-2_69f46205b47d2\" class=\"forminator-input forminator-name--field\" aria-required=\"true\" autocomplete=\"name\" \/><\/div><\/div><\/div><div class=\"forminator-row\"><div id=\"email-1\" class=\"forminator-field-email forminator-col forminator-col-12 \"><div class=\"forminator-field\"><input type=\"email\" name=\"email-1\" value=\"\" placeholder=\"Email\" id=\"forminator-field-email-1_69f46205b47d2\" class=\"forminator-input forminator-email--field\" data-required=\"true\" aria-required=\"true\" autocomplete=\"email\" \/><\/div><\/div><\/div><div class=\"forminator-row\"><div id=\"phone-1\" class=\"forminator-field-phone forminator-col forminator-col-12 \"><div class=\"forminator-field\"><input type=\"text\" name=\"phone-1\" value=\"\" placeholder=\"Phone\" id=\"forminator-field-phone-1_69f46205b47d2\" class=\"forminator-input forminator-field--phone\" data-required=\"\" aria-required=\"false\" autocomplete=\"off\" \/><\/div><\/div><\/div><div class=\"forminator-row\"><div id=\"textarea-1\" class=\"forminator-field-textarea forminator-col forminator-col-12 \"><div class=\"forminator-field\"><textarea name=\"textarea-1\" placeholder=\"Message\" id=\"forminator-field-textarea-1_69f46205b47d2\" class=\"forminator-textarea\" rows=\"6\" style=\"--forminator-textarea-min-height:140px;\" ><\/textarea><span id=\"forminator-field-textarea-1_69f46205b47d2-description\" class=\"forminator-description\"><span data-limit=\"300\" data-type=\"words\" data-editor=\"\">0 \/ 300<\/span><\/span><\/div><\/div><\/div><div class=\"forminator-row\"><\/div><input type=\"hidden\" name=\"referer_url\" value=\"\" \/><div class=\"forminator-row forminator-row-last\"><div class=\"forminator-col\"><div class=\"forminator-field\"><button class=\"forminator-button forminator-button-submit\">Send<\/button><\/div><\/div><\/div><input type=\"hidden\" id=\"forminator_nonce\" name=\"forminator_nonce\" value=\"981ce075ea\" \/><input type=\"hidden\" name=\"_wp_http_referer\" value=\"\/tr\/wp-json\/wp\/v2\/pages\/12667\" \/><input type=\"hidden\" name=\"form_id\" value=\"1365\"><input type=\"hidden\" name=\"page_id\" value=\"12667\"><input type=\"hidden\" name=\"form_type\" value=\"default\"><input type=\"hidden\" name=\"current_url\" value=\"https:\/\/matchawholesale.eu\/tr\/gida-ureticileri-icin-toptan-matcha\/\"><input type=\"hidden\" name=\"render_id\" value=\"0\"><input type=\"hidden\" name=\"action\" value=\"forminator_submit_form_custom-forms\"><label for=\"input_6\" class=\"forminator-hidden\" aria-hidden=\"true\">Please do not fill in this field. <input id=\"input_6\" type=\"text\" name=\"input_6\" value=\"\" autocomplete=\"off\"><\/label><\/form><\/div>\n","protected":false},"excerpt":{"rendered":"<p>G\u0131da \u00dcreticileri i\u00e7in Toptan Matcha Matcha Toptan, verimli \u00fcretim ve k\u00e2rl\u0131 b\u00fcy\u00fcmeyi destekleyen g\u00fcvenilir, y\u00fcksek hacimli B2B matcha temin arayan \u00fcreticiler i\u00e7in ideal se\u00e7imdir. A\u015fa\u011f\u0131da garantilerimizi bulabilirsiniz. 1. Japon k\u00f6keni Japonya&#8217;daki \u00e7ay \u00e7iftliklerinden do\u011frudan temin ediliyor. Tutarl\u0131 ve g\u00fcvenilir bir tedarik sa\u011flayan \u00e7ift\u00e7iler a\u011f\u0131yla i\u015f birli\u011fi yap\u0131yoruz. Japon k\u00f6keni gerektirmeyen projeler i\u00e7in, \u00c7in hojicha&#8217;s\u0131n\u0131 da [&hellip;]<\/p>\n","protected":false},"author":1,"featured_media":12668,"parent":0,"menu_order":0,"comment_status":"closed","ping_status":"closed","template":"","meta":{"footnotes":""},"class_list":["post-12667","page","type-page","status-publish","has-post-thumbnail","hentry","entry","has-media"],"_links":{"self":[{"href":"https:\/\/matchawholesale.eu\/tr\/wp-json\/wp\/v2\/pages\/12667","targetHints":{"allow":["GET"]}}],"collection":[{"href":"https:\/\/matchawholesale.eu\/tr\/wp-json\/wp\/v2\/pages"}],"about":[{"href":"https:\/\/matchawholesale.eu\/tr\/wp-json\/wp\/v2\/types\/page"}],"author":[{"embeddable":true,"href":"https:\/\/matchawholesale.eu\/tr\/wp-json\/wp\/v2\/users\/1"}],"replies":[{"embeddable":true,"href":"https:\/\/matchawholesale.eu\/tr\/wp-json\/wp\/v2\/comments?post=12667"}],"version-history":[{"count":1,"href":"https:\/\/matchawholesale.eu\/tr\/wp-json\/wp\/v2\/pages\/12667\/revisions"}],"predecessor-version":[{"id":12669,"href":"https:\/\/matchawholesale.eu\/tr\/wp-json\/wp\/v2\/pages\/12667\/revisions\/12669"}],"wp:featuredmedia":[{"embeddable":true,"href":"https:\/\/matchawholesale.eu\/tr\/wp-json\/wp\/v2\/media\/12668"}],"wp:attachment":[{"href":"https:\/\/matchawholesale.eu\/tr\/wp-json\/wp\/v2\/media?parent=12667"}],"curies":[{"name":"wp","href":"https:\/\/api.w.org\/{rel}","templated":true}]}}