{"id":12661,"date":"2024-10-12T16:25:13","date_gmt":"2024-10-12T16:25:13","guid":{"rendered":"https:\/\/matchawholesale.eu\/matcha-mutfak-kalitesi-toptan\/"},"modified":"2026-04-15T09:24:55","modified_gmt":"2026-04-15T09:24:55","slug":"matcha-mutfak-kalitesi-toptan","status":"publish","type":"page","link":"https:\/\/matchawholesale.eu\/tr\/matcha-mutfak-kalitesi-toptan\/","title":{"rendered":"Matcha &#8211; Mutfak Kalitesi (Toptan)"},"content":{"rendered":"\n<h1 class=\"wp-block-heading\">Matcha &#8211; Mutfak Kalitesi (Toptan)<\/h1>\n\n<h2 class=\"wp-block-heading\">\u00dcr\u00fcn Tan\u0131m\u0131<\/h2>\n\n<p>Bu organik matcha Kagoshima Eyaleti&#8217;nden geliyor ve g\u00fcnl\u00fck kullan\u0131m i\u00e7in harika bir giri\u015f seviyesi se\u00e7ene\u011fidir. \u0130kinci ve \u00fc\u00e7\u00fcnc\u00fc yapraklardan yap\u0131lm\u0131\u015f olan bu yap\u0131, hafif bir ac\u0131l\u0131k ve taze bir koku ile birle\u015fiktir; latte, tatl\u0131 ve basit yiyecek fikirleri gibi rahat i\u00e7ecekler i\u00e7in idealdir. <\/p>\n\n<h2 class=\"wp-block-heading\">Kalite Derecelendirmeleri<\/h2>\n\n<ul class=\"wp-block-list\">\n<li><strong>Umami<\/strong>: \u2605\u2605 \u2606\u2606\u2606<\/li>\n\n\n\n<li><strong>Aroma<\/strong>: \u2605 \u2606\u2606\u2606\u2606<\/li>\n\n\n\n<li><strong>Ac\u0131l\u0131\u011f\u0131<\/strong>: \u2605\u2605\u2605 \u2606\u2606<\/li>\n<\/ul>\n\n<h2 class=\"wp-block-heading\">\u00d6zellikler<\/h2>\n\n<ul class=\"wp-block-list\">\n<li><strong>\u00c7e\u015fitler<\/strong>: Saemidori, Okumidori, Yutakamidori<\/li>\n\n\n\n<li><strong>Hasat<\/strong>: Eyl\u00fcl (3. bayon)<\/li>\n\n\n\n<li><strong>G\u00f6lgeleme s\u00fcresi<\/strong>: yakla\u015f\u0131k 3\u20134 hafta<\/li>\n\n\n\n<li><strong>K\u00f6ken<\/strong>: Shibushi \u015eehri, Kagoshima Eyaleti<\/li>\n<\/ul>\n\n<div class=\"wp-block-columns is-layout-flex wp-container-core-columns-is-layout-9d6595d7 wp-block-columns-is-layout-flex\">\n<div class=\"wp-block-column is-layout-flow wp-block-column-is-layout-flow\">\n<figure class=\"wp-block-image size-full\"><img fetchpriority=\"high\" decoding=\"async\" width=\"1000\" height=\"1000\" src=\"https:\/\/matchawholesale.eu\/wp-content\/uploads\/2026\/04\/Carre-ok-4-Copy.jpg\" alt=\"\" class=\"wp-image-13015\" srcset=\"https:\/\/matchawholesale.eu\/wp-content\/uploads\/2026\/04\/Carre-ok-4-Copy.jpg 1000w, https:\/\/matchawholesale.eu\/wp-content\/uploads\/2026\/04\/Carre-ok-4-Copy-300x300.jpg 300w, https:\/\/matchawholesale.eu\/wp-content\/uploads\/2026\/04\/Carre-ok-4-Copy-150x150.jpg 150w, https:\/\/matchawholesale.eu\/wp-content\/uploads\/2026\/04\/Carre-ok-4-Copy-768x768.jpg 768w, https:\/\/matchawholesale.eu\/wp-content\/uploads\/2026\/04\/Carre-ok-4-Copy-600x600.jpg 600w\" sizes=\"(max-width: 1000px) 100vw, 1000px\" \/><figcaption class=\"wp-element-caption\">Mutfak Matcha (Toptan)<\/figcaption><\/figure>\n<\/div>\n\n\n\n<div class=\"wp-block-column is-layout-flow wp-block-column-is-layout-flow\">\n<figure class=\"wp-block-image size-full\"><img decoding=\"async\" width=\"1000\" height=\"1000\" src=\"https:\/\/matchawholesale.eu\/wp-content\/uploads\/2026\/04\/carre-ok-6-Copy.jpg\" alt=\"\" class=\"wp-image-13016\" srcset=\"https:\/\/matchawholesale.eu\/wp-content\/uploads\/2026\/04\/carre-ok-6-Copy.jpg 1000w, https:\/\/matchawholesale.eu\/wp-content\/uploads\/2026\/04\/carre-ok-6-Copy-300x300.jpg 300w, https:\/\/matchawholesale.eu\/wp-content\/uploads\/2026\/04\/carre-ok-6-Copy-150x150.jpg 150w, https:\/\/matchawholesale.eu\/wp-content\/uploads\/2026\/04\/carre-ok-6-Copy-768x768.jpg 768w, https:\/\/matchawholesale.eu\/wp-content\/uploads\/2026\/04\/carre-ok-6-Copy-600x600.jpg 600w\" sizes=\"(max-width: 1000px) 100vw, 1000px\" \/><figcaption class=\"wp-element-caption\">Mutfak Matcha (Toptan)<\/figcaption><\/figure>\n<\/div>\n<\/div>\n\n<div class=\"wp-block-columns is-layout-flex wp-container-core-columns-is-layout-9d6595d7 wp-block-columns-is-layout-flex\">\n<div class=\"wp-block-column is-layout-flow wp-block-column-is-layout-flow\">\n<figure class=\"wp-block-image size-full\"><img decoding=\"async\" width=\"1000\" height=\"1000\" src=\"https:\/\/matchawholesale.eu\/wp-content\/uploads\/2026\/04\/carre-ok-7-Copy-1.jpg\" alt=\"\" class=\"wp-image-13017\" srcset=\"https:\/\/matchawholesale.eu\/wp-content\/uploads\/2026\/04\/carre-ok-7-Copy-1.jpg 1000w, https:\/\/matchawholesale.eu\/wp-content\/uploads\/2026\/04\/carre-ok-7-Copy-1-300x300.jpg 300w, https:\/\/matchawholesale.eu\/wp-content\/uploads\/2026\/04\/carre-ok-7-Copy-1-150x150.jpg 150w, https:\/\/matchawholesale.eu\/wp-content\/uploads\/2026\/04\/carre-ok-7-Copy-1-768x768.jpg 768w, https:\/\/matchawholesale.eu\/wp-content\/uploads\/2026\/04\/carre-ok-7-Copy-1-600x600.jpg 600w\" sizes=\"(max-width: 1000px) 100vw, 1000px\" \/><figcaption class=\"wp-element-caption\">Mutfak Matcha (Toptan)<\/figcaption><\/figure>\n<\/div>\n\n\n\n<div class=\"wp-block-column is-layout-flow wp-block-column-is-layout-flow\">\n<figure class=\"wp-block-image size-full\"><img loading=\"lazy\" decoding=\"async\" width=\"1500\" height=\"1500\" src=\"https:\/\/matchawholesale.eu\/wp-content\/uploads\/2026\/04\/Main.jpg\" alt=\"\" class=\"wp-image-13018\" srcset=\"https:\/\/matchawholesale.eu\/wp-content\/uploads\/2026\/04\/Main.jpg 1500w, https:\/\/matchawholesale.eu\/wp-content\/uploads\/2026\/04\/Main-300x300.jpg 300w, https:\/\/matchawholesale.eu\/wp-content\/uploads\/2026\/04\/Main-1024x1024.jpg 1024w, https:\/\/matchawholesale.eu\/wp-content\/uploads\/2026\/04\/Main-150x150.jpg 150w, https:\/\/matchawholesale.eu\/wp-content\/uploads\/2026\/04\/Main-768x768.jpg 768w, https:\/\/matchawholesale.eu\/wp-content\/uploads\/2026\/04\/Main-600x600.jpg 600w\" sizes=\"(max-width: 1500px) 100vw, 1500px\" \/><figcaption class=\"wp-element-caption\">Mutfak Matcha (Toptan)<\/figcaption><\/figure>\n<\/div>\n<\/div>\n\n<div class=\"wp-block-columns is-layout-flex wp-container-core-columns-is-layout-9d6595d7 wp-block-columns-is-layout-flex\">\n<div class=\"wp-block-column is-layout-flow wp-block-column-is-layout-flow\">\n<figure class=\"wp-block-image size-full\"><img loading=\"lazy\" decoding=\"async\" width=\"1333\" height=\"1000\" src=\"https:\/\/matchawholesale.eu\/wp-content\/uploads\/2026\/04\/ok-9-1.jpg\" alt=\"\" class=\"wp-image-13020\" srcset=\"https:\/\/matchawholesale.eu\/wp-content\/uploads\/2026\/04\/ok-9-1.jpg 1333w, https:\/\/matchawholesale.eu\/wp-content\/uploads\/2026\/04\/ok-9-1-300x225.jpg 300w, https:\/\/matchawholesale.eu\/wp-content\/uploads\/2026\/04\/ok-9-1-1024x768.jpg 1024w, https:\/\/matchawholesale.eu\/wp-content\/uploads\/2026\/04\/ok-9-1-768x576.jpg 768w\" sizes=\"(max-width: 1333px) 100vw, 1333px\" \/><figcaption class=\"wp-element-caption\">Mutfak Matcha (Toptan)<\/figcaption><\/figure>\n<\/div>\n\n\n\n<div class=\"wp-block-column is-layout-flow wp-block-column-is-layout-flow\">\n<figure class=\"wp-block-image size-full\"><img loading=\"lazy\" decoding=\"async\" width=\"1000\" height=\"1000\" src=\"https:\/\/matchawholesale.eu\/wp-content\/uploads\/2026\/04\/ok-2.jpg\" alt=\"\" class=\"wp-image-13019\" srcset=\"https:\/\/matchawholesale.eu\/wp-content\/uploads\/2026\/04\/ok-2.jpg 1000w, https:\/\/matchawholesale.eu\/wp-content\/uploads\/2026\/04\/ok-2-300x300.jpg 300w, https:\/\/matchawholesale.eu\/wp-content\/uploads\/2026\/04\/ok-2-150x150.jpg 150w, https:\/\/matchawholesale.eu\/wp-content\/uploads\/2026\/04\/ok-2-768x768.jpg 768w, https:\/\/matchawholesale.eu\/wp-content\/uploads\/2026\/04\/ok-2-600x600.jpg 600w\" sizes=\"(max-width: 1000px) 100vw, 1000px\" \/><figcaption class=\"wp-element-caption\">Mutfak Matcha (Toptan)<\/figcaption><\/figure>\n<\/div>\n<\/div>\n\n<h2 class=\"wp-block-heading\">Kar\u015f\u0131la\u015ft\u0131rma<\/h2>\n\n<style>.matcha-comparison-table {\n    width: 100%;\n    border-collapse: collapse;\n    margin: 30px 0;\n    font-family: -apple-system, BlinkMacSystemFont, 'Segoe UI', 'Helvetica Neue', sans-serif;\n    background: white;\n}\n\n.matcha-comparison-table th {\n    background-color: #f9f9f9;\n    padding: 16px;\n    text-align: left;\n    font-weight: 500;\n    color: #1a1a1a;\n    border-bottom: 1px solid #e5e5e5;\n    font-size: 14px;\n}\n\n.matcha-comparison-table th:first-child {\n    font-weight: 600;\n    color: #666;\n}\n\n.matcha-comparison-table td {\n    padding: 16px;\n    border-bottom: 1px solid #e5e5e5;\n    font-size: 14px;\n    color: #555;\n}\n\n.matcha-comparison-table tr:last-child td {\n    border-bottom: none;\n}\n\n.matcha-comparison-table td:first-child {\n    font-weight: 500;\n    color: #1a1a1a;\n    width: 25%;\n    background-color: #fafafa;\n}\n\n.matcha-comparison-table tr:nth-child(even) td:first-child {\n    background-color: #fafafa;\n}\n\n.grade-header {\n    display: flex;\n    flex-direction: column;\n    gap: 4px;\n}\n\n.grade-name {\n    font-weight: 600;\n    font-size: 15px;\n    color: #1a1a1a;\n}\n\n.grade-type {\n    font-size: 12px;\n    color: #888;\n    font-weight: normal;\n    text-transform: uppercase;\n    letter-spacing: 0.5px;\n}\n\n.checkmark {\n    color: #22863a;\n    font-weight: bold;\n    font-size: 16px;\n}\n\n.xmark {\n    color: #cb2431;\n    font-weight: bold;\n    font-size: 16px;\n}\n\n.star {\n    color: #d4a574;\n    letter-spacing: 1px;\n}\n\n@media (max-width: 768px) {\n    .matcha-comparison-table {\n        font-size: 13px;\n    }\n    \n    .matcha-comparison-table th,\n    .matcha-comparison-table td {\n        padding: 12px;\n    }\n    \n    .grade-name {\n        font-size: 14px;\n    }\n}\n<\/style><table class=\"matcha-comparison-table\"><thead><tr><th>Feature<\/th><th><div class=\"grade-header\"><span class=\"grade-name\">Ceremonial<\/span><span class=\"grade-type\">Imperial Grade<\/span><\/div><\/th><th><div class=\"grade-header\"><span class=\"grade-name\">Premium<\/span><span class=\"grade-type\">2nd Flush<\/span><\/div><\/th><th><div class=\"grade-header\"><span class=\"grade-name\">Culinary<\/span><span class=\"grade-type\">3rd Flush<\/span><\/div><\/th><\/tr><\/thead><tbody><tr><td>Origin<\/td><td>Nishio, Aichi Prefecture<\/td><td>Shibushi City, Kagoshima Prefecture<\/td><td>Shibushi City, Kagoshima Prefecture<\/td><\/tr><tr><td>Harvest<\/td><td>April (1st flush)<\/td><td>June (2nd flush)<\/td><td>September (3rd flush)<\/td><\/tr><tr><td>Cultivars<\/td><td>Yabukita, Asahi, Saemidori, Samidori, Okumidori<\/td><td>Saemidori, Okumidori, Yutakamidori<\/td><td>Saemidori, Okumidori, Yutakamidori<\/td><\/tr><tr><td>Shading Period<\/td><td>3\u20134 weeks<\/td><td>3\u20134 weeks<\/td><td>3\u20134 weeks<\/td><\/tr><tr><td>Umami Level<\/td><td><span class=\"star\">\u2605\u2605\u2605\u2605\u2605<\/span><\/td><td><span class=\"star\">\u2605\u2605\u2605\u2605\u2606<\/span><\/td><td><span class=\"star\">\u2605\u2605\u2606\u2606\u2606<\/span><\/td><\/tr><tr><td>Aroma<\/td><td><span class=\"star\">\u2605\u2605\u2605\u2605\u2605<\/span><\/td><td><span class=\"star\">\u2605\u2605\u2605\u2606\u2606<\/span><\/td><td><span class=\"star\">\u2605\u2606\u2606\u2606\u2606<\/span><\/td><\/tr><tr><td>Bitterness<\/td><td><span class=\"star\">\u2605\u2606\u2606\u2606\u2606<\/span><\/td><td><span class=\"star\">\u2605\u2605\u2606\u2606\u2606<\/span><\/td><td><span class=\"star\">\u2605\u2605\u2605\u2606\u2606<\/span><\/td><\/tr><tr><td>Best For<\/td><td>Tea ceremonies, premium preparation<\/td><td>Lattes, versatile kitchen use<\/td><td>Daily lattes, desserts, entry-level<\/td><\/tr><\/tbody><\/table>\n\n<h2 class=\"wp-block-heading\">Fiyat ve \u00d6rnekler<\/h2>\n\n<p><a href=\"https:\/\/matchawholesale.eu\/products\/samples\/\">Numuneler<\/a> ve <a href=\"https:\/\/matchawholesale.eu\/products\/culinary-matcha-3rd-flush-mcu-2\/\">1 kg po\u015fetler<\/a> <a href=\"https:\/\/matchawholesale.eu\/tr\/\">hojichawholesale.eu<\/a> sat\u0131\u015fa sunulmaktad\u0131r.  <\/p>\n\n<p>B\u00fcy\u00fck sipari\u015f fiyatland\u0131rmas\u0131 ve kargo detaylar\u0131 i\u00e7in bizimle ileti\u015fime ge\u00e7in.<\/p>\n<p><div class=\"forminator-ui forminator-custom-form forminator-custom-form-1365 forminator-design--flat  forminator_ajax\" data-forminator-render=\"0\" data-form=\"forminator-module-1365\" data-uid=\"69f16a3d751ed\"><br\/><\/div><form\n\t\t\t\tid=\"forminator-module-1365\"\n\t\t\t\tclass=\"forminator-ui forminator-custom-form forminator-custom-form-1365 forminator-design--flat  forminator_ajax\"\n\t\t\t\tmethod=\"post\"\n\t\t\t\tdata-forminator-render=\"0\"\n\t\t\t\tdata-form-id=\"1365\"\n\t\t\t\t data-color-option=\"default\" data-design=\"flat\" data-grid=\"open\" style=\"display: none;\"\n\t\t\t\tdata-uid=\"69f16a3d751ed\"\n\t\t\t><div role=\"alert\" aria-live=\"polite\" class=\"forminator-response-message forminator-error\" aria-hidden=\"true\"><\/div><div class=\"forminator-row\"><div id=\"name-1\" class=\"forminator-field-name forminator-col forminator-col-6 \"><div class=\"forminator-field\"><input type=\"text\" name=\"name-1\" value=\"\" placeholder=\"First Name\" id=\"forminator-field-name-1_69f16a3d751ed\" class=\"forminator-input forminator-name--field\" aria-required=\"true\" autocomplete=\"name\" \/><\/div><\/div><div id=\"name-2\" class=\"forminator-field-name forminator-col forminator-col-6 \"><div class=\"forminator-field\"><input type=\"text\" name=\"name-2\" value=\"\" placeholder=\"Last Name\" id=\"forminator-field-name-2_69f16a3d751ed\" class=\"forminator-input forminator-name--field\" aria-required=\"true\" autocomplete=\"name\" \/><\/div><\/div><\/div><div class=\"forminator-row\"><div id=\"email-1\" class=\"forminator-field-email forminator-col forminator-col-12 \"><div class=\"forminator-field\"><input type=\"email\" name=\"email-1\" value=\"\" placeholder=\"Email\" id=\"forminator-field-email-1_69f16a3d751ed\" class=\"forminator-input forminator-email--field\" data-required=\"true\" aria-required=\"true\" autocomplete=\"email\" \/><\/div><\/div><\/div><div class=\"forminator-row\"><div id=\"phone-1\" class=\"forminator-field-phone forminator-col forminator-col-12 \"><div class=\"forminator-field\"><input type=\"text\" name=\"phone-1\" value=\"\" placeholder=\"Phone\" id=\"forminator-field-phone-1_69f16a3d751ed\" class=\"forminator-input forminator-field--phone\" data-required=\"\" aria-required=\"false\" autocomplete=\"off\" \/><\/div><\/div><\/div><div class=\"forminator-row\"><div id=\"textarea-1\" class=\"forminator-field-textarea forminator-col forminator-col-12 \"><div class=\"forminator-field\"><textarea name=\"textarea-1\" placeholder=\"Message\" id=\"forminator-field-textarea-1_69f16a3d751ed\" class=\"forminator-textarea\" rows=\"6\" style=\"--forminator-textarea-min-height:140px;\" ><\/textarea><span id=\"forminator-field-textarea-1_69f16a3d751ed-description\" class=\"forminator-description\"><span data-limit=\"300\" data-type=\"words\" data-editor=\"\">0 \/ 300<\/span><\/span><\/div><\/div><\/div><div class=\"forminator-row\"><\/div><input type=\"hidden\" name=\"referer_url\" value=\"\" \/><div class=\"forminator-row forminator-row-last\"><div class=\"forminator-col\"><div class=\"forminator-field\"><button class=\"forminator-button forminator-button-submit\">Send<\/button><\/div><\/div><\/div><input type=\"hidden\" id=\"forminator_nonce\" name=\"forminator_nonce\" value=\"25868f8b4b\" \/><input type=\"hidden\" name=\"_wp_http_referer\" value=\"\/tr\/wp-json\/wp\/v2\/pages\/12661\" \/><input type=\"hidden\" name=\"form_id\" value=\"1365\"><input type=\"hidden\" name=\"page_id\" value=\"12661\"><input type=\"hidden\" name=\"form_type\" value=\"default\"><input type=\"hidden\" name=\"current_url\" value=\"https:\/\/matchawholesale.eu\/tr\/matcha-mutfak-kalitesi-toptan\/\"><input type=\"hidden\" name=\"render_id\" value=\"0\"><input type=\"hidden\" name=\"action\" value=\"forminator_submit_form_custom-forms\"><label for=\"input_6\" class=\"forminator-hidden\" aria-hidden=\"true\">Please do not fill in this field. <input id=\"input_6\" type=\"text\" name=\"input_6\" value=\"\" autocomplete=\"off\"><\/label><\/form><\/p>\n\n<p><\/p>\n","protected":false},"excerpt":{"rendered":"<p>Matcha &#8211; Mutfak Kalitesi (Toptan) \u00dcr\u00fcn Tan\u0131m\u0131 Bu organik matcha Kagoshima Eyaleti&#8217;nden geliyor ve g\u00fcnl\u00fck kullan\u0131m i\u00e7in harika bir giri\u015f seviyesi se\u00e7ene\u011fidir. \u0130kinci ve \u00fc\u00e7\u00fcnc\u00fc yapraklardan yap\u0131lm\u0131\u015f olan bu yap\u0131, hafif bir ac\u0131l\u0131k ve taze bir koku ile birle\u015fiktir; latte, tatl\u0131 ve basit yiyecek fikirleri gibi rahat i\u00e7ecekler i\u00e7in idealdir. Kalite Derecelendirmeleri \u00d6zellikler Kar\u015f\u0131la\u015ft\u0131rma Feature [&hellip;]<\/p>\n","protected":false},"author":1,"featured_media":12610,"parent":0,"menu_order":0,"comment_status":"closed","ping_status":"closed","template":"","meta":{"footnotes":""},"class_list":["post-12661","page","type-page","status-publish","has-post-thumbnail","hentry","entry","has-media"],"_links":{"self":[{"href":"https:\/\/matchawholesale.eu\/tr\/wp-json\/wp\/v2\/pages\/12661","targetHints":{"allow":["GET"]}}],"collection":[{"href":"https:\/\/matchawholesale.eu\/tr\/wp-json\/wp\/v2\/pages"}],"about":[{"href":"https:\/\/matchawholesale.eu\/tr\/wp-json\/wp\/v2\/types\/page"}],"author":[{"embeddable":true,"href":"https:\/\/matchawholesale.eu\/tr\/wp-json\/wp\/v2\/users\/1"}],"replies":[{"embeddable":true,"href":"https:\/\/matchawholesale.eu\/tr\/wp-json\/wp\/v2\/comments?post=12661"}],"version-history":[{"count":4,"href":"https:\/\/matchawholesale.eu\/tr\/wp-json\/wp\/v2\/pages\/12661\/revisions"}],"predecessor-version":[{"id":13324,"href":"https:\/\/matchawholesale.eu\/tr\/wp-json\/wp\/v2\/pages\/12661\/revisions\/13324"}],"wp:featuredmedia":[{"embeddable":true,"href":"https:\/\/matchawholesale.eu\/tr\/wp-json\/wp\/v2\/media\/12610"}],"wp:attachment":[{"href":"https:\/\/matchawholesale.eu\/tr\/wp-json\/wp\/v2\/media?parent=12661"}],"curies":[{"name":"wp","href":"https:\/\/api.w.org\/{rel}","templated":true}]}}