{"id":12652,"date":"2026-01-26T13:13:22","date_gmt":"2026-01-26T13:13:22","guid":{"rendered":"https:\/\/matchawholesale.eu\/kafeler-icin-matcha\/"},"modified":"2026-04-06T07:15:16","modified_gmt":"2026-04-06T07:15:16","slug":"kafeler-icin-matcha","status":"publish","type":"page","link":"https:\/\/matchawholesale.eu\/tr\/kafeler-icin-matcha\/","title":{"rendered":"Kafeler i\u00e7in Matcha"},"content":{"rendered":"\n<h1 class=\"wp-block-heading\">Kafeler i\u00e7in Matcha<\/h1>\n\n<figure class=\"wp-block-image size-large\"><img fetchpriority=\"high\" decoding=\"async\" width=\"1024\" height=\"682\" src=\"https:\/\/matchawholesale.eu\/wp-content\/uploads\/2026\/01\/4-1024x682.jpg\" alt=\"Kafeler i&#xE7;in matcha latte\" class=\"wp-image-11203\" srcset=\"https:\/\/matchawholesale.eu\/wp-content\/uploads\/2026\/01\/4-1024x682.jpg 1024w, https:\/\/matchawholesale.eu\/wp-content\/uploads\/2026\/01\/4-300x200.jpg 300w, https:\/\/matchawholesale.eu\/wp-content\/uploads\/2026\/01\/4-768x512.jpg 768w, https:\/\/matchawholesale.eu\/wp-content\/uploads\/2026\/01\/4.jpg 1280w\" sizes=\"(max-width: 1024px) 100vw, 1024px\" \/><figcaption class=\"wp-element-caption\">Kafeler i\u00e7in matcha latte<\/figcaption><\/figure>\n\n<p>Matcha, i\u00e7eceklerinize sa\u011fl\u0131k, stil ve premium kalite kat\u0131yor. Kafenizin havas\u0131n\u0131 g\u00fc\u00e7lendirir ve m\u00fc\u015fterilerin enerjik ve sofistike hissetmesini sa\u011flar. <\/p>\n\n<p>Ayr\u0131ca y\u00fcksek seviye \u00e7ekicili\u011fi ve uygun \u00fcretim maliyetleriyle b\u00fcy\u00fck k\u00e2rlar sunuyor.<\/p>\n\n<p>Matcha toptan sat\u0131\u015f\u0131m\u0131z\u0131n kafenizin men\u00fcs\u00fc i\u00e7in neden m\u00fckemmel oldu\u011funu \u00f6\u011frenin.<\/p>\n\n<h2 class=\"wp-block-heading\">1. Taze, canl\u0131 tat<\/h2>\n\n<p>Matcha, tatl\u0131 ipu\u00e7lar\u0131 ve hafif ac\u0131 dokunu\u015fla canl\u0131, toprak gibi bir tat sunar. P\u00fcr\u00fczs\u00fcz ve dengeli profili, s\u0131radan \u00e7aylar veya kahvelerden farkl\u0131 m\u00fc\u015fterileri \u00e7eker. <\/p>\n\n<h2 class=\"wp-block-heading\">2. Nazik Enerji Art\u0131\u015f\u0131<\/h2>\n\n<p>G\u00f6lgede yeti\u015ftirilen matcha, \u00e7\u00f6kmeden odaklanmay\u0131 art\u0131ran sabit bir kafein art\u0131\u015f\u0131 sa\u011flar. G\u00fcn i\u00e7inde sakin bir enerji almas\u0131 isteyen m\u00fc\u015fteriler i\u00e7in idealdir. <\/p>\n\n<h2 class=\"wp-block-heading\">3. Sa\u011fl\u0131\u011fa Odakl\u0131 Se\u00e7enek<\/h2>\n\n<p>\u0130nsanlar daha sa\u011fl\u0131kl\u0131 se\u00e7imler ararken matcha antioksidanlar sa\u011flar, sindirimi destekler, stresi azalt\u0131r ve enerjiyi art\u0131r\u0131r. Wellness tutkunlar\u0131n\u0131, \u00f6\u011frencileri ve yo\u011fun \u00e7al\u0131\u015fanlar\u0131 kendine \u00e7ekiyor. <\/p>\n\n<h2 class=\"wp-block-heading\">4. Hizmet Etmenin Bir\u00e7ok Yolu<\/h2>\n\n<p>Matcha&#8217;y\u0131 s\u0131cak veya buzlu olarak, latte, smoothie veya f\u0131r\u0131n mavisi halinde servis edin. \u00dcr\u00fcn yelpazesi, yarat\u0131c\u0131 i\u00e7ecekler ve ikramlar i\u00e7in ilham vererek koleksiyonunuza yeni fikirler kat\u0131yor. <\/p>\n\n<h2 class=\"wp-block-heading\">5. Pop\u00fcler Tercih<\/h2>\n\n<p>Matcha Avrupa&#8217;da b\u00fcy\u00fck bir trend. Dahil etmek, misafirleri memnun eden ve sadakat kazand\u0131ran trendik, \u00f6ne \u00e7\u0131kan bir se\u00e7enekle kafenizi di\u011ferlerinden ayr\u0131l\u0131r. <\/p>\n\n<h2 class=\"wp-block-heading\">6. Satmak Kolay<\/h2>\n\n<p>Matcha&#8217;n\u0131n hikayesi, ger\u00e7ek Japon k\u00f6klerinden sa\u011fl\u0131k faydalar\u0131na kadar kolay pazarlama ba\u011flant\u0131lar\u0131 sunuyor. D\u00fc\u015f\u00fck ba\u015flang\u0131\u00e7 maliyetleri, kazan\u00e7lar\u0131n\u0131z\u0131 iyi kontrol etmenize yard\u0131mc\u0131 olur. <\/p>\n\n<h2 class=\"wp-block-heading\">Toptan Avantajlar\u0131m\u0131z<\/h2>\n\n<p>Matcha&#8217;y\u0131 Japonya&#8217;dan do\u011frudan 1 kg a\u011f\u0131rl\u0131\u011f\u0131nda yeniden kapat\u0131labilir po\u015fetlerde teslim ediyoruz, b\u00f6ylece basit depolama ve kal\u0131c\u0131 tazelik sa\u011flan\u0131yor. Minimum sipari\u015f sadece 1 kg, bu y\u00fczden denemesi kolay. Markas\u0131z ambalaj gereksiz masraflar\u0131 azalt\u0131r ve kafeniz i\u00e7in i\u015fi kolayla\u015ft\u0131r\u0131r.  <\/p>\n\n<h2 class=\"wp-block-heading\">\u00d6rnek \u0130ste Et<\/h2>\n\n<p>En kaliteli matcha&#8217;m\u0131z\u0131n cesur ve taze tad\u0131n\u0131 denemek i\u00e7in heyecanl\u0131 m\u0131s\u0131n\u0131z?<\/p>\n\n<p>A\u015fa\u011f\u0131da bilgilerinizi payla\u015f\u0131n, biz de bir \u00f6rnek g\u00f6nderelim. \u00d6zel isteklerinizi bize bildirin, biz de kurulumunuza g\u00f6re \u00f6zelle\u015ftirelim. <\/p>\n<p><div class=\"forminator-ui forminator-custom-form forminator-custom-form-1365 forminator-design--flat  forminator_ajax\" data-forminator-render=\"0\" data-form=\"forminator-module-1365\" data-uid=\"69f16a0987ea9\"><br\/><\/div><form\n\t\t\t\tid=\"forminator-module-1365\"\n\t\t\t\tclass=\"forminator-ui forminator-custom-form forminator-custom-form-1365 forminator-design--flat  forminator_ajax\"\n\t\t\t\tmethod=\"post\"\n\t\t\t\tdata-forminator-render=\"0\"\n\t\t\t\tdata-form-id=\"1365\"\n\t\t\t\t data-color-option=\"default\" data-design=\"flat\" data-grid=\"open\" style=\"display: none;\"\n\t\t\t\tdata-uid=\"69f16a0987ea9\"\n\t\t\t><div role=\"alert\" aria-live=\"polite\" class=\"forminator-response-message forminator-error\" aria-hidden=\"true\"><\/div><div class=\"forminator-row\"><div id=\"name-1\" class=\"forminator-field-name forminator-col forminator-col-6 \"><div class=\"forminator-field\"><input type=\"text\" name=\"name-1\" value=\"\" placeholder=\"First Name\" id=\"forminator-field-name-1_69f16a0987ea9\" class=\"forminator-input forminator-name--field\" aria-required=\"true\" autocomplete=\"name\" \/><\/div><\/div><div id=\"name-2\" class=\"forminator-field-name forminator-col forminator-col-6 \"><div class=\"forminator-field\"><input type=\"text\" name=\"name-2\" value=\"\" placeholder=\"Last Name\" id=\"forminator-field-name-2_69f16a0987ea9\" class=\"forminator-input forminator-name--field\" aria-required=\"true\" autocomplete=\"name\" \/><\/div><\/div><\/div><div class=\"forminator-row\"><div id=\"email-1\" class=\"forminator-field-email forminator-col forminator-col-12 \"><div class=\"forminator-field\"><input type=\"email\" name=\"email-1\" value=\"\" placeholder=\"Email\" id=\"forminator-field-email-1_69f16a0987ea9\" class=\"forminator-input forminator-email--field\" data-required=\"true\" aria-required=\"true\" autocomplete=\"email\" \/><\/div><\/div><\/div><div class=\"forminator-row\"><div id=\"phone-1\" class=\"forminator-field-phone forminator-col forminator-col-12 \"><div class=\"forminator-field\"><input type=\"text\" name=\"phone-1\" value=\"\" placeholder=\"Phone\" id=\"forminator-field-phone-1_69f16a0987ea9\" class=\"forminator-input forminator-field--phone\" data-required=\"\" aria-required=\"false\" autocomplete=\"off\" \/><\/div><\/div><\/div><div class=\"forminator-row\"><div id=\"textarea-1\" class=\"forminator-field-textarea forminator-col forminator-col-12 \"><div class=\"forminator-field\"><textarea name=\"textarea-1\" placeholder=\"Message\" id=\"forminator-field-textarea-1_69f16a0987ea9\" class=\"forminator-textarea\" rows=\"6\" style=\"--forminator-textarea-min-height:140px;\" ><\/textarea><span id=\"forminator-field-textarea-1_69f16a0987ea9-description\" class=\"forminator-description\"><span data-limit=\"300\" data-type=\"words\" data-editor=\"\">0 \/ 300<\/span><\/span><\/div><\/div><\/div><div class=\"forminator-row\"><\/div><input type=\"hidden\" name=\"referer_url\" value=\"\" \/><div class=\"forminator-row forminator-row-last\"><div class=\"forminator-col\"><div class=\"forminator-field\"><button class=\"forminator-button forminator-button-submit\">Send<\/button><\/div><\/div><\/div><input type=\"hidden\" id=\"forminator_nonce\" name=\"forminator_nonce\" value=\"25868f8b4b\" \/><input type=\"hidden\" name=\"_wp_http_referer\" value=\"\/tr\/wp-json\/wp\/v2\/pages\/12652\" \/><input type=\"hidden\" name=\"form_id\" value=\"1365\"><input type=\"hidden\" name=\"page_id\" value=\"12652\"><input type=\"hidden\" name=\"form_type\" value=\"default\"><input type=\"hidden\" name=\"current_url\" value=\"https:\/\/matchawholesale.eu\/tr\/kafeler-icin-matcha\/\"><input type=\"hidden\" name=\"render_id\" value=\"0\"><input type=\"hidden\" name=\"action\" value=\"forminator_submit_form_custom-forms\"><label for=\"input_6\" class=\"forminator-hidden\" aria-hidden=\"true\">Please do not fill in this field. <input id=\"input_6\" type=\"text\" name=\"input_6\" value=\"\" autocomplete=\"off\"><\/label><\/form><\/p>\n\n<p><\/p>\n","protected":false},"excerpt":{"rendered":"<p>Kafeler i\u00e7in Matcha Matcha, i\u00e7eceklerinize sa\u011fl\u0131k, stil ve premium kalite kat\u0131yor. Kafenizin havas\u0131n\u0131 g\u00fc\u00e7lendirir ve m\u00fc\u015fterilerin enerjik ve sofistike hissetmesini sa\u011flar. Ayr\u0131ca y\u00fcksek seviye \u00e7ekicili\u011fi ve uygun \u00fcretim maliyetleriyle b\u00fcy\u00fck k\u00e2rlar sunuyor. Matcha toptan sat\u0131\u015f\u0131m\u0131z\u0131n kafenizin men\u00fcs\u00fc i\u00e7in neden m\u00fckemmel oldu\u011funu \u00f6\u011frenin. 1. Taze, canl\u0131 tat Matcha, tatl\u0131 ipu\u00e7lar\u0131 ve hafif ac\u0131 dokunu\u015fla canl\u0131, toprak [&hellip;]<\/p>\n","protected":false},"author":1,"featured_media":12654,"parent":0,"menu_order":0,"comment_status":"closed","ping_status":"closed","template":"","meta":{"footnotes":""},"class_list":["post-12652","page","type-page","status-publish","has-post-thumbnail","hentry","entry","has-media"],"_links":{"self":[{"href":"https:\/\/matchawholesale.eu\/tr\/wp-json\/wp\/v2\/pages\/12652","targetHints":{"allow":["GET"]}}],"collection":[{"href":"https:\/\/matchawholesale.eu\/tr\/wp-json\/wp\/v2\/pages"}],"about":[{"href":"https:\/\/matchawholesale.eu\/tr\/wp-json\/wp\/v2\/types\/page"}],"author":[{"embeddable":true,"href":"https:\/\/matchawholesale.eu\/tr\/wp-json\/wp\/v2\/users\/1"}],"replies":[{"embeddable":true,"href":"https:\/\/matchawholesale.eu\/tr\/wp-json\/wp\/v2\/comments?post=12652"}],"version-history":[{"count":1,"href":"https:\/\/matchawholesale.eu\/tr\/wp-json\/wp\/v2\/pages\/12652\/revisions"}],"predecessor-version":[{"id":12658,"href":"https:\/\/matchawholesale.eu\/tr\/wp-json\/wp\/v2\/pages\/12652\/revisions\/12658"}],"wp:featuredmedia":[{"embeddable":true,"href":"https:\/\/matchawholesale.eu\/tr\/wp-json\/wp\/v2\/media\/12654"}],"wp:attachment":[{"href":"https:\/\/matchawholesale.eu\/tr\/wp-json\/wp\/v2\/media?parent=12652"}],"curies":[{"name":"wp","href":"https:\/\/api.w.org\/{rel}","templated":true}]}}