{"id":12635,"date":"2026-01-14T20:20:38","date_gmt":"2026-01-14T20:20:38","guid":{"rendered":"https:\/\/matchawholesale.eu\/urunler\/"},"modified":"2026-04-06T07:15:16","modified_gmt":"2026-04-06T07:15:16","slug":"urunler","status":"publish","type":"page","link":"https:\/\/matchawholesale.eu\/tr\/urunler\/","title":{"rendered":"\u00dcr\u00fcnler"},"content":{"rendered":"\n<h1 class=\"wp-block-heading\">Her i\u015fletme ihtiyac\u0131 i\u00e7in harika e\u015fle\u015fme<\/h1>\n\n<figure class=\"wp-block-image size-large\"><img fetchpriority=\"high\" decoding=\"async\" width=\"1024\" height=\"683\" src=\"https:\/\/matchawholesale.eu\/wp-content\/uploads\/2026\/01\/10-1024x683.jpg\" alt=\"Matcha i&#xE7;in &#xE7;ay tarlalar&#x131;\" class=\"wp-image-11221\" srcset=\"https:\/\/matchawholesale.eu\/wp-content\/uploads\/2026\/01\/10-1024x683.jpg 1024w, https:\/\/matchawholesale.eu\/wp-content\/uploads\/2026\/01\/10-300x200.jpg 300w, https:\/\/matchawholesale.eu\/wp-content\/uploads\/2026\/01\/10-768x512.jpg 768w, https:\/\/matchawholesale.eu\/wp-content\/uploads\/2026\/01\/10.jpg 1200w\" sizes=\"(max-width: 1024px) 100vw, 1024px\" \/><figcaption class=\"wp-element-caption\">Matcha i\u00e7in \u00e7ay tarlalar\u0131<\/figcaption><\/figure>\n\n<p>Matcha Wholesale, Japon \u00e7ay fabrikalar\u0131 ile Avrupa pazar\u0131 aras\u0131ndaki k\u00f6pr\u00fcy\u00fc olu\u015fturuyor. \u0130ster t\u00f6rensel m\u00fckemmellik arayan bir butik kafe sahibi olun, ister y\u00fcksek hacimli malzemeler isteyen b\u00fcy\u00fck \u00f6l\u00e7ekli bir \u00fcretici olun, se\u00e7ilmi\u015f matcha se\u00e7kimiz m\u00fckemmel bir \u00e7\u00f6z\u00fcm sunar. <\/p>\n\n<hr class=\"wp-block-separator has-alpha-channel-opacity\"\/>\n\n<h2 class=\"wp-block-heading\">Matcha Se\u00e7imimiz<\/h2>\n\n<p>\u00dcr\u00fcnleriniz i\u00e7in gereken tam aroma profilini ve renk yo\u011funlu\u011funu bulman\u0131z\u0131 sa\u011flamak i\u00e7in kapsaml\u0131 bir s\u0131n\u0131f yelpazesi sunuyoruz:<\/p>\n\n<ul class=\"wp-block-list\">\n<li><strong>Organik ve Geleneksel:<\/strong> Sentetik pestisitler olmadan yeti\u015ftirilen sertifikal\u0131 organik \u00fcr\u00fcn \u00e7e\u015fitlerimizden veya y\u00fcksek kaliteli geleneksel se\u00e7eneklerimizden se\u00e7im yapabilirsiniz.<\/li>\n\n\n\n<li><strong><a href=\"https:\/\/matchawholesale.eu\/matcha-ceremonial-imperial-grade-wholesale\/\" data-type=\"link\" data-id=\"https:\/\/matchawholesale.eu\/matcha-ceremonial-imperial-grade-wholesale\/\">T\u00f6ren Derecesi<\/a>:<\/strong> Erken ilkbaharda hasat edilen bu yapraklar, canl\u0131 bir ye\u015fil ton ve narin, umami a\u00e7\u0131s\u0131ndan zengin bir tat sunar; geleneksel haz\u0131rl\u0131k veya premium latte i\u00e7in idealdir.<\/li>\n\n\n\n<li><strong><a href=\"https:\/\/matchawholesale.eu\/tr\/matcha-premium-grade-toptan\/\" data-type=\"link\" data-id=\"https:\/\/matchawholesale.eu\/matcha-premium-grade-wholesale\/\">Premium S\u0131n\u0131f<\/a>:<\/strong> Sezonun ilerleyen d\u00f6nemlerinde hasat edilen sa\u011flam ve dengeli bir \u00e7ay. G\u00fc\u00e7l\u00fc bir &#8220;ye\u015fil&#8221; tad\u0131 koruyor ve di\u011fer malzemelerle kar\u0131\u015ft\u0131r\u0131ld\u0131\u011f\u0131nda harika bir \u015fekilde korunur. <\/li>\n\n\n\n<li><strong><a href=\"https:\/\/matchawholesale.eu\/matcha-culinary-grade-wholesale\/\" data-type=\"link\" data-id=\"https:\/\/matchawholesale.eu\/matcha-culinary-grade-wholesale\/\">Mutfak Derecesi<\/a>:<\/strong> \u00d6zellikle f\u0131r\u0131n ve pi\u015firme i\u00e7in tasarlanm\u0131\u015f, \u00e7ikolatalar, dondurmalar ve hamur i\u015fleri i\u00e7in gereken kendine \u00f6zg\u00fc matcha karakterini sa\u011flar.<\/li>\n<\/ul>\n\n<hr class=\"wp-block-separator has-alpha-channel-opacity\"\/>\n\n<h2 class=\"wp-block-heading\">Sekt\u00f6rlere G\u00f6re \u00c7\u00f6z\u00fcmler<\/h2>\n\n<h3 class=\"wp-block-heading\"><strong>Kafeler ve Konaklama \u0130\u00e7in<\/strong> <\/h3>\n\n<p>Kar\u0131\u015f\u0131mlar\u0131m\u0131z, \u00f6zellikleri ve s\u00fct ve bitki bazl\u0131 s\u00fctlerle m\u00fckemmel uyum sa\u011flama yetenekleri nedeniyle se\u00e7ilir; b\u00f6ylece her seferinde p\u00fcr\u00fczs\u00fcz, topaks\u0131z bir latte elde edilir.<\/p>\n\n<h3 class=\"wp-block-heading\"><strong>End\u00fcstriyel Uygulamalar ve \u00dcretim \u0130\u00e7in<\/strong> <\/h3>\n\n<p>G\u0131da ve i\u00e7ecek end\u00fcstrisi i\u00e7in \u00f6l\u00e7eklenebilir \u00e7\u00f6z\u00fcmler sunuyoruz. Birinci <strong>s\u0131n\u0131f Japon k\u00f6kenlerimizin<\/strong> yan\u0131 s\u0131ra, end\u00fcstriyel kullan\u0131m i\u00e7in \u00f6zel olarak temin <strong>edilen y\u00fcksek kaliteli \u00c7in matchas\u0131n\u0131<\/strong> da sunuyoruz. Bu, takviyeler, kitlesel \u015fi\u015fe i\u00e7ecekler ve g\u0131da i\u015fleme \u00fcretimi i\u00e7in maliyet etkin ve g\u00fcvenilir bir bile\u015fen sa\u011flar.  <\/p>\n\n<hr class=\"wp-block-separator has-alpha-channel-opacity\"\/>\n\n<h2 class=\"wp-block-heading\">Neden bizimle ortakl\u0131k kurars\u0131n\u0131z?<\/h2>\n\n<ul class=\"wp-block-list\">\n<li><strong>Do\u011frudan Kaynak Kullan\u0131m\u0131:<\/strong> Arac\u0131lar\u0131 ortadan kald\u0131r\u0131p k\u0131tadaki en iyi toptan fiyatlar\u0131 size sunuyoruz.<\/li>\n\n\n\n<li><strong>Bel\u00e7ika merkezli lojistik:<\/strong> AB ve Schengen B\u00f6lgesi genelinde h\u0131zl\u0131 ve g\u00fcvenilir sevkiyat.<\/li>\n\n\n\n<li><strong>S\u00fcrekli Destek:<\/strong> \u00d6rneklerden \u00f6zel toptan hacimlere kadar, tekliflerimizi i\u015f modelinize g\u00f6re uyarl\u0131yoruz.<\/li>\n<\/ul>\n\n<p>Envanterinizi y\u00fckseltmeye haz\u0131r m\u0131s\u0131n\u0131z?<\/p>\n\n<p>Bug\u00fcn bizimle ileti\u015fime ge\u00e7in!<\/p>\n<p><div class=\"forminator-ui forminator-custom-form forminator-custom-form-1365 forminator-design--flat  forminator_ajax\" data-forminator-render=\"0\" data-form=\"forminator-module-1365\" data-uid=\"69f16a37495a7\"><br\/><\/div><form\n\t\t\t\tid=\"forminator-module-1365\"\n\t\t\t\tclass=\"forminator-ui forminator-custom-form forminator-custom-form-1365 forminator-design--flat  forminator_ajax\"\n\t\t\t\tmethod=\"post\"\n\t\t\t\tdata-forminator-render=\"0\"\n\t\t\t\tdata-form-id=\"1365\"\n\t\t\t\t data-color-option=\"default\" data-design=\"flat\" data-grid=\"open\" style=\"display: none;\"\n\t\t\t\tdata-uid=\"69f16a37495a7\"\n\t\t\t><div role=\"alert\" aria-live=\"polite\" class=\"forminator-response-message forminator-error\" aria-hidden=\"true\"><\/div><div class=\"forminator-row\"><div id=\"name-1\" class=\"forminator-field-name forminator-col forminator-col-6 \"><div class=\"forminator-field\"><input type=\"text\" name=\"name-1\" value=\"\" placeholder=\"First Name\" id=\"forminator-field-name-1_69f16a37495a7\" class=\"forminator-input forminator-name--field\" aria-required=\"true\" autocomplete=\"name\" \/><\/div><\/div><div id=\"name-2\" class=\"forminator-field-name forminator-col forminator-col-6 \"><div class=\"forminator-field\"><input type=\"text\" name=\"name-2\" value=\"\" placeholder=\"Last Name\" id=\"forminator-field-name-2_69f16a37495a7\" class=\"forminator-input forminator-name--field\" aria-required=\"true\" autocomplete=\"name\" \/><\/div><\/div><\/div><div class=\"forminator-row\"><div id=\"email-1\" class=\"forminator-field-email forminator-col forminator-col-12 \"><div class=\"forminator-field\"><input type=\"email\" name=\"email-1\" value=\"\" placeholder=\"Email\" id=\"forminator-field-email-1_69f16a37495a7\" class=\"forminator-input forminator-email--field\" data-required=\"true\" aria-required=\"true\" autocomplete=\"email\" \/><\/div><\/div><\/div><div class=\"forminator-row\"><div id=\"phone-1\" class=\"forminator-field-phone forminator-col forminator-col-12 \"><div class=\"forminator-field\"><input type=\"text\" name=\"phone-1\" value=\"\" placeholder=\"Phone\" id=\"forminator-field-phone-1_69f16a37495a7\" class=\"forminator-input forminator-field--phone\" data-required=\"\" aria-required=\"false\" autocomplete=\"off\" \/><\/div><\/div><\/div><div class=\"forminator-row\"><div id=\"textarea-1\" class=\"forminator-field-textarea forminator-col forminator-col-12 \"><div class=\"forminator-field\"><textarea name=\"textarea-1\" placeholder=\"Message\" id=\"forminator-field-textarea-1_69f16a37495a7\" class=\"forminator-textarea\" rows=\"6\" style=\"--forminator-textarea-min-height:140px;\" ><\/textarea><span id=\"forminator-field-textarea-1_69f16a37495a7-description\" class=\"forminator-description\"><span data-limit=\"300\" data-type=\"words\" data-editor=\"\">0 \/ 300<\/span><\/span><\/div><\/div><\/div><div class=\"forminator-row\"><\/div><input type=\"hidden\" name=\"referer_url\" value=\"\" \/><div class=\"forminator-row forminator-row-last\"><div class=\"forminator-col\"><div class=\"forminator-field\"><button class=\"forminator-button forminator-button-submit\">Send<\/button><\/div><\/div><\/div><input type=\"hidden\" id=\"forminator_nonce\" name=\"forminator_nonce\" value=\"25868f8b4b\" \/><input type=\"hidden\" name=\"_wp_http_referer\" value=\"\/tr\/wp-json\/wp\/v2\/pages\/12635\" \/><input type=\"hidden\" name=\"form_id\" value=\"1365\"><input type=\"hidden\" name=\"page_id\" value=\"12635\"><input type=\"hidden\" name=\"form_type\" value=\"default\"><input type=\"hidden\" name=\"current_url\" value=\"https:\/\/matchawholesale.eu\/tr\/urunler\/\"><input type=\"hidden\" name=\"render_id\" value=\"0\"><input type=\"hidden\" name=\"action\" value=\"forminator_submit_form_custom-forms\"><label for=\"input_6\" class=\"forminator-hidden\" aria-hidden=\"true\">Please do not fill in this field. <input id=\"input_6\" type=\"text\" name=\"input_6\" value=\"\" autocomplete=\"off\"><\/label><\/form><\/p>\n","protected":false},"excerpt":{"rendered":"<p>Her i\u015fletme ihtiyac\u0131 i\u00e7in harika e\u015fle\u015fme Matcha Wholesale, Japon \u00e7ay fabrikalar\u0131 ile Avrupa pazar\u0131 aras\u0131ndaki k\u00f6pr\u00fcy\u00fc olu\u015fturuyor. \u0130ster t\u00f6rensel m\u00fckemmellik arayan bir butik kafe sahibi olun, ister y\u00fcksek hacimli malzemeler isteyen b\u00fcy\u00fck \u00f6l\u00e7ekli bir \u00fcretici olun, se\u00e7ilmi\u015f matcha se\u00e7kimiz m\u00fckemmel bir \u00e7\u00f6z\u00fcm sunar. Matcha Se\u00e7imimiz \u00dcr\u00fcnleriniz i\u00e7in gereken tam aroma profilini ve renk yo\u011funlu\u011funu bulman\u0131z\u0131 [&hellip;]<\/p>\n","protected":false},"author":1,"featured_media":12637,"parent":0,"menu_order":0,"comment_status":"closed","ping_status":"closed","template":"","meta":{"footnotes":""},"class_list":["post-12635","page","type-page","status-publish","has-post-thumbnail","hentry","entry","has-media"],"_links":{"self":[{"href":"https:\/\/matchawholesale.eu\/tr\/wp-json\/wp\/v2\/pages\/12635","targetHints":{"allow":["GET"]}}],"collection":[{"href":"https:\/\/matchawholesale.eu\/tr\/wp-json\/wp\/v2\/pages"}],"about":[{"href":"https:\/\/matchawholesale.eu\/tr\/wp-json\/wp\/v2\/types\/page"}],"author":[{"embeddable":true,"href":"https:\/\/matchawholesale.eu\/tr\/wp-json\/wp\/v2\/users\/1"}],"replies":[{"embeddable":true,"href":"https:\/\/matchawholesale.eu\/tr\/wp-json\/wp\/v2\/comments?post=12635"}],"version-history":[{"count":1,"href":"https:\/\/matchawholesale.eu\/tr\/wp-json\/wp\/v2\/pages\/12635\/revisions"}],"predecessor-version":[{"id":12639,"href":"https:\/\/matchawholesale.eu\/tr\/wp-json\/wp\/v2\/pages\/12635\/revisions\/12639"}],"wp:featuredmedia":[{"embeddable":true,"href":"https:\/\/matchawholesale.eu\/tr\/wp-json\/wp\/v2\/media\/12637"}],"wp:attachment":[{"href":"https:\/\/matchawholesale.eu\/tr\/wp-json\/wp\/v2\/media?parent=12635"}],"curies":[{"name":"wp","href":"https:\/\/api.w.org\/{rel}","templated":true}]}}