{"id":12619,"date":"2024-10-12T09:58:42","date_gmt":"2024-10-12T09:58:42","guid":{"rendered":"https:\/\/matchawholesale.eu\/oteller-ve-restoranlar-icin-matcha\/"},"modified":"2026-04-06T07:15:09","modified_gmt":"2026-04-06T07:15:09","slug":"oteller-ve-restoranlar-icin-matcha","status":"publish","type":"page","link":"https:\/\/matchawholesale.eu\/tr\/oteller-ve-restoranlar-icin-matcha\/","title":{"rendered":"Oteller ve Restoranlar i\u00e7in Matcha"},"content":{"rendered":"\n<h1 class=\"wp-block-heading\">Oteller ve Restoranlar i\u00e7in Matcha<\/h1>\n\n<figure class=\"wp-block-image size-large\"><img fetchpriority=\"high\" decoding=\"async\" width=\"1024\" height=\"683\" src=\"https:\/\/matchawholesale.eu\/wp-content\/uploads\/2026\/01\/5-1024x683.jpg\" alt=\"Oteller ve restoranlar i&#xE7;in matcha\" class=\"wp-image-11217\" srcset=\"https:\/\/matchawholesale.eu\/wp-content\/uploads\/2026\/01\/5-1024x683.jpg 1024w, https:\/\/matchawholesale.eu\/wp-content\/uploads\/2026\/01\/5-300x200.jpg 300w, https:\/\/matchawholesale.eu\/wp-content\/uploads\/2026\/01\/5-768x512.jpg 768w, https:\/\/matchawholesale.eu\/wp-content\/uploads\/2026\/01\/5.jpg 1200w\" sizes=\"(max-width: 1024px) 100vw, 1024px\" \/><figcaption class=\"wp-element-caption\">Oteller ve restoranlar i\u00e7in matcha<\/figcaption><\/figure>\n\n<p>Matcha, m\u00fc\u015fterilerinin ihtiya\u00e7lar\u0131n\u0131 kar\u015f\u0131lamak isteyen her otel veya restoran i\u00e7in mutlaka bir \u00fcr\u00fcnd\u00fcr.<\/p>\n\n<p>Matcha Wholesen&#8217;in otel veya restoran men\u00fcs\u00fc i\u00e7in neden ideal oldu\u011funu ke\u015ffedin.<\/p>\n\n<h2 class=\"wp-block-heading\">1. Taze, canl\u0131 tat<\/h2>\n\n<p>Matcha, tatl\u0131l\u0131k ipu\u00e7lar\u0131 ve hafif bir ac\u0131 nota ta\u015f\u0131yan canl\u0131, toprak tad\u0131 sunuyor. P\u00fcr\u00fczs\u00fcz ve dengeli profili \u00e7e\u015fitli damak zevklerine hitap ederek standart ye\u015fil \u00e7aylardan ayr\u0131l\u0131r. <\/p>\n\n<h2 class=\"wp-block-heading\">2. Nazik Enerji Art\u0131\u015f\u0131<\/h2>\n\n<p>G\u00f6lgede yeti\u015ftirilen matcha, odaklanmay\u0131 keskinle\u015ftiren sabit bir kafein art\u0131\u015f\u0131 sa\u011flar ve teredd\u00fct olmadan. Her saatte sakin bir enerji isteyen misafirler i\u00e7in m\u00fckemmel. <\/p>\n\n<h2 class=\"wp-block-heading\">3. Sa\u011fl\u0131\u011fa Odakl\u0131 Se\u00e7enek<\/h2>\n\n<p>Daha iyi se\u00e7enekler arayan m\u00fc\u015fteriler i\u00e7in matcha antioksidanlar sa\u011flar, sindirimi destekler, stresi azalt\u0131r ve enerjiyi destekler. Wellness tutkunlar\u0131n\u0131, aileleri ve hareket halindeki profesyonelleri \u00e7eker. <\/p>\n\n<h2 class=\"wp-block-heading\">4. Hizmet Etmenin Bir\u00e7ok Yolu<\/h2>\n\n<p>Matcha&#8217;y\u0131 s\u0131cak ya da so\u011fuk olarak, lattelerde, kokteyllerde veya tatl\u0131larda kullan\u0131n. Esnekli\u011fi men\u00fc yarat\u0131c\u0131l\u0131\u011f\u0131n\u0131 ate\u015fler ve se\u00e7imlerinize benzersiz bir hava kat\u0131r. <\/p>\n\n<h2 class=\"wp-block-heading\">5. Pop\u00fcler Tercih<\/h2>\n\n<p>Matcha Avrupa&#8217;da \u00f6nemli bir trenddir. Eklemek, ziyaret\u00e7ileri b\u00fcy\u00fcleyen ve itibar\u0131n\u0131z\u0131 g\u00fc\u00e7lendiren y\u00fcksek seviyeli, unutulmaz bir se\u00e7enekle mekan\u0131n\u0131z\u0131 farkl\u0131la\u015ft\u0131r\u0131r. <\/p>\n\n<h2 class=\"wp-block-heading\">6. Satmak Kolay<\/h2>\n\n<p>Matcha&#8217;n\u0131n cazibesi, otantik Japon gelene\u011finden sa\u011fl\u0131k avantajlar\u0131na kadar pazarlama a\u00e7\u0131lar\u0131n\u0131 a\u00e7\u0131yor. D\u00fc\u015f\u00fck temel maliyetler, k\u00e2r\u0131 etkili bir \u015fekilde y\u00f6netmenizi sa\u011flar. <\/p>\n\n<h2 class=\"wp-block-heading\">Toptan Avantajlar\u0131m\u0131z<\/h2>\n\n<p>Matcha&#8217;y\u0131 Japonya&#8217;dan do\u011frudan 1 kg a\u011f\u0131rl\u0131\u011f\u0131nda yeniden kapat\u0131labilir po\u015fetlerde sa\u011fl\u0131yoruz, b\u00f6ylece kolay saklama ve taze oluyor. Minimum sipari\u015f sadece 1 kg, bu da ba\u015flamay\u0131 kolayla\u015ft\u0131r\u0131yor. Ambalaj, ekstra maliyetleri azaltmak ve i\u015finizi kolayla\u015ft\u0131rmak i\u00e7in markas\u0131zd\u0131r.  <\/p>\n\n<h2 class=\"wp-block-heading\">\u00d6rnek \u0130ste Et<\/h2>\n\n<p>Premium matcha&#8217;m\u0131z\u0131n cesur ve taze \u00f6z\u00fcn\u00fc deneyimlemeye haz\u0131r m\u0131s\u0131n\u0131z?<\/p>\n\n<p>A\u015fa\u011f\u0131ya bilgilerinizi ekleyin, biz de bir \u00f6rnek g\u00f6nderelim. \u00d6zel ihtiya\u00e7lar\u0131n\u0131z hakk\u0131nda bize bilgi verin, operasyonlar\u0131n\u0131za g\u00f6re ayarlama yapal\u0131m. <\/p>\n<p><div class=\"forminator-ui forminator-custom-form forminator-custom-form-1365 forminator-design--flat  forminator_ajax\" data-forminator-render=\"0\" data-form=\"forminator-module-1365\" data-uid=\"69f1588e5de2d\"><br\/><\/div><form\n\t\t\t\tid=\"forminator-module-1365\"\n\t\t\t\tclass=\"forminator-ui forminator-custom-form forminator-custom-form-1365 forminator-design--flat  forminator_ajax\"\n\t\t\t\tmethod=\"post\"\n\t\t\t\tdata-forminator-render=\"0\"\n\t\t\t\tdata-form-id=\"1365\"\n\t\t\t\t data-color-option=\"default\" data-design=\"flat\" data-grid=\"open\" style=\"display: none;\"\n\t\t\t\tdata-uid=\"69f1588e5de2d\"\n\t\t\t><div role=\"alert\" aria-live=\"polite\" class=\"forminator-response-message forminator-error\" aria-hidden=\"true\"><\/div><div class=\"forminator-row\"><div id=\"name-1\" class=\"forminator-field-name forminator-col forminator-col-6 \"><div class=\"forminator-field\"><input type=\"text\" name=\"name-1\" value=\"\" placeholder=\"First Name\" id=\"forminator-field-name-1_69f1588e5de2d\" class=\"forminator-input forminator-name--field\" aria-required=\"true\" autocomplete=\"name\" \/><\/div><\/div><div id=\"name-2\" class=\"forminator-field-name forminator-col forminator-col-6 \"><div class=\"forminator-field\"><input type=\"text\" name=\"name-2\" value=\"\" placeholder=\"Last Name\" id=\"forminator-field-name-2_69f1588e5de2d\" class=\"forminator-input forminator-name--field\" aria-required=\"true\" autocomplete=\"name\" \/><\/div><\/div><\/div><div class=\"forminator-row\"><div id=\"email-1\" class=\"forminator-field-email forminator-col forminator-col-12 \"><div class=\"forminator-field\"><input type=\"email\" name=\"email-1\" value=\"\" placeholder=\"Email\" id=\"forminator-field-email-1_69f1588e5de2d\" class=\"forminator-input forminator-email--field\" data-required=\"true\" aria-required=\"true\" autocomplete=\"email\" \/><\/div><\/div><\/div><div class=\"forminator-row\"><div id=\"phone-1\" class=\"forminator-field-phone forminator-col forminator-col-12 \"><div class=\"forminator-field\"><input type=\"text\" name=\"phone-1\" value=\"\" placeholder=\"Phone\" id=\"forminator-field-phone-1_69f1588e5de2d\" class=\"forminator-input forminator-field--phone\" data-required=\"\" aria-required=\"false\" autocomplete=\"off\" \/><\/div><\/div><\/div><div class=\"forminator-row\"><div id=\"textarea-1\" class=\"forminator-field-textarea forminator-col forminator-col-12 \"><div class=\"forminator-field\"><textarea name=\"textarea-1\" placeholder=\"Message\" id=\"forminator-field-textarea-1_69f1588e5de2d\" class=\"forminator-textarea\" rows=\"6\" style=\"--forminator-textarea-min-height:140px;\" ><\/textarea><span id=\"forminator-field-textarea-1_69f1588e5de2d-description\" class=\"forminator-description\"><span data-limit=\"300\" data-type=\"words\" data-editor=\"\">0 \/ 300<\/span><\/span><\/div><\/div><\/div><div class=\"forminator-row\"><\/div><input type=\"hidden\" name=\"referer_url\" value=\"\" \/><div class=\"forminator-row forminator-row-last\"><div class=\"forminator-col\"><div class=\"forminator-field\"><button class=\"forminator-button forminator-button-submit\">Send<\/button><\/div><\/div><\/div><input type=\"hidden\" id=\"forminator_nonce\" name=\"forminator_nonce\" value=\"25868f8b4b\" \/><input type=\"hidden\" name=\"_wp_http_referer\" value=\"\/tr\/wp-json\/wp\/v2\/pages\/12619\" \/><input type=\"hidden\" name=\"form_id\" value=\"1365\"><input type=\"hidden\" name=\"page_id\" value=\"12619\"><input type=\"hidden\" name=\"form_type\" value=\"default\"><input type=\"hidden\" name=\"current_url\" value=\"https:\/\/matchawholesale.eu\/tr\/oteller-ve-restoranlar-icin-matcha\/\"><input type=\"hidden\" name=\"render_id\" value=\"0\"><input type=\"hidden\" name=\"action\" value=\"forminator_submit_form_custom-forms\"><label for=\"input_6\" class=\"forminator-hidden\" aria-hidden=\"true\">Please do not fill in this field. <input id=\"input_6\" type=\"text\" name=\"input_6\" value=\"\" autocomplete=\"off\"><\/label><\/form><\/p>\n\n<p><\/p>\n","protected":false},"excerpt":{"rendered":"<p>Oteller ve Restoranlar i\u00e7in Matcha Matcha, m\u00fc\u015fterilerinin ihtiya\u00e7lar\u0131n\u0131 kar\u015f\u0131lamak isteyen her otel veya restoran i\u00e7in mutlaka bir \u00fcr\u00fcnd\u00fcr. Matcha Wholesen&#8217;in otel veya restoran men\u00fcs\u00fc i\u00e7in neden ideal oldu\u011funu ke\u015ffedin. 1. Taze, canl\u0131 tat Matcha, tatl\u0131l\u0131k ipu\u00e7lar\u0131 ve hafif bir ac\u0131 nota ta\u015f\u0131yan canl\u0131, toprak tad\u0131 sunuyor. P\u00fcr\u00fczs\u00fcz ve dengeli profili \u00e7e\u015fitli damak zevklerine hitap ederek [&hellip;]<\/p>\n","protected":false},"author":1,"featured_media":12621,"parent":0,"menu_order":0,"comment_status":"closed","ping_status":"closed","template":"","meta":{"footnotes":""},"class_list":["post-12619","page","type-page","status-publish","has-post-thumbnail","hentry","entry","has-media"],"_links":{"self":[{"href":"https:\/\/matchawholesale.eu\/tr\/wp-json\/wp\/v2\/pages\/12619","targetHints":{"allow":["GET"]}}],"collection":[{"href":"https:\/\/matchawholesale.eu\/tr\/wp-json\/wp\/v2\/pages"}],"about":[{"href":"https:\/\/matchawholesale.eu\/tr\/wp-json\/wp\/v2\/types\/page"}],"author":[{"embeddable":true,"href":"https:\/\/matchawholesale.eu\/tr\/wp-json\/wp\/v2\/users\/1"}],"replies":[{"embeddable":true,"href":"https:\/\/matchawholesale.eu\/tr\/wp-json\/wp\/v2\/comments?post=12619"}],"version-history":[{"count":1,"href":"https:\/\/matchawholesale.eu\/tr\/wp-json\/wp\/v2\/pages\/12619\/revisions"}],"predecessor-version":[{"id":12622,"href":"https:\/\/matchawholesale.eu\/tr\/wp-json\/wp\/v2\/pages\/12619\/revisions\/12622"}],"wp:featuredmedia":[{"embeddable":true,"href":"https:\/\/matchawholesale.eu\/tr\/wp-json\/wp\/v2\/media\/12621"}],"wp:attachment":[{"href":"https:\/\/matchawholesale.eu\/tr\/wp-json\/wp\/v2\/media?parent=12619"}],"curies":[{"name":"wp","href":"https:\/\/api.w.org\/{rel}","templated":true}]}}