{"id":12582,"date":"2024-10-11T21:16:16","date_gmt":"2024-10-11T21:16:16","guid":{"rendered":"https:\/\/matchawholesale.eu\/gizlilik-politikasi\/"},"modified":"2026-04-06T07:15:08","modified_gmt":"2026-04-06T07:15:08","slug":"gizlilik-politikasi","status":"publish","type":"page","link":"https:\/\/matchawholesale.eu\/tr\/gizlilik-politikasi\/","title":{"rendered":"Gizlilik Politikas\u0131"},"content":{"rendered":"\n<h1 class=\"wp-block-heading\"><strong>Gizlilik Politikas\u0131<\/strong><\/h1>\n\n<p><em>Son g\u00fcncelleme: [19 Ekim 2024]<\/em><\/p>\n\n<p><strong>matchawholesale.eu&#8217;a<\/strong> ho\u015f geldiniz (&#8220;biz&#8221;, &#8220;biz&#8221; veya &#8220;bizim&#8221;). Ki\u015fisel verilerinizi korumaya ve gizlili\u011finize sayg\u0131 g\u00f6stermeye kararl\u0131y\u0131z. Bu Gizlilik Politikas\u0131, web sitemizi ziyaret etti\u011finizde veya hizmetlerimizi kulland\u0131\u011f\u0131n\u0131zda bilgilerinizi nas\u0131l toplad\u0131\u011f\u0131m\u0131z\u0131, kulland\u0131\u011f\u0131m\u0131z\u0131 ve korundu\u011fumuzu a\u00e7\u0131klar.  <\/p>\n\n<p>Web sitemizi kullanarak, bu politikaya uygun olarak bilgi toplanmas\u0131n\u0131 ve kullan\u0131lmas\u0131n\u0131 kabul etmi\u015f olursunuz.<\/p>\n\n<hr class=\"wp-block-separator has-alpha-channel-opacity\"\/>\n\n<h3 class=\"wp-block-heading\">1. <strong>Toplad\u0131\u011f\u0131m\u0131z Bilgiler<\/strong><\/h3>\n\n<p><strong>Ki\u015fisel Veriler<\/strong><\/p>\n\n<p>Web sitemizi kullan\u0131rken, sizden belirli ki\u015fisel tan\u0131mlay\u0131c\u0131 bilgileri sa\u011flaman\u0131z\u0131 isteyebiliriz; bunlar aras\u0131nda ancak bunlarla s\u0131n\u0131rl\u0131 olmakla birlikte:<\/p>\n\n<ul class=\"wp-block-list\">\n<li><strong>\u0130leti\u015fim Bilgileri:<\/strong> \u0130sim, e-posta adresi, telefon numaras\u0131.<\/li>\n<\/ul>\n\n<p><strong>Kullan\u0131m Verileri<\/strong><\/p>\n\n<p>Ayr\u0131ca web sitesine nas\u0131l eri\u015fildi\u011fi ve kullan\u0131ld\u0131\u011f\u0131 hakk\u0131nda bilgi toplayabiliriz (&#8220;Kullan\u0131m Verileri&#8221;). Bu \u015funlar\u0131 i\u00e7erebilir: <\/p>\n\n<ul class=\"wp-block-list\">\n<li>IP adresi<\/li>\n\n\n\n<li>Taray\u0131c\u0131 t\u00fcr\u00fc ve s\u00fcr\u00fcm\u00fc<\/li>\n\n\n\n<li>Ziyaret edilen sayfalar<\/li>\n\n\n\n<li>Ziyaretinizin zaman\u0131 ve tarihi<\/li>\n\n\n\n<li>Sayfalarda ge\u00e7irilen zaman<\/li>\n\n\n\n<li>Cihaz tan\u0131mlay\u0131c\u0131lar\u0131<\/li>\n<\/ul>\n\n<p><strong>\u00c7erezler ve Takip Teknolojileri<\/strong><\/p>\n\n<p>Web sitemizdeki faaliyetleri takip etmek ve belirli bilgileri saklamak i\u00e7in \u00e7erezler ve benzeri takip teknolojileri kullan\u0131yoruz.<\/p>\n\n<hr class=\"wp-block-separator has-alpha-channel-opacity\"\/>\n\n<h3 class=\"wp-block-heading\">2. <strong>Bilgilerinizi Nas\u0131l Kullan\u0131yoruz<\/strong><\/h3>\n\n<p>Toplanan verileri \u00e7e\u015fitli ama\u00e7lar i\u00e7in kullan\u0131yoruz:<\/p>\n\n<ul class=\"wp-block-list\">\n<li><strong>Hizmetimizi sa\u011flamak ve s\u00fcrd\u00fcrmek i\u00e7in:<\/strong> Web sitesinin do\u011fru \u00e7al\u0131\u015ft\u0131\u011f\u0131ndan ve istedi\u011finiz hizmetleri sa\u011flad\u0131\u011f\u0131n\u0131zdan emin olun.<\/li>\n\n\n\n<li><strong>\u0130\u015flemleri \u0130\u015fleme Etmek:<\/strong> \u00d6demeleri, sipari\u015fleri ve hesap y\u00f6netimini y\u00f6netin.<\/li>\n\n\n\n<li><strong>Sizinle \u0130leti\u015fim \u0130\u00e7in:<\/strong> Sorulara yan\u0131t verin, m\u00fc\u015fteri deste\u011fi sa\u011flay\u0131n ve g\u00fcncellemeler g\u00f6nderin.<\/li>\n\n\n\n<li><strong>Web Sitemizi Geli\u015ftirmek \u0130\u00e7in:<\/strong> Kullan\u0131c\u0131 deneyimini geli\u015ftirmek ve hizmetlerimizi optimize etmek i\u00e7in verileri analiz etmek.<\/li>\n\n\n\n<li><strong>Yasal y\u00fck\u00fcml\u00fcl\u00fcklere uymak i\u00e7in:<\/strong> D\u00fczenleyici gereklilikleri kar\u015f\u0131lamak ve yasal haklar\u0131m\u0131z\u0131 uygulamak.<\/li>\n<\/ul>\n\n<hr class=\"wp-block-separator has-alpha-channel-opacity\"\/>\n\n<h3 class=\"wp-block-heading\">3. <strong>Ki\u015fisel Verilerin \u0130\u015flenmesi \u0130\u00e7in Yasal Temel<\/strong><\/h3>\n\n<p>Avrupa Ekonomik B\u00f6lgesi&#8217;nden (EEA) iseniz, ki\u015fisel bilgi toplama ve kullanma yasal temelimiz, toplad\u0131\u011f\u0131m\u0131z verilere ve onlar\u0131 toplad\u0131\u011f\u0131m\u0131z ba\u011flama ba\u011fl\u0131d\u0131r:<\/p>\n\n<ul class=\"wp-block-list\">\n<li><strong>Onay:<\/strong> Bize bunu yapma izni verdiniz.<\/li>\n\n\n\n<li><strong>S\u00f6zle\u015fme Performans\u0131:<\/strong> \u0130\u015fleme, sizinle yap\u0131lan bir s\u00f6zle\u015fmenin yerine getirilmesi i\u00e7in gereklidir.<\/li>\n\n\n\n<li><strong>Yasal Y\u00fck\u00fcml\u00fcl\u00fckler:<\/strong> Yasal bir y\u00fck\u00fcml\u00fcl\u00fc\u011fe uyum.<\/li>\n\n\n\n<li><strong>Me\u015fru \u00c7\u0131karlar:<\/strong> \u0130\u015fleme bizim me\u015fru \u00e7\u0131karlar\u0131m\u0131z do\u011frundad\u0131r ve haklar\u0131n\u0131z taraf\u0131ndan ge\u00e7ersiz k\u0131lmaz.<\/li>\n<\/ul>\n\n<hr class=\"wp-block-separator has-alpha-channel-opacity\"\/>\n\n<h3 class=\"wp-block-heading\">4. <strong>Veri Saklama<\/strong><\/h3>\n\n<p>Ki\u015fisel verilerinizi, yaln\u0131zca bu Gizlilik Politikas\u0131&#8217;nda belirtilen ama\u00e7lar i\u00e7in gerekli oldu\u011fu s\u00fcrece saklayaca\u011f\u0131z. Verilerinizi, yasal y\u00fck\u00fcml\u00fcl\u00fcklere uyum sa\u011flamak, anla\u015fmazl\u0131klar\u0131 \u00e7\u00f6zmek ve anla\u015fmalar\u0131m\u0131z\u0131 uygulamak i\u00e7in gerekli \u00f6l\u00e7\u00fcde saklayacak ve kullanaca\u011f\u0131z. <\/p>\n\n<hr class=\"wp-block-separator has-alpha-channel-opacity\"\/>\n\n<h3 class=\"wp-block-heading\">5. <strong>Veri G\u00fcvenli\u011fi<\/strong><\/h3>\n\n<p>Verilerinizin g\u00fcvenli\u011fi bizim i\u00e7in \u00f6nemlidir. Ki\u015fisel verilerinizi kazara veya yasa d\u0131\u015f\u0131 yok edilmeye, kaybetmeye, de\u011fi\u015fmeye, yetkisiz a\u00e7\u0131klamaya veya eri\u015fime kar\u015f\u0131 korumak i\u00e7in uygun teknik ve organizasyonel \u00f6nlemler al\u0131yoruz. <\/p>\n\n<hr class=\"wp-block-separator has-alpha-channel-opacity\"\/>\n\n<h3 class=\"wp-block-heading\">6. <strong>Verilerinizi Koruma Haklar\u0131n\u0131z (EEA Sakinleri)<\/strong><\/h3>\n\n<p>Avrupa Ekonomik B\u00f6lgesi&#8217;nde ikamet ediyorsan\u0131z, belirli veri koruma haklar\u0131n\u0131z vard\u0131r:<\/p>\n\n<ul class=\"wp-block-list\">\n<li><strong>Eri\u015fim:<\/strong> Ki\u015fisel verilerinize eri\u015fim ve bir kopya alma hakk\u0131.<\/li>\n\n\n\n<li><strong>D\u00fczeltme:<\/strong> Yanl\u0131\u015f veya eksik verilerin d\u00fczeltilmesini talep etme hakk\u0131.<\/li>\n\n\n\n<li><strong>Silme:<\/strong> Belirli ko\u015fullar alt\u0131nda ki\u015fisel verilerinizin silinmesini talep etme hakk\u0131.<\/li>\n\n\n\n<li><strong>K\u0131s\u0131tlama:<\/strong> Ki\u015fisel verilerinizin i\u015flenmesiyle ilgili k\u0131s\u0131tlama talep etme hakk\u0131.<\/li>\n\n\n\n<li><strong>\u0130tiraz:<\/strong> Ki\u015fisel verilerinizin i\u015flenmesine itiraz etme hakk\u0131.<\/li>\n\n\n\n<li><strong>Veri Ta\u015f\u0131nabilirli\u011fi:<\/strong> Verilerinizi yap\u0131land\u0131r\u0131lm\u0131\u015f, yayg\u0131n kullan\u0131lan bir formatta alma hakk\u0131.<\/li>\n<\/ul>\n\n<p>Bu haklar\u0131 kullanmak i\u00e7in l\u00fctfen a\u015fa\u011f\u0131da verilen ileti\u015fim bilgilerini kullanarak bizimle ileti\u015fime ge\u00e7in.<\/p>\n\n<hr class=\"wp-block-separator has-alpha-channel-opacity\"\/>\n\n<h3 class=\"wp-block-heading\">7. <strong>Verilerin A\u00e7\u0131klanmas\u0131<\/strong><\/h3>\n\n<p>Ki\u015fisel verilerinizi a\u015fa\u011f\u0131daki durumlarda a\u00e7\u0131klayabiliriz:<\/p>\n\n<ul class=\"wp-block-list\">\n<li><strong>\u0130\u015f \u0130\u015flemleri:<\/strong> E\u011fer bir birle\u015fme, sat\u0131n alma veya varl\u0131k sat\u0131\u015f\u0131 ile ilgileniyorsak.<\/li>\n\n\n\n<li><strong>Yasal Gereklilikler:<\/strong> Yasal y\u00fck\u00fcml\u00fcl\u00fcklere uymak veya kamu otoritelerinin ge\u00e7erli taleplerine yan\u0131t vermek i\u00e7in.<\/li>\n\n\n\n<li><strong>\u00dc\u00e7\u00fcnc\u00fc Taraf Hizmet Sa\u011flay\u0131c\u0131lar\u0131:<\/strong> Bizim ad\u0131m\u0131za hizmet sunan ki\u015filer (\u00f6rne\u011fin, \u00f6deme i\u015flemcileri, nakliye \u015firketleri).<\/li>\n<\/ul>\n\n<p>T\u00fcm \u00fc\u00e7\u00fcnc\u00fc taraflar\u0131n ki\u015fisel verilerinizin g\u00fcvenli\u011fine sayg\u0131 g\u00f6stermesini ve bunlar\u0131 yasaya uygun \u015fekilde ele almas\u0131n\u0131 zorunlu k\u0131l\u0131yoruz.<\/p>\n\n<hr class=\"wp-block-separator has-alpha-channel-opacity\"\/>\n\n<h3 class=\"wp-block-heading\">8. <strong>\u00dc\u00e7\u00fcnc\u00fc Taraf Ba\u011flant\u0131lar\u0131<\/strong><\/h3>\n\n<p>Web sitemiz, bizim taraf\u0131ndan i\u015fletilmeyen di\u011fer sitelere ba\u011flant\u0131lar i\u00e7erebilir. Herhangi bir \u00fc\u00e7\u00fcnc\u00fc taraf sitenin i\u00e7eri\u011fi, gizlilik politikalar\u0131 veya uygulamalar\u0131 \u00fczerinde hi\u00e7bir kontrol\u00fcm\u00fcz yok ve sorumluluk alm\u0131yoruz. <\/p>\n\n<hr class=\"wp-block-separator has-alpha-channel-opacity\"\/>\n\n<h3 class=\"wp-block-heading\">9. <strong>\u00c7erezler Politikas\u0131<\/strong><\/h3>\n\n<p>\u00c7erezleri i\u00e7eri\u011fi ki\u015fiselle\u015ftirmek, sosyal medya \u00f6zellikleri sa\u011flamak ve trafi\u011fimizi analiz etmek i\u00e7in kullan\u0131yoruz. Taray\u0131c\u0131n\u0131za t\u00fcm \u00e7erezleri reddetmesini veya bir \u00e7erezin g\u00f6nderildi\u011fini belirtmesini emredebilirsiniz. <\/p>\n\n<hr class=\"wp-block-separator has-alpha-channel-opacity\"\/>\n\n<h3 class=\"wp-block-heading\">10. <strong>\u00c7ocuklar\u0131n Gizlili\u011fi<\/strong><\/h3>\n\n<p>Web sitemiz 16 ya\u015f alt\u0131 bireyler i\u00e7in tasarlanmam\u0131\u015ft\u0131r. 16 ya\u015f alt\u0131 \u00e7ocuklardan bilin\u00e7li olarak ki\u015fisel veri toplam\u0131yoruz. Bir \u00e7ocu\u011fun bize ki\u015fisel veriler sa\u011flad\u0131\u011f\u0131n\u0131 fark ederseniz, l\u00fctfen bizimle ileti\u015fime ge\u00e7in.  <\/p>\n\n<hr class=\"wp-block-separator has-alpha-channel-opacity\"\/>\n\n<h3 class=\"wp-block-heading\">11. <strong>Bu Gizlilik Politikas\u0131nda De\u011fi\u015fiklikler<\/strong><\/h3>\n\n<p>Zaman zaman Gizlilik Politikam\u0131z\u0131 g\u00fcncelleyebiliriz. De\u011fi\u015fiklikler, g\u00fcncellenmi\u015f &#8220;Son g\u00fcncelleme&#8221; tarihiyle bu sayfada yay\u0131nlanacakt\u0131r. <\/p>\n\n<hr class=\"wp-block-separator has-alpha-channel-opacity\"\/>\n\n<h3 class=\"wp-block-heading\">12. <strong>Bizimle \u0130leti\u015fime Ge\u00e7in<\/strong><\/h3>\n\n<p>Bu Gizlilik Politikas\u0131 hakk\u0131nda herhangi bir sorunuz varsa veya veri koruma haklar\u0131n\u0131z\u0131 kullanmak isterseniz, l\u00fctfen bizimle ileti\u015fime ge\u00e7in:<\/p>\n\n<ul class=\"wp-block-list\">\n<li><strong>E-posta:<\/strong> <a href=\"mailto:your-email@matchawholesale.eu\">info@matchawholesale.eu<\/a><\/li>\n\n\n\n<li><strong>Adres:<\/strong> Place Royale 15, 4900 Spa, Bel\u00e7ika.<\/li>\n<\/ul>\n\n<hr class=\"wp-block-separator has-alpha-channel-opacity\"\/>\n\n<p>Web sitemizi kullanarak, bu Gizlilik Politikas\u0131&#8217;n\u0131 okudu\u011funu ve anlad\u0131\u011f\u0131n\u0131z\u0131 kabul etmi\u015f olursunuz.<\/p>\n","protected":false},"excerpt":{"rendered":"<p>Gizlilik Politikas\u0131 Son g\u00fcncelleme: [19 Ekim 2024] matchawholesale.eu&#8217;a ho\u015f geldiniz (&#8220;biz&#8221;, &#8220;biz&#8221; veya &#8220;bizim&#8221;). Ki\u015fisel verilerinizi korumaya ve gizlili\u011finize sayg\u0131 g\u00f6stermeye kararl\u0131y\u0131z. Bu Gizlilik Politikas\u0131, web sitemizi ziyaret etti\u011finizde veya hizmetlerimizi kulland\u0131\u011f\u0131n\u0131zda bilgilerinizi nas\u0131l toplad\u0131\u011f\u0131m\u0131z\u0131, kulland\u0131\u011f\u0131m\u0131z\u0131 ve korundu\u011fumuzu a\u00e7\u0131klar. Web sitemizi kullanarak, bu politikaya uygun olarak bilgi toplanmas\u0131n\u0131 ve kullan\u0131lmas\u0131n\u0131 kabul etmi\u015f olursunuz. 1. Toplad\u0131\u011f\u0131m\u0131z [&hellip;]<\/p>\n","protected":false},"author":1,"featured_media":0,"parent":0,"menu_order":0,"comment_status":"closed","ping_status":"open","template":"","meta":{"footnotes":""},"class_list":["post-12582","page","type-page","status-publish","hentry","entry"],"_links":{"self":[{"href":"https:\/\/matchawholesale.eu\/tr\/wp-json\/wp\/v2\/pages\/12582","targetHints":{"allow":["GET"]}}],"collection":[{"href":"https:\/\/matchawholesale.eu\/tr\/wp-json\/wp\/v2\/pages"}],"about":[{"href":"https:\/\/matchawholesale.eu\/tr\/wp-json\/wp\/v2\/types\/page"}],"author":[{"embeddable":true,"href":"https:\/\/matchawholesale.eu\/tr\/wp-json\/wp\/v2\/users\/1"}],"replies":[{"embeddable":true,"href":"https:\/\/matchawholesale.eu\/tr\/wp-json\/wp\/v2\/comments?post=12582"}],"version-history":[{"count":1,"href":"https:\/\/matchawholesale.eu\/tr\/wp-json\/wp\/v2\/pages\/12582\/revisions"}],"predecessor-version":[{"id":12615,"href":"https:\/\/matchawholesale.eu\/tr\/wp-json\/wp\/v2\/pages\/12582\/revisions\/12615"}],"wp:attachment":[{"href":"https:\/\/matchawholesale.eu\/tr\/wp-json\/wp\/v2\/media?parent=12582"}],"curies":[{"name":"wp","href":"https:\/\/api.w.org\/{rel}","templated":true}]}}