{"id":12543,"date":"2024-08-24T19:47:32","date_gmt":"2024-08-24T19:47:32","guid":{"rendered":"https:\/\/matchawholesale.eu\/matcha-wholesale-hakkinda\/"},"modified":"2026-04-06T07:15:03","modified_gmt":"2026-04-06T07:15:03","slug":"matcha-wholesale-hakkinda","status":"publish","type":"page","link":"https:\/\/matchawholesale.eu\/tr\/matcha-wholesale-hakkinda\/","title":{"rendered":"Matcha Wholesale hakk\u0131nda"},"content":{"rendered":"\n<h1 class=\"wp-block-heading\">Matcha Wholesale hakk\u0131nda<\/h1>\n\n<p><strong>Matcha Wholesale<\/strong> , Bel\u00e7ika merkezli bir Avrupa toptanc\u0131s\u0131d\u0131r ve matcha satmaktad\u0131r. Avrupa ve \u00f6tesindeki i\u015fletmelere t\u00fcm matcha kalitelerini tedarik etmekte uzman\u0131z. <\/p>\n\n<h2 class=\"wp-block-heading\">Hikaye<\/h2>\n\n<p>Matcha Wholesale, Avrupa toptanc\u0131lar\u0131m\u0131zdan uygun fiyatlarla y\u00fcksek kaliteli matcha bulamad\u0131\u011f\u0131m\u0131z zamanlarda do\u011fdu. Bug\u00fcn ithalat ve lojistikleri biz \u00fcstleniyoruz, b\u00f6ylece m\u00fc\u015fterilerinize hizmet etmeye odaklanabilirsiniz. <\/p>\n\n<h2 class=\"wp-block-heading\">Neden bizimle ortakl\u0131k kurars\u0131n\u0131z?<\/h2>\n\n<p>Toptan sat\u0131\u015f basit ve h\u0131zl\u0131 olmal\u0131. \u015eunlar\u0131 sunuyoruz: <\/p>\n\n<ul class=\"wp-block-list\">\n<li><strong>D\u00fc\u015f\u00fck Asgariler:<\/strong> Matcha sat\u0131n almak i\u00e7in b\u00fcy\u00fck bir depoya veya krediye ihtiyac\u0131n\u0131z olmamal\u0131d\u0131r. D\u00fc\u015f\u00fck Minimum Sipari\u015f Miktarlar\u0131m\u0131z (MOQ&#8217;lar), envanterinizi taze tutman\u0131z\u0131 ve nakit ak\u0131\u015f\u0131n\u0131z\u0131 sa\u011fl\u0131kl\u0131 tutman\u0131z\u0131 sa\u011flar. <\/li>\n\n\n\n<li><strong>Orta Avrupa Lojistikleri:<\/strong> Bel\u00e7ika merkezimizden kargo yapmak sipari\u015finizin h\u0131zl\u0131 ula\u015fmas\u0131n\u0131 sa\u011flar. G\u00fcmr\u00fck gecikmesi yok, s\u00fcrpriz ithalat \u00fccretleri yok. <\/li>\n\n\n\n<li><strong>G\u00f6rebildi\u011finiz (ve tadabilece\u011finiz kalite):<\/strong> Japon \u00e7ift\u00e7ilerle do\u011frudan \u00e7al\u0131\u015farak harika matcha ve uygun fiyatlarla elde ediyoruz.  <\/li>\n\n\n\n<li><strong>Her Zaman A\u00e7\u0131k Destek:<\/strong> Sipari\u015flerinizi y\u00f6netmenizde y\u0131l\u0131n her g\u00fcn\u00fc size yard\u0131mc\u0131 olmak i\u00e7in haz\u0131r\u0131z.<\/li>\n<\/ul>\n\n<h2 class=\"wp-block-heading\">\u00d6l\u00e7e\u011finize G\u00f6re \u00d6zelle\u015ftirilmi\u015f<\/h2>\n\n<p>\u0130ster birka\u00e7 kilo arayan yerel bir kafe olun, ister b\u00fcy\u00fck \u00f6l\u00e7ekli da\u011f\u0131t\u0131m gerektiren bir otel zinciri olun, biz de uyum sa\u011flayabiliriz. \u0130\u015finizle birlikte \u00f6l\u00e7eklenecek \u015fekilde tasarlanm\u0131\u015f esnek fiyatland\u0131rma ve hacimler sunuyoruz. <\/p>\n\n<h2 class=\"wp-block-heading\">Fark\u0131 Tatmaya Haz\u0131r m\u0131s\u0131n?<\/h2>\n\n<p>A\u015fa\u011f\u0131daki formu doldurarak <strong>\u00f6rnek paket<\/strong> talep edin, g\u00fcncel <strong>fiyat listemizi<\/strong> inceleyin veya \u00f6zel ihtiya\u00e7lar\u0131n\u0131za g\u00f6re \u00f6zel <strong>bir teklif<\/strong> al\u0131n.<\/p>\n<p><div class=\"forminator-ui forminator-custom-form forminator-custom-form-1365 forminator-design--flat  forminator_ajax\" data-forminator-render=\"0\" data-form=\"forminator-module-1365\" data-uid=\"69f16cb68535f\"><br\/><\/div><form\n\t\t\t\tid=\"forminator-module-1365\"\n\t\t\t\tclass=\"forminator-ui forminator-custom-form forminator-custom-form-1365 forminator-design--flat  forminator_ajax\"\n\t\t\t\tmethod=\"post\"\n\t\t\t\tdata-forminator-render=\"0\"\n\t\t\t\tdata-form-id=\"1365\"\n\t\t\t\t data-color-option=\"default\" data-design=\"flat\" data-grid=\"open\" style=\"display: none;\"\n\t\t\t\tdata-uid=\"69f16cb68535f\"\n\t\t\t><div role=\"alert\" aria-live=\"polite\" class=\"forminator-response-message forminator-error\" aria-hidden=\"true\"><\/div><div class=\"forminator-row\"><div id=\"name-1\" class=\"forminator-field-name forminator-col forminator-col-6 \"><div class=\"forminator-field\"><input type=\"text\" name=\"name-1\" value=\"\" placeholder=\"First Name\" id=\"forminator-field-name-1_69f16cb68535f\" class=\"forminator-input forminator-name--field\" aria-required=\"true\" autocomplete=\"name\" \/><\/div><\/div><div id=\"name-2\" class=\"forminator-field-name forminator-col forminator-col-6 \"><div class=\"forminator-field\"><input type=\"text\" name=\"name-2\" value=\"\" placeholder=\"Last Name\" id=\"forminator-field-name-2_69f16cb68535f\" class=\"forminator-input forminator-name--field\" aria-required=\"true\" autocomplete=\"name\" \/><\/div><\/div><\/div><div class=\"forminator-row\"><div id=\"email-1\" class=\"forminator-field-email forminator-col forminator-col-12 \"><div class=\"forminator-field\"><input type=\"email\" name=\"email-1\" value=\"\" placeholder=\"Email\" id=\"forminator-field-email-1_69f16cb68535f\" class=\"forminator-input forminator-email--field\" data-required=\"true\" aria-required=\"true\" autocomplete=\"email\" \/><\/div><\/div><\/div><div class=\"forminator-row\"><div id=\"phone-1\" class=\"forminator-field-phone forminator-col forminator-col-12 \"><div class=\"forminator-field\"><input type=\"text\" name=\"phone-1\" value=\"\" placeholder=\"Phone\" id=\"forminator-field-phone-1_69f16cb68535f\" class=\"forminator-input forminator-field--phone\" data-required=\"\" aria-required=\"false\" autocomplete=\"off\" \/><\/div><\/div><\/div><div class=\"forminator-row\"><div id=\"textarea-1\" class=\"forminator-field-textarea forminator-col forminator-col-12 \"><div class=\"forminator-field\"><textarea name=\"textarea-1\" placeholder=\"Message\" id=\"forminator-field-textarea-1_69f16cb68535f\" class=\"forminator-textarea\" rows=\"6\" style=\"--forminator-textarea-min-height:140px;\" ><\/textarea><span id=\"forminator-field-textarea-1_69f16cb68535f-description\" class=\"forminator-description\"><span data-limit=\"300\" data-type=\"words\" data-editor=\"\">0 \/ 300<\/span><\/span><\/div><\/div><\/div><div class=\"forminator-row\"><\/div><input type=\"hidden\" name=\"referer_url\" value=\"\" \/><div class=\"forminator-row forminator-row-last\"><div class=\"forminator-col\"><div class=\"forminator-field\"><button class=\"forminator-button forminator-button-submit\">Send<\/button><\/div><\/div><\/div><input type=\"hidden\" id=\"forminator_nonce\" name=\"forminator_nonce\" value=\"25868f8b4b\" \/><input type=\"hidden\" name=\"_wp_http_referer\" value=\"\/tr\/wp-json\/wp\/v2\/pages\/12543\" \/><input type=\"hidden\" name=\"form_id\" value=\"1365\"><input type=\"hidden\" name=\"page_id\" value=\"12543\"><input type=\"hidden\" name=\"form_type\" value=\"default\"><input type=\"hidden\" name=\"current_url\" value=\"https:\/\/matchawholesale.eu\/tr\/matcha-wholesale-hakkinda\/\"><input type=\"hidden\" name=\"render_id\" value=\"0\"><input type=\"hidden\" name=\"action\" value=\"forminator_submit_form_custom-forms\"><label for=\"input_6\" class=\"forminator-hidden\" aria-hidden=\"true\">Please do not fill in this field. <input id=\"input_6\" type=\"text\" name=\"input_6\" value=\"\" autocomplete=\"off\"><\/label><\/form><\/p>\n\n<p><\/p>\n","protected":false},"excerpt":{"rendered":"<p>Matcha Wholesale hakk\u0131nda Matcha Wholesale , Bel\u00e7ika merkezli bir Avrupa toptanc\u0131s\u0131d\u0131r ve matcha satmaktad\u0131r. Avrupa ve \u00f6tesindeki i\u015fletmelere t\u00fcm matcha kalitelerini tedarik etmekte uzman\u0131z. Hikaye Matcha Wholesale, Avrupa toptanc\u0131lar\u0131m\u0131zdan uygun fiyatlarla y\u00fcksek kaliteli matcha bulamad\u0131\u011f\u0131m\u0131z zamanlarda do\u011fdu. Bug\u00fcn ithalat ve lojistikleri biz \u00fcstleniyoruz, b\u00f6ylece m\u00fc\u015fterilerinize hizmet etmeye odaklanabilirsiniz. Neden bizimle ortakl\u0131k kurars\u0131n\u0131z? Toptan sat\u0131\u015f basit [&hellip;]<\/p>\n","protected":false},"author":1,"featured_media":12558,"parent":0,"menu_order":0,"comment_status":"closed","ping_status":"closed","template":"","meta":{"footnotes":""},"class_list":["post-12543","page","type-page","status-publish","has-post-thumbnail","hentry","entry","has-media"],"_links":{"self":[{"href":"https:\/\/matchawholesale.eu\/tr\/wp-json\/wp\/v2\/pages\/12543","targetHints":{"allow":["GET"]}}],"collection":[{"href":"https:\/\/matchawholesale.eu\/tr\/wp-json\/wp\/v2\/pages"}],"about":[{"href":"https:\/\/matchawholesale.eu\/tr\/wp-json\/wp\/v2\/types\/page"}],"author":[{"embeddable":true,"href":"https:\/\/matchawholesale.eu\/tr\/wp-json\/wp\/v2\/users\/1"}],"replies":[{"embeddable":true,"href":"https:\/\/matchawholesale.eu\/tr\/wp-json\/wp\/v2\/comments?post=12543"}],"version-history":[{"count":1,"href":"https:\/\/matchawholesale.eu\/tr\/wp-json\/wp\/v2\/pages\/12543\/revisions"}],"predecessor-version":[{"id":12573,"href":"https:\/\/matchawholesale.eu\/tr\/wp-json\/wp\/v2\/pages\/12543\/revisions\/12573"}],"wp:featuredmedia":[{"embeddable":true,"href":"https:\/\/matchawholesale.eu\/tr\/wp-json\/wp\/v2\/media\/12558"}],"wp:attachment":[{"href":"https:\/\/matchawholesale.eu\/tr\/wp-json\/wp\/v2\/media?parent=12543"}],"curies":[{"name":"wp","href":"https:\/\/api.w.org\/{rel}","templated":true}]}}