{"id":11375,"date":"2026-01-14T20:20:38","date_gmt":"2026-01-14T20:20:38","guid":{"rendered":"https:\/\/matchawholesale.eu\/produkter\/"},"modified":"2026-02-10T10:02:30","modified_gmt":"2026-02-10T10:02:30","slug":"produkter","status":"publish","type":"page","link":"https:\/\/matchawholesale.eu\/sv\/produkter\/","title":{"rendered":"Produkter"},"content":{"rendered":"\n<h1 class=\"wp-block-heading\">Bra Matcha f\u00f6r alla aff\u00e4rsbehov<\/h1>\n\n<figure class=\"wp-block-image size-large\"><img fetchpriority=\"high\" decoding=\"async\" width=\"1024\" height=\"683\" src=\"https:\/\/matchawholesale.eu\/wp-content\/uploads\/2026\/01\/10-1024x683.jpg\" alt=\"Tef&#xE4;lt f&#xF6;r matcha\" class=\"wp-image-11221\" srcset=\"https:\/\/matchawholesale.eu\/wp-content\/uploads\/2026\/01\/10-1024x683.jpg 1024w, https:\/\/matchawholesale.eu\/wp-content\/uploads\/2026\/01\/10-300x200.jpg 300w, https:\/\/matchawholesale.eu\/wp-content\/uploads\/2026\/01\/10-768x512.jpg 768w, https:\/\/matchawholesale.eu\/wp-content\/uploads\/2026\/01\/10.jpg 1200w\" sizes=\"(max-width: 1024px) 100vw, 1024px\" \/><figcaption class=\"wp-element-caption\">Tef\u00e4lt f\u00f6r matcha<\/figcaption><\/figure>\n\n<p>Matcha Wholesale \u00f6verbryggar klyftan mellan japanska tefabriker och den europeiska marknaden. Oavsett om du \u00e4r en \u00e4gare av ett boutique-caf\u00e9 som s\u00f6ker ceremoniell excellens eller en storskalig tillverkare som beh\u00f6ver ingredienser f\u00f6r stora volymer, erbjuder v\u00e5rt urval av matcha den perfekta l\u00f6sningen. <\/p>\n\n<hr class=\"wp-block-separator has-alpha-channel-opacity\"\/>\n\n<h2 class=\"wp-block-heading\">V\u00e5rt urval av Matcha<\/h2>\n\n<p>Vi erbjuder ett omfattande sortiment av kvaliteter f\u00f6r att s\u00e4kerst\u00e4lla att du hittar den exakta smakprofil och f\u00e4rgintensitet som kr\u00e4vs f\u00f6r dina produkter:<\/p>\n\n<ul class=\"wp-block-list\">\n<li><strong>Ekologiska och konventionella:<\/strong> V\u00e4lj mellan v\u00e5rt certifierade ekologiska sortiment, odlat utan syntetiska bek\u00e4mpningsmedel, eller v\u00e5ra konventionella alternativ av h\u00f6g kvalitet.<\/li>\n\n\n\n<li><strong><a href=\"https:\/\/matchawholesale.eu\/sv\/?page_id=6665\" data-type=\"link\" data-id=\"https:\/\/matchawholesale.eu\/matcha-ceremonial-imperial-grade-wholesale\/\">Ceremoniell kvalitet<\/a>:<\/strong> Dessa blad sk\u00f6rdas tidigt p\u00e5 v\u00e5ren och har en livlig gr\u00f6n nyans och en delikat, umami-rik smak, perfekt f\u00f6r traditionell beredning eller premium-latte.<\/li>\n\n\n\n<li><strong><a href=\"https:\/\/matchawholesale.eu\/sv\/?page_id=6671\" data-type=\"link\" data-id=\"https:\/\/matchawholesale.eu\/matcha-premium-grade-wholesale\/\">Premiumkvalitet<\/a>:<\/strong> Ett robust, v\u00e4lbalanserat te som sk\u00f6rdats senare p\u00e5 s\u00e4songen. Det har en stark &#8221;gr\u00f6n&#8221; smak som st\u00e5r sig bra n\u00e4r det blandas med andra ingredienser. <\/li>\n\n\n\n<li><strong><a href=\"https:\/\/matchawholesale.eu\/sv\/?page_id=6692\" data-type=\"link\" data-id=\"https:\/\/matchawholesale.eu\/matcha-culinary-grade-wholesale\/\">Culinary Grade<\/a>:<\/strong> Speciellt utformad f\u00f6r bakning och matlagning, vilket ger den distinkta matcha-karakt\u00e4r som beh\u00f6vs f\u00f6r choklad, glass och bakverk.<\/li>\n<\/ul>\n\n<hr class=\"wp-block-separator has-alpha-channel-opacity\"\/>\n\n<h2 class=\"wp-block-heading\">L\u00f6sningar per sektor<\/h2>\n\n<h3 class=\"wp-block-heading\"><strong>F\u00f6r caf\u00e9er och hotell<\/strong> <\/h3>\n\n<p>V\u00e5ra blandningar \u00e4r utvalda f\u00f6r sina egenskaper och f\u00f6rm\u00e5ga att passa perfekt ihop med mejeri- och v\u00e4xtbaserade mj\u00f6lksorter, vilket ger en sl\u00e4t, klumpfri latte varje g\u00e5ng.<\/p>\n\n<h3 class=\"wp-block-heading\"><strong>F\u00f6r industriella applikationer och tillverkning<\/strong> <\/h3>\n\n<p>Vi tillhandah\u00e5ller skalbara l\u00f6sningar f\u00f6r livsmedels- och dryckesindustrin. Ut\u00f6ver v\u00e5rt <strong>japanska premiumursprung<\/strong> erbjuder vi <strong>h\u00f6gkvalitativ kinesisk matcha<\/strong> som \u00e4r s\u00e4rskilt framtagen f\u00f6r industriell anv\u00e4ndning. Detta ger en kostnadseffektiv och tillf\u00f6rlitlig ingrediens f\u00f6r storskalig produktion av kosttillskott, flaskdrycker f\u00f6r massmarknaden och livsmedelsbearbetning.  <\/p>\n\n<hr class=\"wp-block-separator has-alpha-channel-opacity\"\/>\n\n<h2 class=\"wp-block-heading\">Varf\u00f6r samarbeta med oss?<\/h2>\n\n<ul class=\"wp-block-list\">\n<li><strong>Direkt sourcing:<\/strong> Vi tar bort mellanh\u00e4nderna f\u00f6r att ge dig de b\u00e4sta grossistpriserna p\u00e5 kontinenten.<\/li>\n\n\n\n<li><strong>Belgien-baserad logistik:<\/strong> Snabb och p\u00e5litlig frakt inom hela EU och Schengenomr\u00e5det.<\/li>\n\n\n\n<li><strong>Kontinuerligt st\u00f6d:<\/strong> Fr\u00e5n prover till anpassade grossistvolymer &#8211; vi anpassar v\u00e5ra erbjudanden s\u00e5 att de passar din aff\u00e4rsmodell.<\/li>\n<\/ul>\n\n<p>\u00c4r du redo att uppgradera din inventarief\u00f6rteckning?<\/p>\n\n<p>Kontakta oss redan idag!<\/p>\n<p><div class=\"forminator-ui forminator-custom-form forminator-custom-form-1365 forminator-design--flat  forminator_ajax\" data-forminator-render=\"0\" data-form=\"forminator-module-1365\" data-uid=\"69f514bcc1754\"><br\/><\/div><form\n\t\t\t\tid=\"forminator-module-1365\"\n\t\t\t\tclass=\"forminator-ui forminator-custom-form forminator-custom-form-1365 forminator-design--flat  forminator_ajax\"\n\t\t\t\tmethod=\"post\"\n\t\t\t\tdata-forminator-render=\"0\"\n\t\t\t\tdata-form-id=\"1365\"\n\t\t\t\t data-color-option=\"default\" data-design=\"flat\" data-grid=\"open\" style=\"display: none;\"\n\t\t\t\tdata-uid=\"69f514bcc1754\"\n\t\t\t><div role=\"alert\" aria-live=\"polite\" class=\"forminator-response-message forminator-error\" aria-hidden=\"true\"><\/div><div class=\"forminator-row\"><div id=\"name-1\" class=\"forminator-field-name forminator-col forminator-col-6 \"><div class=\"forminator-field\"><input type=\"text\" name=\"name-1\" value=\"\" placeholder=\"First Name\" id=\"forminator-field-name-1_69f514bcc1754\" class=\"forminator-input forminator-name--field\" aria-required=\"true\" autocomplete=\"name\" \/><\/div><\/div><div id=\"name-2\" class=\"forminator-field-name forminator-col forminator-col-6 \"><div class=\"forminator-field\"><input type=\"text\" name=\"name-2\" value=\"\" placeholder=\"Last Name\" id=\"forminator-field-name-2_69f514bcc1754\" class=\"forminator-input forminator-name--field\" aria-required=\"true\" autocomplete=\"name\" \/><\/div><\/div><\/div><div class=\"forminator-row\"><div id=\"email-1\" class=\"forminator-field-email forminator-col forminator-col-12 \"><div class=\"forminator-field\"><input type=\"email\" name=\"email-1\" value=\"\" placeholder=\"Email\" id=\"forminator-field-email-1_69f514bcc1754\" class=\"forminator-input forminator-email--field\" data-required=\"true\" aria-required=\"true\" autocomplete=\"email\" \/><\/div><\/div><\/div><div class=\"forminator-row\"><div id=\"phone-1\" class=\"forminator-field-phone forminator-col forminator-col-12 \"><div class=\"forminator-field\"><input type=\"text\" name=\"phone-1\" value=\"\" placeholder=\"Phone\" id=\"forminator-field-phone-1_69f514bcc1754\" class=\"forminator-input forminator-field--phone\" data-required=\"\" aria-required=\"false\" autocomplete=\"off\" \/><\/div><\/div><\/div><div class=\"forminator-row\"><div id=\"textarea-1\" class=\"forminator-field-textarea forminator-col forminator-col-12 \"><div class=\"forminator-field\"><textarea name=\"textarea-1\" placeholder=\"Message\" id=\"forminator-field-textarea-1_69f514bcc1754\" class=\"forminator-textarea\" rows=\"6\" style=\"--forminator-textarea-min-height:140px;\" ><\/textarea><span id=\"forminator-field-textarea-1_69f514bcc1754-description\" class=\"forminator-description\"><span data-limit=\"300\" data-type=\"words\" data-editor=\"\">0 \/ 300<\/span><\/span><\/div><\/div><\/div><div class=\"forminator-row\"><\/div><input type=\"hidden\" name=\"referer_url\" value=\"\" \/><div class=\"forminator-row forminator-row-last\"><div class=\"forminator-col\"><div class=\"forminator-field\"><button class=\"forminator-button forminator-button-submit\">Send<\/button><\/div><\/div><\/div><input type=\"hidden\" id=\"forminator_nonce\" name=\"forminator_nonce\" value=\"245c0effe2\" \/><input type=\"hidden\" name=\"_wp_http_referer\" value=\"\/sv\/wp-json\/wp\/v2\/pages\/11375\" \/><input type=\"hidden\" name=\"form_id\" value=\"1365\"><input type=\"hidden\" name=\"page_id\" value=\"11375\"><input type=\"hidden\" name=\"form_type\" value=\"default\"><input type=\"hidden\" name=\"current_url\" value=\"https:\/\/matchawholesale.eu\/sv\/produkter\/\"><input type=\"hidden\" name=\"render_id\" value=\"0\"><input type=\"hidden\" name=\"action\" value=\"forminator_submit_form_custom-forms\"><label for=\"input_6\" class=\"forminator-hidden\" aria-hidden=\"true\">Please do not fill in this field. <input id=\"input_6\" type=\"text\" name=\"input_6\" value=\"\" autocomplete=\"off\"><\/label><\/form><\/p>\n","protected":false},"excerpt":{"rendered":"<p>Bra Matcha f\u00f6r alla aff\u00e4rsbehov Matcha Wholesale \u00f6verbryggar klyftan mellan japanska tefabriker och den europeiska marknaden. Oavsett om du \u00e4r en \u00e4gare av ett boutique-caf\u00e9 som s\u00f6ker ceremoniell excellens eller en storskalig tillverkare som beh\u00f6ver ingredienser f\u00f6r stora volymer, erbjuder v\u00e5rt urval av matcha den perfekta l\u00f6sningen. V\u00e5rt urval av Matcha Vi erbjuder ett omfattande [&hellip;]<\/p>\n","protected":false},"author":1,"featured_media":0,"parent":0,"menu_order":0,"comment_status":"closed","ping_status":"closed","template":"","meta":{"footnotes":""},"class_list":["post-11375","page","type-page","status-publish","hentry","entry"],"_links":{"self":[{"href":"https:\/\/matchawholesale.eu\/sv\/wp-json\/wp\/v2\/pages\/11375","targetHints":{"allow":["GET"]}}],"collection":[{"href":"https:\/\/matchawholesale.eu\/sv\/wp-json\/wp\/v2\/pages"}],"about":[{"href":"https:\/\/matchawholesale.eu\/sv\/wp-json\/wp\/v2\/types\/page"}],"author":[{"embeddable":true,"href":"https:\/\/matchawholesale.eu\/sv\/wp-json\/wp\/v2\/users\/1"}],"replies":[{"embeddable":true,"href":"https:\/\/matchawholesale.eu\/sv\/wp-json\/wp\/v2\/comments?post=11375"}],"version-history":[{"count":1,"href":"https:\/\/matchawholesale.eu\/sv\/wp-json\/wp\/v2\/pages\/11375\/revisions"}],"predecessor-version":[{"id":11376,"href":"https:\/\/matchawholesale.eu\/sv\/wp-json\/wp\/v2\/pages\/11375\/revisions\/11376"}],"wp:attachment":[{"href":"https:\/\/matchawholesale.eu\/sv\/wp-json\/wp\/v2\/media?parent=11375"}],"curies":[{"name":"wp","href":"https:\/\/api.w.org\/{rel}","templated":true}]}}