{"id":12026,"date":"2026-01-14T20:20:38","date_gmt":"2026-01-14T20:20:38","guid":{"rendered":"https:\/\/matchawholesale.eu\/vyrobky\/"},"modified":"2026-02-10T13:46:55","modified_gmt":"2026-02-10T13:46:55","slug":"vyrobky","status":"publish","type":"page","link":"https:\/\/matchawholesale.eu\/sk\/vyrobky\/","title":{"rendered":"V\u00fdrobky"},"content":{"rendered":"\n<h1 class=\"wp-block-heading\">Skvel\u00e1 matcha pre ka\u017ed\u00fa firemn\u00fa potrebu<\/h1>\n\n<figure class=\"wp-block-image size-large\"><img fetchpriority=\"high\" decoding=\"async\" width=\"1024\" height=\"683\" src=\"https:\/\/matchawholesale.eu\/wp-content\/uploads\/2026\/01\/10-1024x683.jpg\" alt=\"&#x10C;ajov&#xE9; polia pre matchu\" class=\"wp-image-11221\" srcset=\"https:\/\/matchawholesale.eu\/wp-content\/uploads\/2026\/01\/10-1024x683.jpg 1024w, https:\/\/matchawholesale.eu\/wp-content\/uploads\/2026\/01\/10-300x200.jpg 300w, https:\/\/matchawholesale.eu\/wp-content\/uploads\/2026\/01\/10-768x512.jpg 768w, https:\/\/matchawholesale.eu\/wp-content\/uploads\/2026\/01\/10.jpg 1200w\" sizes=\"(max-width: 1024px) 100vw, 1024px\" \/><figcaption class=\"wp-element-caption\">\u010cajov\u00e9 polia pre matchu<\/figcaption><\/figure>\n\n<p>Matcha Wholesale preklenuje priepas\u0165 medzi japonsk\u00fdmi \u010dajov\u00fdmi tov\u00e1r\u0148ami a eur\u00f3pskym trhom. \u010ci u\u017e ste majite\u013e butikovej kaviarne, ktor\u00fd h\u013ead\u00e1 ceremoni\u00e1lnu dokonalos\u0165, alebo ve\u013ek\u00fd v\u00fdrobca po\u017eaduj\u00faci ve\u013ek\u00e9 mno\u017estvo surov\u00edn, n\u00e1\u0161 starostlivo vybran\u00fd v\u00fdber matchy pon\u00faka dokonal\u00e9 rie\u0161enie. <\/p>\n\n<hr class=\"wp-block-separator has-alpha-channel-opacity\"\/>\n\n<h2 class=\"wp-block-heading\">N\u00e1\u0161 v\u00fdber matcha<\/h2>\n\n<p>Pon\u00fakame komplexn\u00fd v\u00fdber tried, aby ste na\u0161li presn\u00fd chu\u0165ov\u00fd profil a farebn\u00fa intenzitu potrebn\u00fa pre va\u0161e produkty:<\/p>\n\n<ul class=\"wp-block-list\">\n<li><strong>Organick\u00e9 a konven\u010dn\u00e9:<\/strong> Vyberte si z na\u0161ej certifikovanej organickej rady, pestovanej bez syntetick\u00fdch pestic\u00eddov, alebo z na\u0161ich kvalitn\u00fdch konven\u010dn\u00fdch mo\u017enost\u00ed.<\/li>\n\n\n\n<li><strong><a href=\"https:\/\/matchawholesale.eu\/sk\/?page_id=8447\" data-type=\"link\" data-id=\"https:\/\/matchawholesale.eu\/matcha-ceremonial-imperial-grade-wholesale\/\">Ceremoni\u00e1lny stupe\u0148<\/a>:<\/strong> Tieto listy, ktor\u00e9 sa zbieraj\u00fa na jar, pon\u00fakaj\u00fa \u017eiariv\u00fd zelen\u00fd odtie\u0148 a jemn\u00fa, umami bohat\u00fa chu\u0165, ide\u00e1lnu na tradi\u010dn\u00fa pr\u00edpravu alebo pr\u00e9miov\u00e9 latt\u00e9.<\/li>\n\n\n\n<li><strong><a href=\"https:\/\/matchawholesale.eu\/sk\/?page_id=8436\" data-type=\"link\" data-id=\"https:\/\/matchawholesale.eu\/matcha-premium-grade-wholesale\/\">Pr\u00e9miov\u00e1 trieda<\/a>:<\/strong> Robustn\u00fd, dobre vyv\u00e1\u017een\u00fd \u010daj zozbieran\u00fd nesk\u00f4r v sez\u00f3ne. Zachov\u00e1va si siln\u00fa &#8222;zelen\u00fa&#8220; chu\u0165, ktor\u00e1 kr\u00e1sne vydr\u017e\u00ed aj v kombin\u00e1cii s in\u00fdmi ingredienciami. <\/li>\n\n\n\n<li><strong><a href=\"https:\/\/matchawholesale.eu\/sk\/?page_id=8523\" data-type=\"link\" data-id=\"https:\/\/matchawholesale.eu\/matcha-culinary-grade-wholesale\/\">Kulin\u00e1rska \u00farove\u0148<\/a>:<\/strong> \u0160peci\u00e1lne navrhnut\u00e9 na pe\u010denie a varenie, poskytuj\u00face jedine\u010dn\u00fd matcha charakter potrebn\u00fd pre \u010dokol\u00e1dy, zmrzliny a pe\u010divo.<\/li>\n<\/ul>\n\n<hr class=\"wp-block-separator has-alpha-channel-opacity\"\/>\n\n<h2 class=\"wp-block-heading\">Rie\u0161enia pod\u013ea sektorov<\/h2>\n\n<h3 class=\"wp-block-heading\"><strong>Pre kaviarne a pohostinnos\u0165<\/strong> <\/h3>\n\n<p>Na\u0161e zmesi s\u00fa vybran\u00e9 pre svoje vlastnosti a schopnos\u0165 dokonale sa kombinova\u0165 s mlie\u010dnymi a rastlinn\u00fdmi mliekom, \u010d\u00edm zabezpe\u010dujeme hladk\u00e9, bezzhlukov\u00e9 latte zaka\u017ed\u00fdm.<\/p>\n\n<h3 class=\"wp-block-heading\"><strong>Pre priemyseln\u00e9 aplik\u00e1cie a v\u00fdrobu<\/strong> <\/h3>\n\n<p>Poskytujeme \u0161k\u00e1lovate\u013en\u00e9 rie\u0161enia pre potravin\u00e1rsky a n\u00e1pojov\u00fd priemysel. Okrem <strong>n\u00e1\u0161ho pr\u00e9miov\u00e9ho japonsk\u00e9ho p\u00f4vodu<\/strong> pon\u00fakame aj <strong>kvalitn\u00fa \u010d\u00ednsku matcha<\/strong> \u0161peci\u00e1lne z\u00edskan\u00fa pre priemyseln\u00e9 pou\u017eitie. To poskytuje cenovo efekt\u00edvnu a spo\u013eahliv\u00fa ingredienciu pre ve\u013ekov\u00fdrobu doplnkov, masovo balen\u00fdch n\u00e1pojov a spracovanie potrav\u00edn.  <\/p>\n\n<hr class=\"wp-block-separator has-alpha-channel-opacity\"\/>\n\n<h2 class=\"wp-block-heading\">Pre\u010do spolupracova\u0165 s nami?<\/h2>\n\n<ul class=\"wp-block-list\">\n<li><strong>Priamy zdroj:<\/strong> Vynech\u00e1vame sprostredkovate\u013eov, aby sme v\u00e1m priniesli najlep\u0161ie ve\u013ekoobchodn\u00e9 ceny na kontinente.<\/li>\n\n\n\n<li><strong>Logistika so s\u00eddlom v Belgicku:<\/strong> R\u00fdchla, spo\u013eahliv\u00e1 doprava naprie\u010d E\u00da a Schengensk\u00fdm priestorom.<\/li>\n\n\n\n<li><strong>St\u00e1la podpora:<\/strong> Od vzoriek a\u017e po vlastn\u00e9 ve\u013ekoobchodn\u00e9 objemy, prisp\u00f4sobujeme na\u0161u ponuku tak, aby vyhovovala v\u00e1\u0161mu obchodn\u00e9mu modelu.<\/li>\n<\/ul>\n\n<p>Ste pripraven\u00ed vylep\u0161i\u0165 svoj invent\u00e1r?<\/p>\n\n<p>Kontaktujte n\u00e1s e\u0161te dnes!<\/p>\n<p><div class=\"forminator-ui forminator-custom-form forminator-custom-form-1365 forminator-design--flat  forminator_ajax\" data-forminator-render=\"0\" data-form=\"forminator-module-1365\" data-uid=\"69f3b88fb58a3\"><br\/><\/div><form\n\t\t\t\tid=\"forminator-module-1365\"\n\t\t\t\tclass=\"forminator-ui forminator-custom-form forminator-custom-form-1365 forminator-design--flat  forminator_ajax\"\n\t\t\t\tmethod=\"post\"\n\t\t\t\tdata-forminator-render=\"0\"\n\t\t\t\tdata-form-id=\"1365\"\n\t\t\t\t data-color-option=\"default\" data-design=\"flat\" data-grid=\"open\" style=\"display: none;\"\n\t\t\t\tdata-uid=\"69f3b88fb58a3\"\n\t\t\t><div role=\"alert\" aria-live=\"polite\" class=\"forminator-response-message forminator-error\" aria-hidden=\"true\"><\/div><div class=\"forminator-row\"><div id=\"name-1\" class=\"forminator-field-name forminator-col forminator-col-6 \"><div class=\"forminator-field\"><input type=\"text\" name=\"name-1\" value=\"\" placeholder=\"First Name\" id=\"forminator-field-name-1_69f3b88fb58a3\" class=\"forminator-input forminator-name--field\" aria-required=\"true\" autocomplete=\"name\" \/><\/div><\/div><div id=\"name-2\" class=\"forminator-field-name forminator-col forminator-col-6 \"><div class=\"forminator-field\"><input type=\"text\" name=\"name-2\" value=\"\" placeholder=\"Last Name\" id=\"forminator-field-name-2_69f3b88fb58a3\" class=\"forminator-input forminator-name--field\" aria-required=\"true\" autocomplete=\"name\" \/><\/div><\/div><\/div><div class=\"forminator-row\"><div id=\"email-1\" class=\"forminator-field-email forminator-col forminator-col-12 \"><div class=\"forminator-field\"><input type=\"email\" name=\"email-1\" value=\"\" placeholder=\"Email\" id=\"forminator-field-email-1_69f3b88fb58a3\" class=\"forminator-input forminator-email--field\" data-required=\"true\" aria-required=\"true\" autocomplete=\"email\" \/><\/div><\/div><\/div><div class=\"forminator-row\"><div id=\"phone-1\" class=\"forminator-field-phone forminator-col forminator-col-12 \"><div class=\"forminator-field\"><input type=\"text\" name=\"phone-1\" value=\"\" placeholder=\"Phone\" id=\"forminator-field-phone-1_69f3b88fb58a3\" class=\"forminator-input forminator-field--phone\" data-required=\"\" aria-required=\"false\" autocomplete=\"off\" \/><\/div><\/div><\/div><div class=\"forminator-row\"><div id=\"textarea-1\" class=\"forminator-field-textarea forminator-col forminator-col-12 \"><div class=\"forminator-field\"><textarea name=\"textarea-1\" placeholder=\"Message\" id=\"forminator-field-textarea-1_69f3b88fb58a3\" class=\"forminator-textarea\" rows=\"6\" style=\"--forminator-textarea-min-height:140px;\" ><\/textarea><span id=\"forminator-field-textarea-1_69f3b88fb58a3-description\" class=\"forminator-description\"><span data-limit=\"300\" data-type=\"words\" data-editor=\"\">0 \/ 300<\/span><\/span><\/div><\/div><\/div><div class=\"forminator-row\"><\/div><input type=\"hidden\" name=\"referer_url\" value=\"\" \/><div class=\"forminator-row forminator-row-last\"><div class=\"forminator-col\"><div class=\"forminator-field\"><button class=\"forminator-button forminator-button-submit\">Send<\/button><\/div><\/div><\/div><input type=\"hidden\" id=\"forminator_nonce\" name=\"forminator_nonce\" value=\"76af7f8fd8\" \/><input type=\"hidden\" name=\"_wp_http_referer\" value=\"\/sk\/wp-json\/wp\/v2\/pages\/12026\" \/><input type=\"hidden\" name=\"form_id\" value=\"1365\"><input type=\"hidden\" name=\"page_id\" value=\"12026\"><input type=\"hidden\" name=\"form_type\" value=\"default\"><input type=\"hidden\" name=\"current_url\" value=\"https:\/\/matchawholesale.eu\/sk\/vyrobky\/\"><input type=\"hidden\" name=\"render_id\" value=\"0\"><input type=\"hidden\" name=\"action\" value=\"forminator_submit_form_custom-forms\"><label for=\"input_6\" class=\"forminator-hidden\" aria-hidden=\"true\">Please do not fill in this field. <input id=\"input_6\" type=\"text\" name=\"input_6\" value=\"\" autocomplete=\"off\"><\/label><\/form><\/p>\n","protected":false},"excerpt":{"rendered":"<p>Skvel\u00e1 matcha pre ka\u017ed\u00fa firemn\u00fa potrebu Matcha Wholesale preklenuje priepas\u0165 medzi japonsk\u00fdmi \u010dajov\u00fdmi tov\u00e1r\u0148ami a eur\u00f3pskym trhom. \u010ci u\u017e ste majite\u013e butikovej kaviarne, ktor\u00fd h\u013ead\u00e1 ceremoni\u00e1lnu dokonalos\u0165, alebo ve\u013ek\u00fd v\u00fdrobca po\u017eaduj\u00faci ve\u013ek\u00e9 mno\u017estvo surov\u00edn, n\u00e1\u0161 starostlivo vybran\u00fd v\u00fdber matchy pon\u00faka dokonal\u00e9 rie\u0161enie. N\u00e1\u0161 v\u00fdber matcha Pon\u00fakame komplexn\u00fd v\u00fdber tried, aby ste na\u0161li presn\u00fd chu\u0165ov\u00fd profil [&hellip;]<\/p>\n","protected":false},"author":1,"featured_media":12030,"parent":0,"menu_order":0,"comment_status":"closed","ping_status":"closed","template":"","meta":{"footnotes":""},"class_list":["post-12026","page","type-page","status-publish","has-post-thumbnail","hentry","entry","has-media"],"_links":{"self":[{"href":"https:\/\/matchawholesale.eu\/sk\/wp-json\/wp\/v2\/pages\/12026","targetHints":{"allow":["GET"]}}],"collection":[{"href":"https:\/\/matchawholesale.eu\/sk\/wp-json\/wp\/v2\/pages"}],"about":[{"href":"https:\/\/matchawholesale.eu\/sk\/wp-json\/wp\/v2\/types\/page"}],"author":[{"embeddable":true,"href":"https:\/\/matchawholesale.eu\/sk\/wp-json\/wp\/v2\/users\/1"}],"replies":[{"embeddable":true,"href":"https:\/\/matchawholesale.eu\/sk\/wp-json\/wp\/v2\/comments?post=12026"}],"version-history":[{"count":1,"href":"https:\/\/matchawholesale.eu\/sk\/wp-json\/wp\/v2\/pages\/12026\/revisions"}],"predecessor-version":[{"id":12033,"href":"https:\/\/matchawholesale.eu\/sk\/wp-json\/wp\/v2\/pages\/12026\/revisions\/12033"}],"wp:featuredmedia":[{"embeddable":true,"href":"https:\/\/matchawholesale.eu\/sk\/wp-json\/wp\/v2\/media\/12030"}],"wp:attachment":[{"href":"https:\/\/matchawholesale.eu\/sk\/wp-json\/wp\/v2\/media?parent=12026"}],"curies":[{"name":"wp","href":"https:\/\/api.w.org\/{rel}","templated":true}]}}