{"id":11963,"date":"2026-01-27T11:35:28","date_gmt":"2026-01-27T11:35:28","guid":{"rendered":"https:\/\/matchawholesale.eu\/matcha-en-gros-pentru-producatorii-de-alimente\/"},"modified":"2026-02-10T13:45:52","modified_gmt":"2026-02-10T13:45:52","slug":"matcha-en-gros-pentru-producatorii-de-alimente","status":"publish","type":"page","link":"https:\/\/matchawholesale.eu\/ro\/matcha-en-gros-pentru-producatorii-de-alimente\/","title":{"rendered":"Matcha en-gros pentru produc\u0103torii de alimente"},"content":{"rendered":"\n<h1 class=\"wp-block-heading\">Matcha en-gros pentru produc\u0103torii de alimente<\/h1>\n\n<figure class=\"wp-block-image size-large\"><img fetchpriority=\"high\" decoding=\"async\" width=\"1024\" height=\"576\" src=\"https:\/\/matchawholesale.eu\/wp-content\/uploads\/2026\/01\/11-1024x576.jpg\" alt=\"Matcha pentru fabricile alimentare, companii &#x219;i produc&#x103;tori\" class=\"wp-image-11263\" srcset=\"https:\/\/matchawholesale.eu\/wp-content\/uploads\/2026\/01\/11-1024x576.jpg 1024w, https:\/\/matchawholesale.eu\/wp-content\/uploads\/2026\/01\/11-300x169.jpg 300w, https:\/\/matchawholesale.eu\/wp-content\/uploads\/2026\/01\/11-768x432.jpg 768w, https:\/\/matchawholesale.eu\/wp-content\/uploads\/2026\/01\/11-800x450.jpg 800w, https:\/\/matchawholesale.eu\/wp-content\/uploads\/2026\/01\/11.jpg 1136w\" sizes=\"(max-width: 1024px) 100vw, 1024px\" \/><figcaption class=\"wp-element-caption\">Matcha pentru fabricile alimentare, companii \u0219i produc\u0103tori<\/figcaption><\/figure>\n\n<p>Matcha Wholesale este alegerea ideal\u0103 pentru produc\u0103torii care caut\u0103 aprovizionare B2B B2B fiabil\u0103, cu volum mare, care s\u0103 sus\u021bin\u0103 produc\u021bia eficient\u0103 \u0219i cre\u0219terea profitabil\u0103.<\/p>\n\n<p>G\u0103si\u021bi mai jos garan\u021biile noastre.<\/p>\n\n<h2 class=\"wp-block-heading\">1. Originea japonez\u0103<\/h2>\n\n<p>Ob\u021binut direct de la planta\u021biile de ceai din Japonia. Colabor\u0103m cu o re\u021bea de fermieri care asigur\u0103 o aprovizionare constant\u0103 \u0219i fiabil\u0103.   <\/p>\n\n<p>Re\u021bine\u021bi c\u0103 pentru proiectele care nu necesit\u0103 origine japonez\u0103, putem procura \u0219i hojicha chinezesc la pre\u021buri avantajoase.  <\/p>\n\n<h2 class=\"wp-block-heading\">2. Calitate superioar\u0103 \u0219i consisten\u021b\u0103<\/h2>\n\n<p>Consisten\u021ba de la un lot la altul minimizeaz\u0103 variabilitatea produc\u021biei, ajut\u00e2ndu-te s\u0103 men\u021bii standardele de produs pe parcursul unor serii mari.<\/p>\n\n<h2 class=\"wp-block-heading\">3. Note versatile pentru nevoile tale<\/h2>\n\n<p>Alege \u00eentre matcha de calitate culinar\u0103 optimizat\u0103 pentru aplica\u021bii de fabrica\u021bie precum coacerea, congelarea sau amestecarea, sau o variant\u0103 ceremonial\u0103 premium pentru formule de \u00eenalt\u0103 calitate. Oferim amestecuri personalizate pentru a se potrivi profilurilor tale specifice de arom\u0103 \u0219i cerin\u021belor tale de procesare. <\/p>\n\n<h2 class=\"wp-block-heading\">4. Op\u021biuni Certificate Organice \u0219i Conven\u021bionale<\/h2>\n\n<p>Furnizorii no\u0219tri sunt conformi cu FSSC 22000, asigur\u00e2nd sisteme de siguran\u021b\u0103 alimentar\u0103 \u0219i management al calit\u0103\u021bii de top, aliniate cu reglement\u0103rile globale de produc\u021bie.<\/p>\n\n<h2 class=\"wp-block-heading\">5. Testare riguroas\u0103 \u0219i siguran\u021b\u0103<\/h2>\n\n<p>Fiecare lot trece prin teste independente de laborator pentru pesticide, metale grele, microbi \u0219i contaminan\u021bi, cu Certificate de Analiz\u0103 (CoA) furnizate. Aceast\u0103 transparen\u021b\u0103 protejeaz\u0103 lan\u021bul dumneavoastr\u0103 de aprovizionare \u0219i sus\u021bine conformitatea cu HACCP, ISO \u0219i alte standarde din industrie. <\/p>\n\n<h2 class=\"wp-block-heading\">6. Aprovizionare scalabil\u0103 \u0219i fiabilitate<\/h2>\n\n<p>Cu comenzi flexibile, \u00eencep\u00e2nd de la 1 kg p\u00e2n\u0103 la cantit\u0103\u021bi de mai multe tone, gestion\u0103m cereri de volum mare f\u0103r\u0103 \u00eentreruperi. Logistica noastr\u0103 robust\u0103 asigur\u0103 livr\u0103ri la timp, ajut\u00e2ndu-v\u0103 s\u0103 evita\u021bi perioadele de nefunc\u021bionare \u0219i s\u0103 respecta\u021bi eficient programele de produc\u021bie. <\/p>\n\n<h2 class=\"wp-block-heading\">7. Pre\u021buri competitive \u00een vrac<\/h2>\n\n<p>Bucur\u0103-te de reduceri bazate pe volum \u0219i structuri de pre\u021buri transparente care echilibreaz\u0103 calitatea premium cu rentabilitatea. Contractele pe termen lung blocheaz\u0103 ratele, permi\u021b\u00e2nd prognoze mai bune \u0219i marje mai mari pentru produsele finale. <\/p>\n\n<h2 class=\"wp-block-heading\">8. Suport pentru clien\u021bi pe 365 de zile<\/h2>\n\n<p>R\u0103spundem la \u00eentreb\u0103rile tale \u0219i oferim suport clien\u021bilor no\u0219tri \u00een fiecare zi a anului.  <\/p>\n\n<h2 class=\"wp-block-heading\">De ce s\u0103 colaborezi cu Matcha Wholesale<\/h2>\n\n<p>La MatchaWholesale.eu, prioritiz\u0103m produc\u0103torii oferind matcha direct din Japonia, f\u0103r\u0103 intermediari, asigur\u00e2nd prospe\u021bime \u0219i valoare.  <\/p>\n\n<p>Comenzile minime sc\u0103zute fac testarea \u0219i scalarea u\u0219oar\u0103, \u00een timp ce transportul nostru global men\u021bine costurile sc\u0103zute \u0219i livr\u0103rile fiabile. Fie c\u0103 produci gust\u0103ri organice sau deserturi conven\u021bionale, noi oferim instrumentele necesare pentru succes. <\/p>\n\n<h2 class=\"wp-block-heading\">Contacteaz\u0103-ne<\/h2>\n\n<p>Contacteaz\u0103-ne pentru un e\u0219antion gratuit, o ofert\u0103 personalizat\u0103 sau o consulta\u021bie.  <\/p>\n\n<div class=\"forminator-guttenberg\"><div class=\"forminator-ui forminator-custom-form forminator-custom-form-1365 forminator-design--flat  forminator_ajax\" data-forminator-render=\"0\" data-form=\"forminator-module-1365\" data-uid=\"69f63dec74834\"><br\/><\/div><form\n\t\t\t\tid=\"forminator-module-1365\"\n\t\t\t\tclass=\"forminator-ui forminator-custom-form forminator-custom-form-1365 forminator-design--flat  forminator_ajax\"\n\t\t\t\tmethod=\"post\"\n\t\t\t\tdata-forminator-render=\"0\"\n\t\t\t\tdata-form-id=\"1365\"\n\t\t\t\t data-color-option=\"default\" data-design=\"flat\" data-grid=\"open\" style=\"display: none;\"\n\t\t\t\tdata-uid=\"69f63dec74834\"\n\t\t\t><div role=\"alert\" aria-live=\"polite\" class=\"forminator-response-message forminator-error\" aria-hidden=\"true\"><\/div><div class=\"forminator-row\"><div id=\"name-1\" class=\"forminator-field-name forminator-col forminator-col-6 \"><div class=\"forminator-field\"><input type=\"text\" name=\"name-1\" value=\"\" placeholder=\"First Name\" id=\"forminator-field-name-1_69f63dec74834\" class=\"forminator-input forminator-name--field\" aria-required=\"true\" autocomplete=\"name\" \/><\/div><\/div><div id=\"name-2\" class=\"forminator-field-name forminator-col forminator-col-6 \"><div class=\"forminator-field\"><input type=\"text\" name=\"name-2\" value=\"\" placeholder=\"Last Name\" id=\"forminator-field-name-2_69f63dec74834\" class=\"forminator-input forminator-name--field\" aria-required=\"true\" autocomplete=\"name\" \/><\/div><\/div><\/div><div class=\"forminator-row\"><div id=\"email-1\" class=\"forminator-field-email forminator-col forminator-col-12 \"><div class=\"forminator-field\"><input type=\"email\" name=\"email-1\" value=\"\" placeholder=\"Email\" id=\"forminator-field-email-1_69f63dec74834\" class=\"forminator-input forminator-email--field\" data-required=\"true\" aria-required=\"true\" autocomplete=\"email\" \/><\/div><\/div><\/div><div class=\"forminator-row\"><div id=\"phone-1\" class=\"forminator-field-phone forminator-col forminator-col-12 \"><div class=\"forminator-field\"><input type=\"text\" name=\"phone-1\" value=\"\" placeholder=\"Phone\" id=\"forminator-field-phone-1_69f63dec74834\" class=\"forminator-input forminator-field--phone\" data-required=\"\" aria-required=\"false\" autocomplete=\"off\" \/><\/div><\/div><\/div><div class=\"forminator-row\"><div id=\"textarea-1\" class=\"forminator-field-textarea forminator-col forminator-col-12 \"><div class=\"forminator-field\"><textarea name=\"textarea-1\" placeholder=\"Message\" id=\"forminator-field-textarea-1_69f63dec74834\" class=\"forminator-textarea\" rows=\"6\" style=\"--forminator-textarea-min-height:140px;\" ><\/textarea><span id=\"forminator-field-textarea-1_69f63dec74834-description\" class=\"forminator-description\"><span data-limit=\"300\" data-type=\"words\" data-editor=\"\">0 \/ 300<\/span><\/span><\/div><\/div><\/div><div class=\"forminator-row\"><\/div><input type=\"hidden\" name=\"referer_url\" value=\"\" \/><div class=\"forminator-row forminator-row-last\"><div class=\"forminator-col\"><div class=\"forminator-field\"><button class=\"forminator-button forminator-button-submit\">Send<\/button><\/div><\/div><\/div><input type=\"hidden\" id=\"forminator_nonce\" name=\"forminator_nonce\" value=\"b4548ebc10\" \/><input type=\"hidden\" name=\"_wp_http_referer\" value=\"\/ro\/wp-json\/wp\/v2\/pages\/11963\" \/><input type=\"hidden\" name=\"form_id\" value=\"1365\"><input type=\"hidden\" name=\"page_id\" value=\"11963\"><input type=\"hidden\" name=\"form_type\" value=\"default\"><input type=\"hidden\" name=\"current_url\" value=\"https:\/\/matchawholesale.eu\/ro\/matcha-en-gros-pentru-producatorii-de-alimente\/\"><input type=\"hidden\" name=\"render_id\" value=\"0\"><input type=\"hidden\" name=\"action\" value=\"forminator_submit_form_custom-forms\"><label for=\"input_6\" class=\"forminator-hidden\" aria-hidden=\"true\">Please do not fill in this field. <input id=\"input_6\" type=\"text\" name=\"input_6\" value=\"\" autocomplete=\"off\"><\/label><\/form><\/div>\n","protected":false},"excerpt":{"rendered":"<p>Matcha en-gros pentru produc\u0103torii de alimente Matcha Wholesale este alegerea ideal\u0103 pentru produc\u0103torii care caut\u0103 aprovizionare B2B B2B fiabil\u0103, cu volum mare, care s\u0103 sus\u021bin\u0103 produc\u021bia eficient\u0103 \u0219i cre\u0219terea profitabil\u0103. G\u0103si\u021bi mai jos garan\u021biile noastre. 1. Originea japonez\u0103 Ob\u021binut direct de la planta\u021biile de ceai din Japonia. Colabor\u0103m cu o re\u021bea de fermieri care asigur\u0103 [&hellip;]<\/p>\n","protected":false},"author":1,"featured_media":11966,"parent":0,"menu_order":0,"comment_status":"closed","ping_status":"closed","template":"","meta":{"footnotes":""},"class_list":["post-11963","page","type-page","status-publish","has-post-thumbnail","hentry","entry","has-media"],"_links":{"self":[{"href":"https:\/\/matchawholesale.eu\/ro\/wp-json\/wp\/v2\/pages\/11963","targetHints":{"allow":["GET"]}}],"collection":[{"href":"https:\/\/matchawholesale.eu\/ro\/wp-json\/wp\/v2\/pages"}],"about":[{"href":"https:\/\/matchawholesale.eu\/ro\/wp-json\/wp\/v2\/types\/page"}],"author":[{"embeddable":true,"href":"https:\/\/matchawholesale.eu\/ro\/wp-json\/wp\/v2\/users\/1"}],"replies":[{"embeddable":true,"href":"https:\/\/matchawholesale.eu\/ro\/wp-json\/wp\/v2\/comments?post=11963"}],"version-history":[{"count":1,"href":"https:\/\/matchawholesale.eu\/ro\/wp-json\/wp\/v2\/pages\/11963\/revisions"}],"predecessor-version":[{"id":11967,"href":"https:\/\/matchawholesale.eu\/ro\/wp-json\/wp\/v2\/pages\/11963\/revisions\/11967"}],"wp:featuredmedia":[{"embeddable":true,"href":"https:\/\/matchawholesale.eu\/ro\/wp-json\/wp\/v2\/media\/11966"}],"wp:attachment":[{"href":"https:\/\/matchawholesale.eu\/ro\/wp-json\/wp\/v2\/media?parent=11963"}],"curies":[{"name":"wp","href":"https:\/\/api.w.org\/{rel}","templated":true}]}}