{"id":11380,"date":"2026-01-14T20:20:38","date_gmt":"2026-01-14T20:20:38","guid":{"rendered":"https:\/\/matchawholesale.eu\/produtos\/"},"modified":"2026-02-10T10:02:30","modified_gmt":"2026-02-10T10:02:30","slug":"produtos","status":"publish","type":"page","link":"https:\/\/matchawholesale.eu\/pt-pt\/produtos\/","title":{"rendered":"Produtos"},"content":{"rendered":"\n<h1 class=\"wp-block-heading\">Matcha excelente para cada necessidade de neg\u00f3cio<\/h1>\n\n<figure class=\"wp-block-image size-large\"><img fetchpriority=\"high\" decoding=\"async\" width=\"1024\" height=\"683\" src=\"https:\/\/matchawholesale.eu\/wp-content\/uploads\/2026\/01\/10-1024x683.jpg\" alt=\"Campos de ch&#xE1; para matcha\" class=\"wp-image-11221\" srcset=\"https:\/\/matchawholesale.eu\/wp-content\/uploads\/2026\/01\/10-1024x683.jpg 1024w, https:\/\/matchawholesale.eu\/wp-content\/uploads\/2026\/01\/10-300x200.jpg 300w, https:\/\/matchawholesale.eu\/wp-content\/uploads\/2026\/01\/10-768x512.jpg 768w, https:\/\/matchawholesale.eu\/wp-content\/uploads\/2026\/01\/10.jpg 1200w\" sizes=\"(max-width: 1024px) 100vw, 1024px\" \/><figcaption class=\"wp-element-caption\">Campos de ch\u00e1 para matcha<\/figcaption><\/figure>\n\n<p>A Matcha Wholesale faz a ponte entre as f\u00e1bricas de ch\u00e1 japonesas e o mercado europeu. Quer sejas o propriet\u00e1rio de um caf\u00e9 boutique que procura excel\u00eancia cerimonial ou um fabricante em grande escala que necessita de ingredientes de grande volume, a nossa sele\u00e7\u00e3o de matcha oferece a solu\u00e7\u00e3o perfeita. <\/p>\n\n<hr class=\"wp-block-separator has-alpha-channel-opacity\"\/>\n\n<h2 class=\"wp-block-heading\">A nossa sele\u00e7\u00e3o de Matcha<\/h2>\n\n<p>Oferecemos uma gama abrangente de qualidades para garantir que encontras o perfil de sabor e a intensidade de cor exactos necess\u00e1rios para os teus produtos:<\/p>\n\n<ul class=\"wp-block-list\">\n<li><strong>Biol\u00f3gico e convencional:<\/strong> Escolhe entre a nossa gama org\u00e2nica certificada, cultivada sem pesticidas sint\u00e9ticos, ou as nossas op\u00e7\u00f5es convencionais de alta qualidade.<\/li>\n\n\n\n<li><strong><a href=\"https:\/\/matchawholesale.eu\/pt-pt\/?page_id=6600\" data-type=\"link\" data-id=\"https:\/\/matchawholesale.eu\/matcha-ceremonial-imperial-grade-wholesale\/\">Grau Cerimonial<\/a>:<\/strong> Colhidas no in\u00edcio da primavera, estas folhas oferecem uma tonalidade verde vibrante e um sabor delicado e rico em umami, ideal para prepara\u00e7\u00f5es tradicionais ou lattes premium.<\/li>\n\n\n\n<li><strong><a href=\"https:\/\/matchawholesale.eu\/pt-pt\/?page_id=6621\" data-type=\"link\" data-id=\"https:\/\/matchawholesale.eu\/matcha-premium-grade-wholesale\/\">Grau Premium<\/a>:<\/strong> Um ch\u00e1 robusto e equilibrado colhido mais tarde na esta\u00e7\u00e3o. Mant\u00e9m um forte sabor &#8220;verde&#8221; que se aguenta muito bem quando misturado com outros ingredientes. <\/li>\n\n\n\n<li><strong><a href=\"https:\/\/matchawholesale.eu\/pt-pt\/?page_id=6616\" data-type=\"link\" data-id=\"https:\/\/matchawholesale.eu\/matcha-culinary-grade-wholesale\/\">Grau Culin\u00e1rio<\/a>:<\/strong> Especificamente concebido para cozer e cozinhar, proporcionando o car\u00e1cter distinto do matcha necess\u00e1rio para chocolates, gelados e pastelaria.<\/li>\n<\/ul>\n\n<hr class=\"wp-block-separator has-alpha-channel-opacity\"\/>\n\n<h2 class=\"wp-block-heading\">Solu\u00e7\u00f5es por sector<\/h2>\n\n<h3 class=\"wp-block-heading\"><strong>Para Caf\u00e9s e Hotelaria<\/strong> <\/h3>\n\n<p>As nossas misturas s\u00e3o selecionadas pelas suas propriedades e capacidade de combinar perfeitamente com leites l\u00e1cteos e vegetais, garantindo sempre um caf\u00e9 com leite suave e sem grumos.<\/p>\n\n<h3 class=\"wp-block-heading\"><strong>Para aplica\u00e7\u00f5es industriais e fabrico<\/strong> <\/h3>\n\n<p>Fornecemos solu\u00e7\u00f5es escal\u00e1veis para a ind\u00fastria alimentar e de bebidas. Para al\u00e9m das nossas <strong>origens japonesas<\/strong> de primeira qualidade, oferecemos <strong>matcha chin\u00eas de alta qualidade<\/strong>, especificamente concebido para utiliza\u00e7\u00e3o industrial. Isto proporciona um ingrediente econ\u00f3mico e fi\u00e1vel para a produ\u00e7\u00e3o em larga escala de suplementos, bebidas engarrafadas para o mercado de massas e processamento de alimentos.  <\/p>\n\n<hr class=\"wp-block-separator has-alpha-channel-opacity\"\/>\n\n<h2 class=\"wp-block-heading\">Porqu\u00ea ser nosso parceiro?<\/h2>\n\n<ul class=\"wp-block-list\">\n<li><strong>Fornecimento direto:<\/strong> Eliminamos os intermedi\u00e1rios para te oferecer os melhores pre\u00e7os por grosso do continente.<\/li>\n\n\n\n<li><strong>Log\u00edstica sediada na B\u00e9lgica:<\/strong> Envio r\u00e1pido e fi\u00e1vel para toda a UE e Espa\u00e7o Schengen.<\/li>\n\n\n\n<li><strong>Apoio constante:<\/strong> Desde amostras a volumes por atacado personalizados, adaptamos as nossas ofertas ao teu modelo de neg\u00f3cio.<\/li>\n<\/ul>\n\n<p>Pronto para atualizar o teu invent\u00e1rio?<\/p>\n\n<p>Contacta-nos hoje mesmo!<\/p>\n<p><div class=\"forminator-ui forminator-custom-form forminator-custom-form-1365 forminator-design--flat  forminator_ajax\" data-forminator-render=\"0\" data-form=\"forminator-module-1365\" data-uid=\"69f709367e237\"><br\/><\/div><form\n\t\t\t\tid=\"forminator-module-1365\"\n\t\t\t\tclass=\"forminator-ui forminator-custom-form forminator-custom-form-1365 forminator-design--flat  forminator_ajax\"\n\t\t\t\tmethod=\"post\"\n\t\t\t\tdata-forminator-render=\"0\"\n\t\t\t\tdata-form-id=\"1365\"\n\t\t\t\t data-color-option=\"default\" data-design=\"flat\" data-grid=\"open\" style=\"display: none;\"\n\t\t\t\tdata-uid=\"69f709367e237\"\n\t\t\t><div role=\"alert\" aria-live=\"polite\" class=\"forminator-response-message forminator-error\" aria-hidden=\"true\"><\/div><div class=\"forminator-row\"><div id=\"name-1\" class=\"forminator-field-name forminator-col forminator-col-6 \"><div class=\"forminator-field\"><input type=\"text\" name=\"name-1\" value=\"\" placeholder=\"First Name\" id=\"forminator-field-name-1_69f709367e237\" class=\"forminator-input forminator-name--field\" aria-required=\"true\" autocomplete=\"name\" \/><\/div><\/div><div id=\"name-2\" class=\"forminator-field-name forminator-col forminator-col-6 \"><div class=\"forminator-field\"><input type=\"text\" name=\"name-2\" value=\"\" placeholder=\"Last Name\" id=\"forminator-field-name-2_69f709367e237\" class=\"forminator-input forminator-name--field\" aria-required=\"true\" autocomplete=\"name\" \/><\/div><\/div><\/div><div class=\"forminator-row\"><div id=\"email-1\" class=\"forminator-field-email forminator-col forminator-col-12 \"><div class=\"forminator-field\"><input type=\"email\" name=\"email-1\" value=\"\" placeholder=\"Email\" id=\"forminator-field-email-1_69f709367e237\" class=\"forminator-input forminator-email--field\" data-required=\"true\" aria-required=\"true\" autocomplete=\"email\" \/><\/div><\/div><\/div><div class=\"forminator-row\"><div id=\"phone-1\" class=\"forminator-field-phone forminator-col forminator-col-12 \"><div class=\"forminator-field\"><input type=\"text\" name=\"phone-1\" value=\"\" placeholder=\"Phone\" id=\"forminator-field-phone-1_69f709367e237\" class=\"forminator-input forminator-field--phone\" data-required=\"\" aria-required=\"false\" autocomplete=\"off\" \/><\/div><\/div><\/div><div class=\"forminator-row\"><div id=\"textarea-1\" class=\"forminator-field-textarea forminator-col forminator-col-12 \"><div class=\"forminator-field\"><textarea name=\"textarea-1\" placeholder=\"Message\" id=\"forminator-field-textarea-1_69f709367e237\" class=\"forminator-textarea\" rows=\"6\" style=\"--forminator-textarea-min-height:140px;\" ><\/textarea><span id=\"forminator-field-textarea-1_69f709367e237-description\" class=\"forminator-description\"><span data-limit=\"300\" data-type=\"words\" data-editor=\"\">0 \/ 300<\/span><\/span><\/div><\/div><\/div><div class=\"forminator-row\"><\/div><input type=\"hidden\" name=\"referer_url\" value=\"\" \/><div class=\"forminator-row forminator-row-last\"><div class=\"forminator-col\"><div class=\"forminator-field\"><button class=\"forminator-button forminator-button-submit\">Send<\/button><\/div><\/div><\/div><input type=\"hidden\" id=\"forminator_nonce\" name=\"forminator_nonce\" value=\"8af387a60d\" \/><input type=\"hidden\" name=\"_wp_http_referer\" value=\"\/pt-pt\/wp-json\/wp\/v2\/pages\/11380\" \/><input type=\"hidden\" name=\"form_id\" value=\"1365\"><input type=\"hidden\" name=\"page_id\" value=\"11380\"><input type=\"hidden\" name=\"form_type\" value=\"default\"><input type=\"hidden\" name=\"current_url\" value=\"https:\/\/matchawholesale.eu\/pt-pt\/produtos\/\"><input type=\"hidden\" name=\"render_id\" value=\"0\"><input type=\"hidden\" name=\"action\" value=\"forminator_submit_form_custom-forms\"><label for=\"input_6\" class=\"forminator-hidden\" aria-hidden=\"true\">Please do not fill in this field. <input id=\"input_6\" type=\"text\" name=\"input_6\" value=\"\" autocomplete=\"off\"><\/label><\/form><\/p>\n","protected":false},"excerpt":{"rendered":"<p>Matcha excelente para cada necessidade de neg\u00f3cio A Matcha Wholesale faz a ponte entre as f\u00e1bricas de ch\u00e1 japonesas e o mercado europeu. Quer sejas o propriet\u00e1rio de um caf\u00e9 boutique que procura excel\u00eancia cerimonial ou um fabricante em grande escala que necessita de ingredientes de grande volume, a nossa sele\u00e7\u00e3o de matcha oferece a [&hellip;]<\/p>\n","protected":false},"author":1,"featured_media":0,"parent":0,"menu_order":0,"comment_status":"closed","ping_status":"closed","template":"","meta":{"footnotes":""},"class_list":["post-11380","page","type-page","status-publish","hentry","entry"],"_links":{"self":[{"href":"https:\/\/matchawholesale.eu\/pt-pt\/wp-json\/wp\/v2\/pages\/11380","targetHints":{"allow":["GET"]}}],"collection":[{"href":"https:\/\/matchawholesale.eu\/pt-pt\/wp-json\/wp\/v2\/pages"}],"about":[{"href":"https:\/\/matchawholesale.eu\/pt-pt\/wp-json\/wp\/v2\/types\/page"}],"author":[{"embeddable":true,"href":"https:\/\/matchawholesale.eu\/pt-pt\/wp-json\/wp\/v2\/users\/1"}],"replies":[{"embeddable":true,"href":"https:\/\/matchawholesale.eu\/pt-pt\/wp-json\/wp\/v2\/comments?post=11380"}],"version-history":[{"count":1,"href":"https:\/\/matchawholesale.eu\/pt-pt\/wp-json\/wp\/v2\/pages\/11380\/revisions"}],"predecessor-version":[{"id":11381,"href":"https:\/\/matchawholesale.eu\/pt-pt\/wp-json\/wp\/v2\/pages\/11380\/revisions\/11381"}],"wp:attachment":[{"href":"https:\/\/matchawholesale.eu\/pt-pt\/wp-json\/wp\/v2\/media?parent=11380"}],"curies":[{"name":"wp","href":"https:\/\/api.w.org\/{rel}","templated":true}]}}