{"id":12042,"date":"2026-01-14T20:20:38","date_gmt":"2026-01-14T20:20:38","guid":{"rendered":"https:\/\/matchawholesale.eu\/produkter\/"},"modified":"2026-02-10T13:46:55","modified_gmt":"2026-02-10T13:46:55","slug":"produkter","status":"publish","type":"page","link":"https:\/\/matchawholesale.eu\/no\/produkter\/","title":{"rendered":"Produkter"},"content":{"rendered":"\n<h1 class=\"wp-block-heading\">Flott matcha for alle forretningsbehov<\/h1>\n\n<figure class=\"wp-block-image size-large\"><img fetchpriority=\"high\" decoding=\"async\" width=\"1024\" height=\"683\" src=\"https:\/\/matchawholesale.eu\/wp-content\/uploads\/2026\/01\/10-1024x683.jpg\" alt=\"Temarker for matcha\" class=\"wp-image-11221\" srcset=\"https:\/\/matchawholesale.eu\/wp-content\/uploads\/2026\/01\/10-1024x683.jpg 1024w, https:\/\/matchawholesale.eu\/wp-content\/uploads\/2026\/01\/10-300x200.jpg 300w, https:\/\/matchawholesale.eu\/wp-content\/uploads\/2026\/01\/10-768x512.jpg 768w, https:\/\/matchawholesale.eu\/wp-content\/uploads\/2026\/01\/10.jpg 1200w\" sizes=\"(max-width: 1024px) 100vw, 1024px\" \/><figcaption class=\"wp-element-caption\">Temarker for matcha<\/figcaption><\/figure>\n\n<p>Matcha Wholesale bygger bro mellom japanske tefabrikker og det europeiske markedet. Enten du er en boutique-kaf\u00e9eier som s\u00f8ker seremoniell fortreffelighet, eller en storskala produsent som krever store ingredienser, gir v\u00e5rt kuraterte utvalg av matcha den perfekte l\u00f8sningen. <\/p>\n\n<hr class=\"wp-block-separator has-alpha-channel-opacity\"\/>\n\n<h2 class=\"wp-block-heading\">V\u00e5rt Matcha-utvalg<\/h2>\n\n<p>Vi tilbyr et omfattende utvalg av kvaliteter for \u00e5 sikre at du finner den n\u00f8yaktige smaksprofilen og fargeintensiteten som kreves for produktene dine:<\/p>\n\n<ul class=\"wp-block-list\">\n<li><strong>\u00d8kologisk og konvensjonell:<\/strong> Velg fra v\u00e5rt sertifiserte \u00f8kologiske sortiment, dyrket uten syntetiske plantevernmidler, eller v\u00e5re h\u00f8ykvalitets konvensjonelle alternativer.<\/li>\n\n\n\n<li><strong><a href=\"https:\/\/matchawholesale.eu\/no\/?page_id=6487\" data-type=\"link\" data-id=\"https:\/\/matchawholesale.eu\/matcha-ceremonial-imperial-grade-wholesale\/\">Seremoniell grad<\/a>:<\/strong> H\u00f8stet tidlig p\u00e5 v\u00e5ren gir disse bladene en livlig gr\u00f8nn farge og en delikat, umami-rik smak, ideell for tradisjonell tilberedning eller f\u00f8rsteklasses latte.<\/li>\n\n\n\n<li><strong><a href=\"https:\/\/matchawholesale.eu\/no\/?page_id=6490\" data-type=\"link\" data-id=\"https:\/\/matchawholesale.eu\/matcha-premium-grade-wholesale\/\">Premium-kvalitet<\/a>:<\/strong> En robust, velbalansert te h\u00f8stet senere i sesongen. Den beholder en sterk &laquo;gr\u00f8nn&raquo; smak som holder seg vakkert n\u00e5r den blandes med andre ingredienser. <\/li>\n\n\n\n<li><strong><a href=\"https:\/\/matchawholesale.eu\/no\/?page_id=6509\" data-type=\"link\" data-id=\"https:\/\/matchawholesale.eu\/matcha-culinary-grade-wholesale\/\">Kulinarisk kvalitet<\/a>:<\/strong> Spesielt designet for baking og matlaging, og gir den karakteristiske matcha-karakteren som trengs for sjokolade, iskrem og bakverk.<\/li>\n<\/ul>\n\n<hr class=\"wp-block-separator has-alpha-channel-opacity\"\/>\n\n<h2 class=\"wp-block-heading\">L\u00f8sninger etter sektor<\/h2>\n\n<h3 class=\"wp-block-heading\"><strong>For kafeer og gjestfrihet<\/strong> <\/h3>\n\n<p>V\u00e5re blandinger velges for sine egenskaper og evne til \u00e5 passe perfekt sammen med melke- og plantebaserte melker, noe som sikrer en jevn, klumpfri latte hver gang.<\/p>\n\n<h3 class=\"wp-block-heading\"><strong>For industrielle anvendelser og produksjon<\/strong> <\/h3>\n\n<p>Vi tilbyr skalerbare l\u00f8sninger for mat- og drikkeindustrien. I tillegg til v\u00e5re f\u00f8rsteklasses <strong>japanske opprinnelser<\/strong>, tilbyr vi <strong>h\u00f8ykvalitets kinesisk matcha<\/strong> spesielt hentet for industriell bruk. Dette gir en kostnadseffektiv og p\u00e5litelig ingrediens for storskala produksjon av kosttilskudd, masseproduserte flaskedrikker og matproduksjon.  <\/p>\n\n<hr class=\"wp-block-separator has-alpha-channel-opacity\"\/>\n\n<h2 class=\"wp-block-heading\">Hvorfor samarbeide med oss?<\/h2>\n\n<ul class=\"wp-block-list\">\n<li><strong>Direkte sourcing:<\/strong> Vi kuttet ut mellomleddene for \u00e5 gi deg de beste engrosprisene p\u00e5 kontinentet.<\/li>\n\n\n\n<li><strong>Logistikk basert i Belgia:<\/strong> Rask og p\u00e5litelig frakt over EU og Schengen-omr\u00e5det.<\/li>\n\n\n\n<li><strong>Konstant st\u00f8tte:<\/strong> Fra pr\u00f8ver til skreddersydde engrosvolumer tilpasser vi v\u00e5re tilbud for \u00e5 passe din forretningsmodell.<\/li>\n<\/ul>\n\n<p>Klar til \u00e5 oppgradere inventaret ditt?<\/p>\n\n<p>Kontakt oss i dag!<\/p>\n<p><div class=\"forminator-ui forminator-custom-form forminator-custom-form-1365 forminator-design--flat  forminator_ajax\" data-forminator-render=\"0\" data-form=\"forminator-module-1365\" data-uid=\"69f54e75856c9\"><br\/><\/div><form\n\t\t\t\tid=\"forminator-module-1365\"\n\t\t\t\tclass=\"forminator-ui forminator-custom-form forminator-custom-form-1365 forminator-design--flat  forminator_ajax\"\n\t\t\t\tmethod=\"post\"\n\t\t\t\tdata-forminator-render=\"0\"\n\t\t\t\tdata-form-id=\"1365\"\n\t\t\t\t data-color-option=\"default\" data-design=\"flat\" data-grid=\"open\" style=\"display: none;\"\n\t\t\t\tdata-uid=\"69f54e75856c9\"\n\t\t\t><div role=\"alert\" aria-live=\"polite\" class=\"forminator-response-message forminator-error\" aria-hidden=\"true\"><\/div><div class=\"forminator-row\"><div id=\"name-1\" class=\"forminator-field-name forminator-col forminator-col-6 \"><div class=\"forminator-field\"><input type=\"text\" name=\"name-1\" value=\"\" placeholder=\"First Name\" id=\"forminator-field-name-1_69f54e75856c9\" class=\"forminator-input forminator-name--field\" aria-required=\"true\" autocomplete=\"name\" \/><\/div><\/div><div id=\"name-2\" class=\"forminator-field-name forminator-col forminator-col-6 \"><div class=\"forminator-field\"><input type=\"text\" name=\"name-2\" value=\"\" placeholder=\"Last Name\" id=\"forminator-field-name-2_69f54e75856c9\" class=\"forminator-input forminator-name--field\" aria-required=\"true\" autocomplete=\"name\" \/><\/div><\/div><\/div><div class=\"forminator-row\"><div id=\"email-1\" class=\"forminator-field-email forminator-col forminator-col-12 \"><div class=\"forminator-field\"><input type=\"email\" name=\"email-1\" value=\"\" placeholder=\"Email\" id=\"forminator-field-email-1_69f54e75856c9\" class=\"forminator-input forminator-email--field\" data-required=\"true\" aria-required=\"true\" autocomplete=\"email\" \/><\/div><\/div><\/div><div class=\"forminator-row\"><div id=\"phone-1\" class=\"forminator-field-phone forminator-col forminator-col-12 \"><div class=\"forminator-field\"><input type=\"text\" name=\"phone-1\" value=\"\" placeholder=\"Phone\" id=\"forminator-field-phone-1_69f54e75856c9\" class=\"forminator-input forminator-field--phone\" data-required=\"\" aria-required=\"false\" autocomplete=\"off\" \/><\/div><\/div><\/div><div class=\"forminator-row\"><div id=\"textarea-1\" class=\"forminator-field-textarea forminator-col forminator-col-12 \"><div class=\"forminator-field\"><textarea name=\"textarea-1\" placeholder=\"Message\" id=\"forminator-field-textarea-1_69f54e75856c9\" class=\"forminator-textarea\" rows=\"6\" style=\"--forminator-textarea-min-height:140px;\" ><\/textarea><span id=\"forminator-field-textarea-1_69f54e75856c9-description\" class=\"forminator-description\"><span data-limit=\"300\" data-type=\"words\" data-editor=\"\">0 \/ 300<\/span><\/span><\/div><\/div><\/div><div class=\"forminator-row\"><\/div><input type=\"hidden\" name=\"referer_url\" value=\"\" \/><div class=\"forminator-row forminator-row-last\"><div class=\"forminator-col\"><div class=\"forminator-field\"><button class=\"forminator-button forminator-button-submit\">Send<\/button><\/div><\/div><\/div><input type=\"hidden\" id=\"forminator_nonce\" name=\"forminator_nonce\" value=\"1657a128ec\" \/><input type=\"hidden\" name=\"_wp_http_referer\" value=\"\/no\/wp-json\/wp\/v2\/pages\/12042\" \/><input type=\"hidden\" name=\"form_id\" value=\"1365\"><input type=\"hidden\" name=\"page_id\" value=\"12042\"><input type=\"hidden\" name=\"form_type\" value=\"default\"><input type=\"hidden\" name=\"current_url\" value=\"https:\/\/matchawholesale.eu\/no\/produkter\/\"><input type=\"hidden\" name=\"render_id\" value=\"0\"><input type=\"hidden\" name=\"action\" value=\"forminator_submit_form_custom-forms\"><label for=\"input_6\" class=\"forminator-hidden\" aria-hidden=\"true\">Please do not fill in this field. <input id=\"input_6\" type=\"text\" name=\"input_6\" value=\"\" autocomplete=\"off\"><\/label><\/form><\/p>\n","protected":false},"excerpt":{"rendered":"<p>Flott matcha for alle forretningsbehov Matcha Wholesale bygger bro mellom japanske tefabrikker og det europeiske markedet. Enten du er en boutique-kaf\u00e9eier som s\u00f8ker seremoniell fortreffelighet, eller en storskala produsent som krever store ingredienser, gir v\u00e5rt kuraterte utvalg av matcha den perfekte l\u00f8sningen. V\u00e5rt Matcha-utvalg Vi tilbyr et omfattende utvalg av kvaliteter for \u00e5 sikre at [&hellip;]<\/p>\n","protected":false},"author":1,"featured_media":12043,"parent":0,"menu_order":0,"comment_status":"closed","ping_status":"closed","template":"","meta":{"footnotes":""},"class_list":["post-12042","page","type-page","status-publish","has-post-thumbnail","hentry","entry","has-media"],"_links":{"self":[{"href":"https:\/\/matchawholesale.eu\/no\/wp-json\/wp\/v2\/pages\/12042","targetHints":{"allow":["GET"]}}],"collection":[{"href":"https:\/\/matchawholesale.eu\/no\/wp-json\/wp\/v2\/pages"}],"about":[{"href":"https:\/\/matchawholesale.eu\/no\/wp-json\/wp\/v2\/types\/page"}],"author":[{"embeddable":true,"href":"https:\/\/matchawholesale.eu\/no\/wp-json\/wp\/v2\/users\/1"}],"replies":[{"embeddable":true,"href":"https:\/\/matchawholesale.eu\/no\/wp-json\/wp\/v2\/comments?post=12042"}],"version-history":[{"count":1,"href":"https:\/\/matchawholesale.eu\/no\/wp-json\/wp\/v2\/pages\/12042\/revisions"}],"predecessor-version":[{"id":12046,"href":"https:\/\/matchawholesale.eu\/no\/wp-json\/wp\/v2\/pages\/12042\/revisions\/12046"}],"wp:featuredmedia":[{"embeddable":true,"href":"https:\/\/matchawholesale.eu\/no\/wp-json\/wp\/v2\/media\/12043"}],"wp:attachment":[{"href":"https:\/\/matchawholesale.eu\/no\/wp-json\/wp\/v2\/media?parent=12042"}],"curies":[{"name":"wp","href":"https:\/\/api.w.org\/{rel}","templated":true}]}}