{"id":11969,"date":"2026-01-27T11:35:28","date_gmt":"2026-01-27T11:35:28","guid":{"rendered":"https:\/\/matchawholesale.eu\/engros-matcha-for-matprodusenter\/"},"modified":"2026-02-10T13:45:52","modified_gmt":"2026-02-10T13:45:52","slug":"engros-matcha-for-matprodusenter","status":"publish","type":"page","link":"https:\/\/matchawholesale.eu\/no\/engros-matcha-for-matprodusenter\/","title":{"rendered":"Engros matcha for matprodusenter"},"content":{"rendered":"\n<h1 class=\"wp-block-heading\">Engros matcha for matprodusenter<\/h1>\n\n<figure class=\"wp-block-image size-large\"><img fetchpriority=\"high\" decoding=\"async\" width=\"1024\" height=\"576\" src=\"https:\/\/matchawholesale.eu\/wp-content\/uploads\/2026\/01\/11-1024x576.jpg\" alt=\"Matcha for matfabrikker, selskaper og produsenter\" class=\"wp-image-11263\" srcset=\"https:\/\/matchawholesale.eu\/wp-content\/uploads\/2026\/01\/11-1024x576.jpg 1024w, https:\/\/matchawholesale.eu\/wp-content\/uploads\/2026\/01\/11-300x169.jpg 300w, https:\/\/matchawholesale.eu\/wp-content\/uploads\/2026\/01\/11-768x432.jpg 768w, https:\/\/matchawholesale.eu\/wp-content\/uploads\/2026\/01\/11-800x450.jpg 800w, https:\/\/matchawholesale.eu\/wp-content\/uploads\/2026\/01\/11.jpg 1136w\" sizes=\"(max-width: 1024px) 100vw, 1024px\" \/><figcaption class=\"wp-element-caption\">Matcha for matfabrikker, selskaper og produsenter<\/figcaption><\/figure>\n\n<p>Matcha Wholesale er det ideelle valget for produsenter som s\u00f8ker p\u00e5litelig, h\u00f8yvolums B2B matcha-innkj\u00f8p som st\u00f8tter effektiv produksjon og l\u00f8nnsom vekst.<\/p>\n\n<p>Nedenfor finner du v\u00e5re garantier.<\/p>\n\n<h2 class=\"wp-block-heading\">1. Japansk opprinnelse<\/h2>\n\n<p>Hentet direkte fra teplantasjer i Japan. Vi samarbeider med et nettverk av b\u00f8nder som sikrer en jevn og p\u00e5litelig forsyning.   <\/p>\n\n<p>Merk at for prosjekter som ikke krever japansk opprinnelse, kan vi ogs\u00e5 skaffe kinesisk hojicha til fordelaktige priser.  <\/p>\n\n<h2 class=\"wp-block-heading\">2. Overlegen kvalitet og konsistens<\/h2>\n\n<p>Konsistens fra batch til batch minimerer produksjonsvariasjon, noe som hjelper deg \u00e5 opprettholde produktstandarder over store serier.<\/p>\n\n<h2 class=\"wp-block-heading\">3. Allsidige karakterer for dine behov<\/h2>\n\n<p>Velg mellom kulinarisk matcha optimalisert for produksjonsform\u00e5l som baking, frysing eller blanding, eller premium seremoniell kvalitet for eksklusive formuleringer. Vi tilbyr skreddersydde blandinger som passer dine spesifikke smaksprofiler og behandlingsbehov. <\/p>\n\n<h2 class=\"wp-block-heading\">4. Sertifiserte \u00f8kologiske og konvensjonelle alternativer<\/h2>\n\n<p>V\u00e5re leverand\u00f8rer er FSSC 22000-kompatible, og sikrer f\u00f8rsteklasses matsikkerhets- og kvalitetsstyringssystemer som er i tr\u00e5d med globale produksjonsforskrifter.<\/p>\n\n<h2 class=\"wp-block-heading\">5. Grundig testing og sikkerhet<\/h2>\n\n<p>Hver batch gjennomg\u00e5r uavhengig laboratorietesting for plantevernmidler, tungmetaller, mikrober og forurensninger, med Certificate of Analysis (CoA) utstedt. Denne \u00e5penheten beskytter forsyningskjeden din og st\u00f8tter etterlevelse av HACCP, ISO og andre bransjestandarder. <\/p>\n\n<h2 class=\"wp-block-heading\">6. Skalerbar forsyning og p\u00e5litelighet<\/h2>\n\n<p>Med fleksible ordrest\u00f8rrelser fra 1 kg opp til flere tonn, h\u00e5ndterer vi store volumer uten forstyrrelser. V\u00e5r robuste logistikk sikrer rettidige leveranser, noe som hjelper deg \u00e5 unng\u00e5 nedetid og overholde produksjonsplanene effektivt. <\/p>\n\n<h2 class=\"wp-block-heading\">7. Konkurransedyktig bulkpris<\/h2>\n\n<p>Nyt volumbaserte rabatter og transparente prisstrukturer som balanserer premiumkvalitet med kostnadseffektivitet. Langsiktige kontrakter sikrer renter, noe som muliggj\u00f8r bedre prognoser og h\u00f8yere marginer p\u00e5 sluttproduktene. <\/p>\n\n<h2 class=\"wp-block-heading\">8. 365-dagers kundest\u00f8tte<\/h2>\n\n<p>Vi svarer p\u00e5 sp\u00f8rsm\u00e5lene dine og gir st\u00f8tte til kundene v\u00e5re hver dag gjennom \u00e5ret.  <\/p>\n\n<h2 class=\"wp-block-heading\">Hvorfor samarbeide med Matcha Wholesale<\/h2>\n\n<p>Hos MatchaWholesale.eu prioriterer vi produsentene ved \u00e5 tilby matcha direkte fra Japan uten mellomledd, noe som sikrer ferskhet og verdi.  <\/p>\n\n<p>Lave minimumsbestillinger gj\u00f8r det enkelt \u00e5 teste og skalere, mens v\u00e5r globale frakt holder kostnadene lave og leveransene p\u00e5litelige. Enten du lager \u00f8kologiske snacks eller konvensjonelle godbiter, leverer vi verkt\u00f8yene for suksess. <\/p>\n\n<h2 class=\"wp-block-heading\">Kontakt oss<\/h2>\n\n<p>Kontakt oss for en gratis pr\u00f8ve, skreddersydd pristilbud eller konsultasjon.  <\/p>\n\n<div class=\"forminator-guttenberg\"><div class=\"forminator-ui forminator-custom-form forminator-custom-form-1365 forminator-design--flat  forminator_ajax\" data-forminator-render=\"0\" data-form=\"forminator-module-1365\" data-uid=\"69f4fcd544744\"><br\/><\/div><form\n\t\t\t\tid=\"forminator-module-1365\"\n\t\t\t\tclass=\"forminator-ui forminator-custom-form forminator-custom-form-1365 forminator-design--flat  forminator_ajax\"\n\t\t\t\tmethod=\"post\"\n\t\t\t\tdata-forminator-render=\"0\"\n\t\t\t\tdata-form-id=\"1365\"\n\t\t\t\t data-color-option=\"default\" data-design=\"flat\" data-grid=\"open\" style=\"display: none;\"\n\t\t\t\tdata-uid=\"69f4fcd544744\"\n\t\t\t><div role=\"alert\" aria-live=\"polite\" class=\"forminator-response-message forminator-error\" aria-hidden=\"true\"><\/div><div class=\"forminator-row\"><div id=\"name-1\" class=\"forminator-field-name forminator-col forminator-col-6 \"><div class=\"forminator-field\"><input type=\"text\" name=\"name-1\" value=\"\" placeholder=\"First Name\" id=\"forminator-field-name-1_69f4fcd544744\" class=\"forminator-input forminator-name--field\" aria-required=\"true\" autocomplete=\"name\" \/><\/div><\/div><div id=\"name-2\" class=\"forminator-field-name forminator-col forminator-col-6 \"><div class=\"forminator-field\"><input type=\"text\" name=\"name-2\" value=\"\" placeholder=\"Last Name\" id=\"forminator-field-name-2_69f4fcd544744\" class=\"forminator-input forminator-name--field\" aria-required=\"true\" autocomplete=\"name\" \/><\/div><\/div><\/div><div class=\"forminator-row\"><div id=\"email-1\" class=\"forminator-field-email forminator-col forminator-col-12 \"><div class=\"forminator-field\"><input type=\"email\" name=\"email-1\" value=\"\" placeholder=\"Email\" id=\"forminator-field-email-1_69f4fcd544744\" class=\"forminator-input forminator-email--field\" data-required=\"true\" aria-required=\"true\" autocomplete=\"email\" \/><\/div><\/div><\/div><div class=\"forminator-row\"><div id=\"phone-1\" class=\"forminator-field-phone forminator-col forminator-col-12 \"><div class=\"forminator-field\"><input type=\"text\" name=\"phone-1\" value=\"\" placeholder=\"Phone\" id=\"forminator-field-phone-1_69f4fcd544744\" class=\"forminator-input forminator-field--phone\" data-required=\"\" aria-required=\"false\" autocomplete=\"off\" \/><\/div><\/div><\/div><div class=\"forminator-row\"><div id=\"textarea-1\" class=\"forminator-field-textarea forminator-col forminator-col-12 \"><div class=\"forminator-field\"><textarea name=\"textarea-1\" placeholder=\"Message\" id=\"forminator-field-textarea-1_69f4fcd544744\" class=\"forminator-textarea\" rows=\"6\" style=\"--forminator-textarea-min-height:140px;\" ><\/textarea><span id=\"forminator-field-textarea-1_69f4fcd544744-description\" class=\"forminator-description\"><span data-limit=\"300\" data-type=\"words\" data-editor=\"\">0 \/ 300<\/span><\/span><\/div><\/div><\/div><div class=\"forminator-row\"><\/div><input type=\"hidden\" name=\"referer_url\" value=\"\" \/><div class=\"forminator-row forminator-row-last\"><div class=\"forminator-col\"><div class=\"forminator-field\"><button class=\"forminator-button forminator-button-submit\">Send<\/button><\/div><\/div><\/div><input type=\"hidden\" id=\"forminator_nonce\" name=\"forminator_nonce\" value=\"245c0effe2\" \/><input type=\"hidden\" name=\"_wp_http_referer\" value=\"\/no\/wp-json\/wp\/v2\/pages\/11969\" \/><input type=\"hidden\" name=\"form_id\" value=\"1365\"><input type=\"hidden\" name=\"page_id\" value=\"11969\"><input type=\"hidden\" name=\"form_type\" value=\"default\"><input type=\"hidden\" name=\"current_url\" value=\"https:\/\/matchawholesale.eu\/no\/engros-matcha-for-matprodusenter\/\"><input type=\"hidden\" name=\"render_id\" value=\"0\"><input type=\"hidden\" name=\"action\" value=\"forminator_submit_form_custom-forms\"><label for=\"input_6\" class=\"forminator-hidden\" aria-hidden=\"true\">Please do not fill in this field. <input id=\"input_6\" type=\"text\" name=\"input_6\" value=\"\" autocomplete=\"off\"><\/label><\/form><\/div>\n","protected":false},"excerpt":{"rendered":"<p>Engros matcha for matprodusenter Matcha Wholesale er det ideelle valget for produsenter som s\u00f8ker p\u00e5litelig, h\u00f8yvolums B2B matcha-innkj\u00f8p som st\u00f8tter effektiv produksjon og l\u00f8nnsom vekst. Nedenfor finner du v\u00e5re garantier. 1. Japansk opprinnelse Hentet direkte fra teplantasjer i Japan. Vi samarbeider med et nettverk av b\u00f8nder som sikrer en jevn og p\u00e5litelig forsyning. Merk at [&hellip;]<\/p>\n","protected":false},"author":1,"featured_media":11972,"parent":0,"menu_order":0,"comment_status":"closed","ping_status":"closed","template":"","meta":{"footnotes":""},"class_list":["post-11969","page","type-page","status-publish","has-post-thumbnail","hentry","entry","has-media"],"_links":{"self":[{"href":"https:\/\/matchawholesale.eu\/no\/wp-json\/wp\/v2\/pages\/11969","targetHints":{"allow":["GET"]}}],"collection":[{"href":"https:\/\/matchawholesale.eu\/no\/wp-json\/wp\/v2\/pages"}],"about":[{"href":"https:\/\/matchawholesale.eu\/no\/wp-json\/wp\/v2\/types\/page"}],"author":[{"embeddable":true,"href":"https:\/\/matchawholesale.eu\/no\/wp-json\/wp\/v2\/users\/1"}],"replies":[{"embeddable":true,"href":"https:\/\/matchawholesale.eu\/no\/wp-json\/wp\/v2\/comments?post=11969"}],"version-history":[{"count":1,"href":"https:\/\/matchawholesale.eu\/no\/wp-json\/wp\/v2\/pages\/11969\/revisions"}],"predecessor-version":[{"id":11973,"href":"https:\/\/matchawholesale.eu\/no\/wp-json\/wp\/v2\/pages\/11969\/revisions\/11973"}],"wp:featuredmedia":[{"embeddable":true,"href":"https:\/\/matchawholesale.eu\/no\/wp-json\/wp\/v2\/media\/11972"}],"wp:attachment":[{"href":"https:\/\/matchawholesale.eu\/no\/wp-json\/wp\/v2\/media?parent=11969"}],"curies":[{"name":"wp","href":"https:\/\/api.w.org\/{rel}","templated":true}]}}