{"id":11386,"date":"2026-01-14T20:20:38","date_gmt":"2026-01-14T20:20:38","guid":{"rendered":"https:\/\/matchawholesale.eu\/producten\/"},"modified":"2026-02-10T10:02:35","modified_gmt":"2026-02-10T10:02:35","slug":"producten","status":"publish","type":"page","link":"https:\/\/matchawholesale.eu\/nl\/producten\/","title":{"rendered":"Producten"},"content":{"rendered":"\n<h1 class=\"wp-block-heading\">Matcha voor elke zakelijke behoefte<\/h1>\n\n<figure class=\"wp-block-image size-large\"><img fetchpriority=\"high\" decoding=\"async\" width=\"1024\" height=\"683\" src=\"https:\/\/matchawholesale.eu\/wp-content\/uploads\/2026\/01\/10-1024x683.jpg\" alt=\"Theevelden voor matcha\" class=\"wp-image-11221\" srcset=\"https:\/\/matchawholesale.eu\/wp-content\/uploads\/2026\/01\/10-1024x683.jpg 1024w, https:\/\/matchawholesale.eu\/wp-content\/uploads\/2026\/01\/10-300x200.jpg 300w, https:\/\/matchawholesale.eu\/wp-content\/uploads\/2026\/01\/10-768x512.jpg 768w, https:\/\/matchawholesale.eu\/wp-content\/uploads\/2026\/01\/10.jpg 1200w\" sizes=\"(max-width: 1024px) 100vw, 1024px\" \/><figcaption class=\"wp-element-caption\">Theevelden voor matcha<\/figcaption><\/figure>\n\n<p>Matcha Wholesale overbrugt de kloof tussen Japanse theefabrieken en de Europese markt. Of je nu een caf\u00e9-eigenaar bent die op zoek is naar ceremoni\u00eble uitmuntendheid of een grootschalige fabrikant die grote volumes ingredi\u00ebnten nodig heeft, onze zorgvuldig samengestelde selectie van matcha biedt de perfecte oplossing. <\/p>\n\n<hr class=\"wp-block-separator has-alpha-channel-opacity\"\/>\n\n<h2 class=\"wp-block-heading\">Onze Matcha selectie<\/h2>\n\n<p>We bieden een uitgebreide reeks kwaliteiten, zodat u precies het smaakprofiel en de kleurintensiteit vindt die uw producten nodig hebben:<\/p>\n\n<ul class=\"wp-block-list\">\n<li><strong>Biologisch &amp; Conventioneel:<\/strong> Kies uit ons gecertificeerde biologische assortiment, geteeld zonder synthetische bestrijdingsmiddelen, of onze hoogwaardige conventionele opties.<\/li>\n\n\n\n<li><strong><a href=\"https:\/\/matchawholesale.eu\/nl\/?page_id=6074\" data-type=\"link\" data-id=\"https:\/\/matchawholesale.eu\/matcha-ceremonial-imperial-grade-wholesale\/\">Ceremonial Grade<\/a>:<\/strong> Geoogst in het vroege voorjaar, bieden deze bladeren een levendige groene tint en een delicate, umami-rijke smaak, ideaal voor traditionele bereiding of premium lattes.<\/li>\n\n\n\n<li><strong><a href=\"https:\/\/matchawholesale.eu\/nl\/?page_id=6095\" data-type=\"link\" data-id=\"https:\/\/matchawholesale.eu\/matcha-premium-grade-wholesale\/\">Premiumklasse<\/a>:<\/strong> Een robuuste, uitgebalanceerde thee die later in het seizoen wordt geoogst. Het behoudt een sterke &#8220;groene&#8221; smaak die goed blijft bij het mengen met andere ingredi\u00ebnten. <\/li>\n\n\n\n<li><strong><a href=\"https:\/\/matchawholesale.eu\/nl\/?page_id=6101\" data-type=\"link\" data-id=\"https:\/\/matchawholesale.eu\/matcha-culinary-grade-wholesale\/\">Culinaire kwaliteit<\/a>:<\/strong> Specifiek ontworpen voor bakken en koken, met het kenmerkende matcha-karakter dat nodig is voor chocolade, ijs en gebak.<\/li>\n<\/ul>\n\n<hr class=\"wp-block-separator has-alpha-channel-opacity\"\/>\n\n<h2 class=\"wp-block-heading\">Oplossingen per sector<\/h2>\n\n<h3 class=\"wp-block-heading\"><strong>Voor caf\u00e9s en horeca<\/strong> <\/h3>\n\n<p>Onze melanges zijn geselecteerd op hun eigenschappen en het vermogen om perfect te combineren met melk op basis van zuivel en plantaardige melk, zodat je elke keer weer verzekerd bent van een gladde, klontvrije latte.<\/p>\n\n<h3 class=\"wp-block-heading\"><strong>Voor industri\u00eble toepassingen en productie<\/strong> <\/h3>\n\n<p>Wij bieden schaalbare oplossingen voor de voedingsmiddelen- en drankenindustrie. Naast onze eersteklas <strong>Japanse<\/strong> <strong>matcha bieden we Chinese matcha van hoge kwaliteit<\/strong>, die speciaal wordt ingekocht voor industrieel gebruik. Dit biedt een kosteneffectief, betrouwbaar ingredi\u00ebnt voor grootschalige productie van supplementen, gebottelde drankjes voor de massamarkt en voedselverwerking.  <\/p>\n\n<hr class=\"wp-block-separator has-alpha-channel-opacity\"\/>\n\n<h2 class=\"wp-block-heading\">Waarom met ons samenwerken?<\/h2>\n\n<ul class=\"wp-block-list\">\n<li><strong>Directe bevoorrading:<\/strong> We sluiten de tussenpersonen uit om je de beste groothandelsprijzen op het continent te kunnen bieden.<\/li>\n\n\n\n<li><strong>Logistiek in Belgi\u00eb:<\/strong> Snelle, betrouwbare verzending binnen de EU en het Schengengebied.<\/li>\n\n\n\n<li><strong>Constante ondersteuning:<\/strong> Van monsters tot aangepaste groothandelsvolumes, wij passen ons aanbod aan uw bedrijfsmodel aan.<\/li>\n<\/ul>\n\n<p>Klaar om je inventaris te upgraden?<\/p>\n\n<p>Neem vandaag nog contact met ons op!<\/p>\n<p><div class=\"forminator-ui forminator-custom-form forminator-custom-form-1365 forminator-design--flat  forminator_ajax\" data-forminator-render=\"0\" data-form=\"forminator-module-1365\" data-uid=\"69f597f66632a\"><br\/><\/div><form\n\t\t\t\tid=\"forminator-module-1365\"\n\t\t\t\tclass=\"forminator-ui forminator-custom-form forminator-custom-form-1365 forminator-design--flat  forminator_ajax\"\n\t\t\t\tmethod=\"post\"\n\t\t\t\tdata-forminator-render=\"0\"\n\t\t\t\tdata-form-id=\"1365\"\n\t\t\t\t data-color-option=\"default\" data-design=\"flat\" data-grid=\"open\" style=\"display: none;\"\n\t\t\t\tdata-uid=\"69f597f66632a\"\n\t\t\t><div role=\"alert\" aria-live=\"polite\" class=\"forminator-response-message forminator-error\" aria-hidden=\"true\"><\/div><div class=\"forminator-row\"><div id=\"name-1\" class=\"forminator-field-name forminator-col forminator-col-6 \"><div class=\"forminator-field\"><input type=\"text\" name=\"name-1\" value=\"\" placeholder=\"First Name\" id=\"forminator-field-name-1_69f597f66632a\" class=\"forminator-input forminator-name--field\" aria-required=\"true\" autocomplete=\"name\" \/><\/div><\/div><div id=\"name-2\" class=\"forminator-field-name forminator-col forminator-col-6 \"><div class=\"forminator-field\"><input type=\"text\" name=\"name-2\" value=\"\" placeholder=\"Last Name\" id=\"forminator-field-name-2_69f597f66632a\" class=\"forminator-input forminator-name--field\" aria-required=\"true\" autocomplete=\"name\" \/><\/div><\/div><\/div><div class=\"forminator-row\"><div id=\"email-1\" class=\"forminator-field-email forminator-col forminator-col-12 \"><div class=\"forminator-field\"><input type=\"email\" name=\"email-1\" value=\"\" placeholder=\"Email\" id=\"forminator-field-email-1_69f597f66632a\" class=\"forminator-input forminator-email--field\" data-required=\"true\" aria-required=\"true\" autocomplete=\"email\" \/><\/div><\/div><\/div><div class=\"forminator-row\"><div id=\"phone-1\" class=\"forminator-field-phone forminator-col forminator-col-12 \"><div class=\"forminator-field\"><input type=\"text\" name=\"phone-1\" value=\"\" placeholder=\"Phone\" id=\"forminator-field-phone-1_69f597f66632a\" class=\"forminator-input forminator-field--phone\" data-required=\"\" aria-required=\"false\" autocomplete=\"off\" \/><\/div><\/div><\/div><div class=\"forminator-row\"><div id=\"textarea-1\" class=\"forminator-field-textarea forminator-col forminator-col-12 \"><div class=\"forminator-field\"><textarea name=\"textarea-1\" placeholder=\"Message\" id=\"forminator-field-textarea-1_69f597f66632a\" class=\"forminator-textarea\" rows=\"6\" style=\"--forminator-textarea-min-height:140px;\" ><\/textarea><span id=\"forminator-field-textarea-1_69f597f66632a-description\" class=\"forminator-description\"><span data-limit=\"300\" data-type=\"words\" data-editor=\"\">0 \/ 300<\/span><\/span><\/div><\/div><\/div><div class=\"forminator-row\"><\/div><input type=\"hidden\" name=\"referer_url\" value=\"\" \/><div class=\"forminator-row forminator-row-last\"><div class=\"forminator-col\"><div class=\"forminator-field\"><button class=\"forminator-button forminator-button-submit\">Send<\/button><\/div><\/div><\/div><input type=\"hidden\" id=\"forminator_nonce\" name=\"forminator_nonce\" value=\"1657a128ec\" \/><input type=\"hidden\" name=\"_wp_http_referer\" value=\"\/nl\/wp-json\/wp\/v2\/pages\/11386\" \/><input type=\"hidden\" name=\"form_id\" value=\"1365\"><input type=\"hidden\" name=\"page_id\" value=\"11386\"><input type=\"hidden\" name=\"form_type\" value=\"default\"><input type=\"hidden\" name=\"current_url\" value=\"https:\/\/matchawholesale.eu\/nl\/producten\/\"><input type=\"hidden\" name=\"render_id\" value=\"0\"><input type=\"hidden\" name=\"action\" value=\"forminator_submit_form_custom-forms\"><label for=\"input_6\" class=\"forminator-hidden\" aria-hidden=\"true\">Voer dit veld niet in. <input id=\"input_6\" type=\"text\" name=\"input_6\" value=\"\" autocomplete=\"off\"><\/label><\/form><\/p>\n","protected":false},"excerpt":{"rendered":"<p>Matcha voor elke zakelijke behoefte Matcha Wholesale overbrugt de kloof tussen Japanse theefabrieken en de Europese markt. Of je nu een caf\u00e9-eigenaar bent die op zoek is naar ceremoni\u00eble uitmuntendheid of een grootschalige fabrikant die grote volumes ingredi\u00ebnten nodig heeft, onze zorgvuldig samengestelde selectie van matcha biedt de perfecte oplossing. Onze Matcha selectie We bieden [&hellip;]<\/p>\n","protected":false},"author":1,"featured_media":11387,"parent":0,"menu_order":0,"comment_status":"closed","ping_status":"closed","template":"","meta":{"footnotes":""},"class_list":["post-11386","page","type-page","status-publish","has-post-thumbnail","hentry","entry","has-media"],"_links":{"self":[{"href":"https:\/\/matchawholesale.eu\/nl\/wp-json\/wp\/v2\/pages\/11386","targetHints":{"allow":["GET"]}}],"collection":[{"href":"https:\/\/matchawholesale.eu\/nl\/wp-json\/wp\/v2\/pages"}],"about":[{"href":"https:\/\/matchawholesale.eu\/nl\/wp-json\/wp\/v2\/types\/page"}],"author":[{"embeddable":true,"href":"https:\/\/matchawholesale.eu\/nl\/wp-json\/wp\/v2\/users\/1"}],"replies":[{"embeddable":true,"href":"https:\/\/matchawholesale.eu\/nl\/wp-json\/wp\/v2\/comments?post=11386"}],"version-history":[{"count":1,"href":"https:\/\/matchawholesale.eu\/nl\/wp-json\/wp\/v2\/pages\/11386\/revisions"}],"predecessor-version":[{"id":11389,"href":"https:\/\/matchawholesale.eu\/nl\/wp-json\/wp\/v2\/pages\/11386\/revisions\/11389"}],"wp:featuredmedia":[{"embeddable":true,"href":"https:\/\/matchawholesale.eu\/nl\/wp-json\/wp\/v2\/media\/11387"}],"wp:attachment":[{"href":"https:\/\/matchawholesale.eu\/nl\/wp-json\/wp\/v2\/media?parent=11386"}],"curies":[{"name":"wp","href":"https:\/\/api.w.org\/{rel}","templated":true}]}}