{"id":12048,"date":"2026-01-14T20:20:38","date_gmt":"2026-01-14T20:20:38","guid":{"rendered":"https:\/\/matchawholesale.eu\/produktu\/"},"modified":"2026-02-10T13:46:55","modified_gmt":"2026-02-10T13:46:55","slug":"produktu","status":"publish","type":"page","link":"https:\/\/matchawholesale.eu\/lt\/produktu\/","title":{"rendered":"Produkt\u0173"},"content":{"rendered":"\n<h1 class=\"wp-block-heading\">Puiki matcha kiekvienam verslo poreikiui<\/h1>\n\n<figure class=\"wp-block-image size-large\"><img fetchpriority=\"high\" decoding=\"async\" width=\"1024\" height=\"683\" src=\"https:\/\/matchawholesale.eu\/wp-content\/uploads\/2026\/01\/10-1024x683.jpg\" alt=\"Arbatos laukai matcha\" class=\"wp-image-11221\" srcset=\"https:\/\/matchawholesale.eu\/wp-content\/uploads\/2026\/01\/10-1024x683.jpg 1024w, https:\/\/matchawholesale.eu\/wp-content\/uploads\/2026\/01\/10-300x200.jpg 300w, https:\/\/matchawholesale.eu\/wp-content\/uploads\/2026\/01\/10-768x512.jpg 768w, https:\/\/matchawholesale.eu\/wp-content\/uploads\/2026\/01\/10.jpg 1200w\" sizes=\"(max-width: 1024px) 100vw, 1024px\" \/><figcaption class=\"wp-element-caption\">Arbatos laukai matcha<\/figcaption><\/figure>\n\n<p>&#8222;Matcha Wholesale&#8221; u\u017epildo atotr\u016bk\u012f tarp Japonijos arbatos gamykl\u0173 ir Europos rinkos. Nesvarbu, ar esate butikin\u0117s kavin\u0117s savininkas, siekiantis ceremonijos meistri\u0161kumo, ar didelio masto gamintojas, reikalaujantis didelio kiekio ingredient\u0173, m\u016bs\u0173 kuruojamas matcha pasirinkimas yra puikus sprendimas. <\/p>\n\n<hr class=\"wp-block-separator has-alpha-channel-opacity\"\/>\n\n<h2 class=\"wp-block-heading\">M\u016bs\u0173 &#8222;Matcha&#8221; pasirinkimas<\/h2>\n\n<p>Si\u016blome plat\u0173 r\u016b\u0161i\u0173 asortiment\u0105, kad u\u017etikrintum\u0117te, jog rasite tiksl\u0173 skonio profil\u012f ir spalv\u0173 intensyvum\u0105, reikaling\u0105 j\u016bs\u0173 produktams:<\/p>\n\n<ul class=\"wp-block-list\">\n<li><strong>Ekologi\u0161kas ir tradicinis:<\/strong> Rinkit\u0117s i\u0161 m\u016bs\u0173 sertifikuoto ekologi\u0161ko asortimento, u\u017eauginto be sintetini\u0173 pesticid\u0173, arba auk\u0161tos kokyb\u0117s tradicini\u0173 variant\u0173.<\/li>\n\n\n\n<li><strong><a href=\"https:\/\/matchawholesale.eu\/lt\/?page_id=8469\" data-type=\"link\" data-id=\"https:\/\/matchawholesale.eu\/matcha-ceremonial-imperial-grade-wholesale\/\">I\u0161kilmingas \u012fvertinimas<\/a>:<\/strong> Ankstyv\u0105 pavasar\u012f nuimti \u0161ie lapai pasi\u017eymi ry\u0161kiu \u017ealiu atspalviu ir subtiliu, umami turtingu skoniu, idealiai tinkan\u010diu tradiciniam ruo\u0161imui ar auk\u0161\u010diausios kokyb\u0117s latte.<\/li>\n\n\n\n<li><strong><a href=\"https:\/\/matchawholesale.eu\/lt\/?page_id=8398\" data-type=\"link\" data-id=\"https:\/\/matchawholesale.eu\/matcha-premium-grade-wholesale\/\">Auk\u0161\u010diausios klas\u0117s<\/a>:<\/strong> Tvirta, gerai subalansuota arbata, nuimta v\u0117liau sezono metu. Jis i\u0161laiko stipr\u0173 &#8222;\u017eali\u0105&#8221; skon\u012f, kuris gra\u017eiai laikosi sumai\u0161ius su kitais ingredientais. <\/li>\n\n\n\n<li><strong><a href=\"https:\/\/matchawholesale.eu\/lt\/?page_id=8539\" data-type=\"link\" data-id=\"https:\/\/matchawholesale.eu\/matcha-culinary-grade-wholesale\/\">Kulinarijos klas\u0117<\/a>:<\/strong> Specialiai sukurtas kepimui ir maisto gaminimui, suteikiantis i\u0161skirtin\u012f matcha charakter\u012f, reikaling\u0105 \u0161okoladui, ledams ir pyragai\u010diams.<\/li>\n<\/ul>\n\n<hr class=\"wp-block-separator has-alpha-channel-opacity\"\/>\n\n<h2 class=\"wp-block-heading\">Sprendimai pagal sektorius<\/h2>\n\n<h3 class=\"wp-block-heading\"><strong>Kavin\u0117ms ir svetingumui<\/strong> <\/h3>\n\n<p>M\u016bs\u0173 mi\u0161iniai parenkami d\u0117l j\u0173 savybi\u0173 ir geb\u0117jimo puikiai der\u0117ti su pieno ir augaliniu pienu, u\u017etikrinant skland\u017ei\u0105 latte be gumul\u0117li\u0173 kiekvien\u0105 kart\u0105.<\/p>\n\n<h3 class=\"wp-block-heading\"><strong>Pramoniniam pritaikymui ir gamybai<\/strong> <\/h3>\n\n<p>Teikiame kei\u010diamo dyd\u017eio sprendimus maisto ir g\u0117rim\u0173 pramonei. Be auk\u0161\u010diausios kokyb\u0117s <strong>japon\u0173 kilm\u0117s<\/strong>, si\u016blome <strong>auk\u0161tos kokyb\u0117s kini\u0161k\u0105 matcha,<\/strong> specialiai skirt\u0105 pramoniniam naudojimui. Tai yra ekonomi\u0161kas, patikimas ingredientas didelio masto papild\u0173 gamybai, masin\u0117s rinkos g\u0117rimams buteliuose ir maisto perdirbimui.  <\/p>\n\n<hr class=\"wp-block-separator has-alpha-channel-opacity\"\/>\n\n<h2 class=\"wp-block-heading\">Kod\u0117l verta bendradarbiauti su mumis?<\/h2>\n\n<ul class=\"wp-block-list\">\n<li><strong>Tiesioginis tiekimas:<\/strong> Mes i\u0161kirpome tarpininkus, kad gal\u0117tume pasi\u016blyti geriausias didmenines kainas \u017eemyne.<\/li>\n\n\n\n<li><strong>Belgijoje \u012fsik\u016brusi logistika:<\/strong> Greitas ir patikimas pristatymas visoje ES ir \u0160engeno erdv\u0117je.<\/li>\n\n\n\n<li><strong>Nuolatinis palaikymas:<\/strong> Nuo pavyzd\u017ei\u0173 iki individuali\u0173 didmenini\u0173 apim\u010di\u0173 \u2013 mes pritaikome savo pasi\u016blymus pagal j\u016bs\u0173 verslo model\u012f.<\/li>\n<\/ul>\n\n<p>Pasiruo\u0161\u0119 atnaujinti savo inventori\u0173?<\/p>\n\n<p>Susisiekite su mumis \u0161iandien!<\/p>\n<p><div class=\"forminator-ui forminator-custom-form forminator-custom-form-1365 forminator-design--flat  forminator_ajax\" data-forminator-render=\"0\" data-form=\"forminator-module-1365\" data-uid=\"69f4660a724f4\"><br\/><\/div><form\n\t\t\t\tid=\"forminator-module-1365\"\n\t\t\t\tclass=\"forminator-ui forminator-custom-form forminator-custom-form-1365 forminator-design--flat  forminator_ajax\"\n\t\t\t\tmethod=\"post\"\n\t\t\t\tdata-forminator-render=\"0\"\n\t\t\t\tdata-form-id=\"1365\"\n\t\t\t\t data-color-option=\"default\" data-design=\"flat\" data-grid=\"open\" style=\"display: none;\"\n\t\t\t\tdata-uid=\"69f4660a724f4\"\n\t\t\t><div role=\"alert\" aria-live=\"polite\" class=\"forminator-response-message forminator-error\" aria-hidden=\"true\"><\/div><div class=\"forminator-row\"><div id=\"name-1\" class=\"forminator-field-name forminator-col forminator-col-6 \"><div class=\"forminator-field\"><input type=\"text\" name=\"name-1\" value=\"\" placeholder=\"First Name\" id=\"forminator-field-name-1_69f4660a724f4\" class=\"forminator-input forminator-name--field\" aria-required=\"true\" autocomplete=\"name\" \/><\/div><\/div><div id=\"name-2\" class=\"forminator-field-name forminator-col forminator-col-6 \"><div class=\"forminator-field\"><input type=\"text\" name=\"name-2\" value=\"\" placeholder=\"Last Name\" id=\"forminator-field-name-2_69f4660a724f4\" class=\"forminator-input forminator-name--field\" aria-required=\"true\" autocomplete=\"name\" \/><\/div><\/div><\/div><div class=\"forminator-row\"><div id=\"email-1\" class=\"forminator-field-email forminator-col forminator-col-12 \"><div class=\"forminator-field\"><input type=\"email\" name=\"email-1\" value=\"\" placeholder=\"Email\" id=\"forminator-field-email-1_69f4660a724f4\" class=\"forminator-input forminator-email--field\" data-required=\"true\" aria-required=\"true\" autocomplete=\"email\" \/><\/div><\/div><\/div><div class=\"forminator-row\"><div id=\"phone-1\" class=\"forminator-field-phone forminator-col forminator-col-12 \"><div class=\"forminator-field\"><input type=\"text\" name=\"phone-1\" value=\"\" placeholder=\"Phone\" id=\"forminator-field-phone-1_69f4660a724f4\" class=\"forminator-input forminator-field--phone\" data-required=\"\" aria-required=\"false\" autocomplete=\"off\" \/><\/div><\/div><\/div><div class=\"forminator-row\"><div id=\"textarea-1\" class=\"forminator-field-textarea forminator-col forminator-col-12 \"><div class=\"forminator-field\"><textarea name=\"textarea-1\" placeholder=\"Message\" id=\"forminator-field-textarea-1_69f4660a724f4\" class=\"forminator-textarea\" rows=\"6\" style=\"--forminator-textarea-min-height:140px;\" ><\/textarea><span id=\"forminator-field-textarea-1_69f4660a724f4-description\" class=\"forminator-description\"><span data-limit=\"300\" data-type=\"words\" data-editor=\"\">0 \/ 300<\/span><\/span><\/div><\/div><\/div><div class=\"forminator-row\"><\/div><input type=\"hidden\" name=\"referer_url\" value=\"\" \/><div class=\"forminator-row forminator-row-last\"><div class=\"forminator-col\"><div class=\"forminator-field\"><button class=\"forminator-button forminator-button-submit\">Send<\/button><\/div><\/div><\/div><input type=\"hidden\" id=\"forminator_nonce\" name=\"forminator_nonce\" value=\"981ce075ea\" \/><input type=\"hidden\" name=\"_wp_http_referer\" value=\"\/lt\/wp-json\/wp\/v2\/pages\/12048\" \/><input type=\"hidden\" name=\"form_id\" value=\"1365\"><input type=\"hidden\" name=\"page_id\" value=\"12048\"><input type=\"hidden\" name=\"form_type\" value=\"default\"><input type=\"hidden\" name=\"current_url\" value=\"https:\/\/matchawholesale.eu\/lt\/produktu\/\"><input type=\"hidden\" name=\"render_id\" value=\"0\"><input type=\"hidden\" name=\"action\" value=\"forminator_submit_form_custom-forms\"><label for=\"input_6\" class=\"forminator-hidden\" aria-hidden=\"true\">Please do not fill in this field. <input id=\"input_6\" type=\"text\" name=\"input_6\" value=\"\" autocomplete=\"off\"><\/label><\/form><\/p>\n","protected":false},"excerpt":{"rendered":"<p>Puiki matcha kiekvienam verslo poreikiui &#8222;Matcha Wholesale&#8221; u\u017epildo atotr\u016bk\u012f tarp Japonijos arbatos gamykl\u0173 ir Europos rinkos. Nesvarbu, ar esate butikin\u0117s kavin\u0117s savininkas, siekiantis ceremonijos meistri\u0161kumo, ar didelio masto gamintojas, reikalaujantis didelio kiekio ingredient\u0173, m\u016bs\u0173 kuruojamas matcha pasirinkimas yra puikus sprendimas. M\u016bs\u0173 &#8222;Matcha&#8221; pasirinkimas Si\u016blome plat\u0173 r\u016b\u0161i\u0173 asortiment\u0105, kad u\u017etikrintum\u0117te, jog rasite tiksl\u0173 skonio profil\u012f ir [&hellip;]<\/p>\n","protected":false},"author":1,"featured_media":12049,"parent":0,"menu_order":0,"comment_status":"closed","ping_status":"closed","template":"","meta":{"footnotes":""},"class_list":["post-12048","page","type-page","status-publish","has-post-thumbnail","hentry","entry","has-media"],"_links":{"self":[{"href":"https:\/\/matchawholesale.eu\/lt\/wp-json\/wp\/v2\/pages\/12048","targetHints":{"allow":["GET"]}}],"collection":[{"href":"https:\/\/matchawholesale.eu\/lt\/wp-json\/wp\/v2\/pages"}],"about":[{"href":"https:\/\/matchawholesale.eu\/lt\/wp-json\/wp\/v2\/types\/page"}],"author":[{"embeddable":true,"href":"https:\/\/matchawholesale.eu\/lt\/wp-json\/wp\/v2\/users\/1"}],"replies":[{"embeddable":true,"href":"https:\/\/matchawholesale.eu\/lt\/wp-json\/wp\/v2\/comments?post=12048"}],"version-history":[{"count":1,"href":"https:\/\/matchawholesale.eu\/lt\/wp-json\/wp\/v2\/pages\/12048\/revisions"}],"predecessor-version":[{"id":12051,"href":"https:\/\/matchawholesale.eu\/lt\/wp-json\/wp\/v2\/pages\/12048\/revisions\/12051"}],"wp:featuredmedia":[{"embeddable":true,"href":"https:\/\/matchawholesale.eu\/lt\/wp-json\/wp\/v2\/media\/12049"}],"wp:attachment":[{"href":"https:\/\/matchawholesale.eu\/lt\/wp-json\/wp\/v2\/media?parent=12048"}],"curies":[{"name":"wp","href":"https:\/\/api.w.org\/{rel}","templated":true}]}}