{"id":12041,"date":"2026-01-27T11:35:28","date_gmt":"2026-01-27T11:35:28","guid":{"rendered":"https:\/\/matchawholesale.eu\/veleprodaja-matche-za-proizvodace-hrane\/"},"modified":"2026-02-10T13:46:54","modified_gmt":"2026-02-10T13:46:54","slug":"veleprodaja-matche-za-proizvodace-hrane","status":"publish","type":"page","link":"https:\/\/matchawholesale.eu\/hr\/veleprodaja-matche-za-proizvodace-hrane\/","title":{"rendered":"Veleprodaja matche za proizvo\u0111a\u010de hrane"},"content":{"rendered":"\n<h1 class=\"wp-block-heading\">Veleprodaja matche za proizvo\u0111a\u010de hrane<\/h1>\n\n<figure class=\"wp-block-image size-large\"><img fetchpriority=\"high\" decoding=\"async\" width=\"1024\" height=\"576\" src=\"https:\/\/matchawholesale.eu\/wp-content\/uploads\/2026\/01\/11-1024x576.jpg\" alt=\"Matcha za tvornice hrane, tvrtke i proizvo&#x111;a&#x10D;e\" class=\"wp-image-11263\" srcset=\"https:\/\/matchawholesale.eu\/wp-content\/uploads\/2026\/01\/11-1024x576.jpg 1024w, https:\/\/matchawholesale.eu\/wp-content\/uploads\/2026\/01\/11-300x169.jpg 300w, https:\/\/matchawholesale.eu\/wp-content\/uploads\/2026\/01\/11-768x432.jpg 768w, https:\/\/matchawholesale.eu\/wp-content\/uploads\/2026\/01\/11-800x450.jpg 800w, https:\/\/matchawholesale.eu\/wp-content\/uploads\/2026\/01\/11.jpg 1136w\" sizes=\"(max-width: 1024px) 100vw, 1024px\" \/><figcaption class=\"wp-element-caption\">Matcha za tvornice hrane, tvrtke i proizvo\u0111a\u010de<\/figcaption><\/figure>\n\n<p>Matcha Wholesale je idealan izbor za proizvo\u0111a\u010de koji tra\u017ee pouzdanu, visokoserijsku B2B nabavu matche koja podr\u017eava u\u010dinkovitu proizvodnju i profitabilan rast.<\/p>\n\n<p>Ispod prona\u0111ite na\u0161a jamstva.<\/p>\n\n<h2 class=\"wp-block-heading\">1. Japansko podrijetlo<\/h2>\n\n<p>Nabavljeno izravno s planta\u017ea \u010daja u Japanu. Sura\u0111ujemo s mre\u017eom poljoprivrednika koji osiguravaju stalnu i pouzdanu opskrbu.   <\/p>\n\n<p>Imajte na umu da za projekte koji ne zahtijevaju japansko podrijetlo mo\u017eemo nabaviti i kinesku hojichu po povoljnim cijenama.  <\/p>\n\n<h2 class=\"wp-block-heading\">2. Izvrsna kvaliteta i dosljednost<\/h2>\n\n<p>Dosljednost od serije do serije minimizira varijabilnost proizvodnje, poma\u017eu\u0107i vam odr\u017eavati standarde proizvoda kroz velike serije.<\/p>\n\n<h2 class=\"wp-block-heading\">3. Svestrane ocjene prema va\u0161im potrebama<\/h2>\n\n<p>Odaberite matchu kulinarske kvalitete optimizirane za proizvodne primjene poput pe\u010denja, zamrzavanja ili mije\u0161anja, ili vrhunsku ceremonijalnu za vrhunske formulacije. Nudimo prilago\u0111ene mje\u0161avine koje odgovaraju va\u0161im specifi\u010dnim profilima okusa i zahtjevima za obradom. <\/p>\n\n<h2 class=\"wp-block-heading\">4. Certificirane organske i konvencionalne opcije<\/h2>\n\n<p>Na\u0161i dobavlja\u010di su uskla\u0111eni s FSSC 22000, osiguravaju\u0107i vrhunske sustave sigurnosti hrane i upravljanja kvalitetom koji su uskla\u0111eni s globalnim propisima o proizvodnji.<\/p>\n\n<h2 class=\"wp-block-heading\">5. Rigorozno testiranje i sigurnost<\/h2>\n\n<p>Svaka serija prolazi neovisna laboratorijska ispitivanja na pesticide, te\u0161ke metale, mikroorganizme i kontaminante, uz prilo\u017eene potvrde o analizi (CoA). Ova transparentnost \u0161titi va\u0161 opskrbni lanac i podr\u017eava uskla\u0111enost s HACCP, ISO i drugim industrijskim standardima. <\/p>\n\n<h2 class=\"wp-block-heading\">6. Skalabilna opskrba i pouzdanost<\/h2>\n\n<p>S fleksibilnim veli\u010dinama narud\u017ebi od 1 kg do vi\u0161etonskih koli\u010dina, odra\u0111ujemo velike koli\u010dine bez prekida. Na\u0161a robusna logistika osigurava pravovremene isporuke, poma\u017eu\u0107i vam izbje\u0107i zastoje i u\u010dinkovito ispuniti proizvodne rasporede. <\/p>\n\n<h2 class=\"wp-block-heading\">7. Konkurentno odre\u0111ivanje cijena u velikim koli\u010dinama<\/h2>\n\n<p>U\u017eivajte u popustima temeljenim na volumenu i transparentnim cjenovnim strukturama koje uravnote\u017euju vrhunsku kvalitetu s isplativo\u0161\u0107u. Dugoro\u010dni ugovori fiksiraju kamatne stope, omogu\u0107uju\u0107i bolje prognoziranje i ve\u0107e mar\u017ee na va\u0161im krajnjim proizvodima. <\/p>\n\n<h2 class=\"wp-block-heading\">8. 365-dnevna korisni\u010dka podr\u0161ka<\/h2>\n\n<p>Odgovaramo na va\u0161a pitanja i pru\u017eamo podr\u0161ku na\u0161im kupcima svaki dan u godini.  <\/p>\n\n<h2 class=\"wp-block-heading\">Za\u0161to sura\u0111ivati s Matcha Wholesale<\/h2>\n\n<p>U MatchaWholesale.eu-u dajemo prednost proizvo\u0111a\u010dima nude\u0107i matcha izravno iz Japana bez posrednika, osiguravaju\u0107i svje\u017einu i vrijednost.  <\/p>\n\n<p>Niske minimalne narud\u017ebe olak\u0161avaju testiranje i skaliranje, dok na\u0161a globalna dostava odr\u017eava niske tro\u0161kove i pouzdane isporuke. Bilo da proizvodite organske grickalice ili konvencionalne poslastice, nudimo alate za uspjeh. <\/p>\n\n<h2 class=\"wp-block-heading\">Kontaktirajte nas<\/h2>\n\n<p>Kontaktirajte nas za besplatan uzorak, prilago\u0111enu ponudu ili konzultacije.  <\/p>\n\n<div class=\"forminator-guttenberg\"><div class=\"forminator-ui forminator-custom-form forminator-custom-form-1365 forminator-design--flat  forminator_ajax\" data-forminator-render=\"0\" data-form=\"forminator-module-1365\" data-uid=\"69f85e22837fe\"><br\/><\/div><form\n\t\t\t\tid=\"forminator-module-1365\"\n\t\t\t\tclass=\"forminator-ui forminator-custom-form forminator-custom-form-1365 forminator-design--flat  forminator_ajax\"\n\t\t\t\tmethod=\"post\"\n\t\t\t\tdata-forminator-render=\"0\"\n\t\t\t\tdata-form-id=\"1365\"\n\t\t\t\t data-color-option=\"default\" data-design=\"flat\" data-grid=\"open\" style=\"display: none;\"\n\t\t\t\tdata-uid=\"69f85e22837fe\"\n\t\t\t><div role=\"alert\" aria-live=\"polite\" class=\"forminator-response-message forminator-error\" aria-hidden=\"true\"><\/div><div class=\"forminator-row\"><div id=\"name-1\" class=\"forminator-field-name forminator-col forminator-col-6 \"><div class=\"forminator-field\"><input type=\"text\" name=\"name-1\" value=\"\" placeholder=\"First Name\" id=\"forminator-field-name-1_69f85e22837fe\" class=\"forminator-input forminator-name--field\" aria-required=\"true\" autocomplete=\"name\" \/><\/div><\/div><div id=\"name-2\" class=\"forminator-field-name forminator-col forminator-col-6 \"><div class=\"forminator-field\"><input type=\"text\" name=\"name-2\" value=\"\" placeholder=\"Last Name\" id=\"forminator-field-name-2_69f85e22837fe\" class=\"forminator-input forminator-name--field\" aria-required=\"true\" autocomplete=\"name\" \/><\/div><\/div><\/div><div class=\"forminator-row\"><div id=\"email-1\" class=\"forminator-field-email forminator-col forminator-col-12 \"><div class=\"forminator-field\"><input type=\"email\" name=\"email-1\" value=\"\" placeholder=\"Email\" id=\"forminator-field-email-1_69f85e22837fe\" class=\"forminator-input forminator-email--field\" data-required=\"true\" aria-required=\"true\" autocomplete=\"email\" \/><\/div><\/div><\/div><div class=\"forminator-row\"><div id=\"phone-1\" class=\"forminator-field-phone forminator-col forminator-col-12 \"><div class=\"forminator-field\"><input type=\"text\" name=\"phone-1\" value=\"\" placeholder=\"Phone\" id=\"forminator-field-phone-1_69f85e22837fe\" class=\"forminator-input forminator-field--phone\" data-required=\"\" aria-required=\"false\" autocomplete=\"off\" \/><\/div><\/div><\/div><div class=\"forminator-row\"><div id=\"textarea-1\" class=\"forminator-field-textarea forminator-col forminator-col-12 \"><div class=\"forminator-field\"><textarea name=\"textarea-1\" placeholder=\"Message\" id=\"forminator-field-textarea-1_69f85e22837fe\" class=\"forminator-textarea\" rows=\"6\" style=\"--forminator-textarea-min-height:140px;\" ><\/textarea><span id=\"forminator-field-textarea-1_69f85e22837fe-description\" class=\"forminator-description\"><span data-limit=\"300\" data-type=\"words\" data-editor=\"\">0 \/ 300<\/span><\/span><\/div><\/div><\/div><div class=\"forminator-row\"><\/div><input type=\"hidden\" name=\"referer_url\" value=\"\" \/><div class=\"forminator-row forminator-row-last\"><div class=\"forminator-col\"><div class=\"forminator-field\"><button class=\"forminator-button forminator-button-submit\">Send<\/button><\/div><\/div><\/div><input type=\"hidden\" id=\"forminator_nonce\" name=\"forminator_nonce\" value=\"cbdf984d35\" \/><input type=\"hidden\" name=\"_wp_http_referer\" value=\"\/hr\/wp-json\/wp\/v2\/pages\/12041\" \/><input type=\"hidden\" name=\"form_id\" value=\"1365\"><input type=\"hidden\" name=\"page_id\" value=\"12041\"><input type=\"hidden\" name=\"form_type\" value=\"default\"><input type=\"hidden\" name=\"current_url\" value=\"https:\/\/matchawholesale.eu\/hr\/veleprodaja-matche-za-proizvodace-hrane\/\"><input type=\"hidden\" name=\"render_id\" value=\"0\"><input type=\"hidden\" name=\"action\" value=\"forminator_submit_form_custom-forms\"><label for=\"input_6\" class=\"forminator-hidden\" aria-hidden=\"true\">Please do not fill in this field. <input id=\"input_6\" type=\"text\" name=\"input_6\" value=\"\" autocomplete=\"off\"><\/label><\/form><\/div>\n","protected":false},"excerpt":{"rendered":"<p>Veleprodaja matche za proizvo\u0111a\u010de hrane Matcha Wholesale je idealan izbor za proizvo\u0111a\u010de koji tra\u017ee pouzdanu, visokoserijsku B2B nabavu matche koja podr\u017eava u\u010dinkovitu proizvodnju i profitabilan rast. Ispod prona\u0111ite na\u0161a jamstva. 1. Japansko podrijetlo Nabavljeno izravno s planta\u017ea \u010daja u Japanu. Sura\u0111ujemo s mre\u017eom poljoprivrednika koji osiguravaju stalnu i pouzdanu opskrbu. Imajte na umu da za [&hellip;]<\/p>\n","protected":false},"author":1,"featured_media":12045,"parent":0,"menu_order":0,"comment_status":"closed","ping_status":"closed","template":"","meta":{"footnotes":""},"class_list":["post-12041","page","type-page","status-publish","has-post-thumbnail","hentry","entry","has-media"],"_links":{"self":[{"href":"https:\/\/matchawholesale.eu\/hr\/wp-json\/wp\/v2\/pages\/12041","targetHints":{"allow":["GET"]}}],"collection":[{"href":"https:\/\/matchawholesale.eu\/hr\/wp-json\/wp\/v2\/pages"}],"about":[{"href":"https:\/\/matchawholesale.eu\/hr\/wp-json\/wp\/v2\/types\/page"}],"author":[{"embeddable":true,"href":"https:\/\/matchawholesale.eu\/hr\/wp-json\/wp\/v2\/users\/1"}],"replies":[{"embeddable":true,"href":"https:\/\/matchawholesale.eu\/hr\/wp-json\/wp\/v2\/comments?post=12041"}],"version-history":[{"count":1,"href":"https:\/\/matchawholesale.eu\/hr\/wp-json\/wp\/v2\/pages\/12041\/revisions"}],"predecessor-version":[{"id":12047,"href":"https:\/\/matchawholesale.eu\/hr\/wp-json\/wp\/v2\/pages\/12041\/revisions\/12047"}],"wp:featuredmedia":[{"embeddable":true,"href":"https:\/\/matchawholesale.eu\/hr\/wp-json\/wp\/v2\/media\/12045"}],"wp:attachment":[{"href":"https:\/\/matchawholesale.eu\/hr\/wp-json\/wp\/v2\/media?parent=12041"}],"curies":[{"name":"wp","href":"https:\/\/api.w.org\/{rel}","templated":true}]}}