{"id":12078,"date":"2026-02-14T14:22:43","date_gmt":"2026-02-14T14:22:43","guid":{"rendered":"https:\/\/matchawholesale.eu\/matcha-en-tant-que-service-maas-securisez-votre-approvisionnement-et-economisez-15\/"},"modified":"2026-02-14T14:30:08","modified_gmt":"2026-02-14T14:30:08","slug":"matcha-en-tant-que-service-maas-securisez-votre-approvisionnement-et-economisez-15","status":"publish","type":"page","link":"https:\/\/matchawholesale.eu\/fr\/matcha-en-tant-que-service-maas-securisez-votre-approvisionnement-et-economisez-15\/","title":{"rendered":"Matcha en tant que service (MaaS) : s\u00e9curisez votre approvisionnement et \u00e9conomisez 15 %"},"content":{"rendered":"\n<h1 class=\"wp-block-heading\">Matcha en tant que service (MaaS) : s\u00e9curisez votre approvisionnement et \u00e9conomisez 15 %<\/h1>\n\n<h3 class=\"wp-block-heading\">Garantissez le matcha \u00e0 vos clients avec le contrat Matcha le plus fiable d\u2019Europe.<\/h3>\n\n<p>Dans un march\u00e9 volatil, la constance est l\u2019avantage concurrentiel ultime. <strong>Matcha as a Service (MaaS)<\/strong> by <a target=\"_blank\" rel=\"noreferrer noopener\" href=\"https:\/\/matchawholesale.eu\/fr\/\">MatchaWholesale.eu<\/a> est un contrat premium bas\u00e9 sur l\u2019abonnement destin\u00e9 aux caf\u00e9s, h\u00f4tels et fabricants alimentaires \u00e0 fort volume.<\/p>\n\n<p>En vous engageant dans un approvisionnement r\u00e9gulier, vous passez d\u2019un \u00ab achat quand vous voulez \u00bb \u00e0 un <strong>partenariat strat\u00e9gique<\/strong> qui garantit la disponibilit\u00e9 des stocks, stabilise vos frais g\u00e9n\u00e9raux et r\u00e9duit drastiquement vos co\u00fbts.<\/p>\n\n<hr class=\"wp-block-separator has-alpha-channel-opacity\"\/>\n\n<h2 class=\"wp-block-heading\">Pourquoi \u00ab le matcha en tant que service \u00bb ?<\/h2>\n\n<p>La plupart des entreprises ach\u00e8tent du matcha de fa\u00e7on r\u00e9active. Cela entra\u00eene des ruptures de stock, des fluctuations de la qualit\u00e9 et le paiement de prix \u00ab \u00e0 la demande \u00bb \u00e9lev\u00e9s. Notre mod\u00e8le MaaS inverse la donne, offrant une solution \u00ab mettre et oublier \u00bb qui favorise votre croissance.  <\/p>\n\n<h3 class=\"wp-block-heading\">1. \u00c9conomies garanties (r\u00e9duction fixe de 15 %)<\/h3>\n\n<p>Lorsque vous signez un contrat Matcha, vous contournez les pics de prix du march\u00e9 au comptant. Vous b\u00e9n\u00e9ficiez d\u2019une <strong>remise garantie de 15 %<\/strong> par rapport \u00e0 nos tarifs de gros standards. <\/p>\n\n<ul class=\"wp-block-list\">\n<li><strong>Budget pr\u00e9visible :<\/strong> Verrouillez votre prix pendant 6 ou 12 mois.<\/li>\n\n\n\n<li><strong>Meilleures marges :<\/strong> R\u00e9duisez votre co\u00fbt des marchandises vendues (COGS) sans compromettre la qualit\u00e9.<\/li>\n<\/ul>\n\n<h3 class=\"wp-block-heading\">2. R\u00e9serve prioritaire de stock<\/h3>\n\n<p>Le matcha est un produit de saison. Pendant les pics de demande ou les p\u00e9nuries de r\u00e9colte, les acheteurs \u00ab \u00e0 la demande \u00bb sont les premiers \u00e0 subir des retards. <\/p>\n\n<ul class=\"wp-block-list\">\n<li><strong>Z\u00e9ro rupture de stock :<\/strong> Nous r\u00e9servons votre volume sp\u00e9cifique dans notre hub d\u2019Europe centrale (Belgique).<\/li>\n\n\n\n<li><strong>Cycle de fra\u00eecheur :<\/strong> Nous alignons notre calendrier de broyage de pierre au Japon avec vos dates de livraison afin d\u2019assurer les niveaux les plus \u00e9lev\u00e9s de chlorophylle et de L-th\u00e9anine.<\/li>\n<\/ul>\n\n<h3 class=\"wp-block-heading\">3. Logistique et op\u00e9rations rationalis\u00e9es<\/h3>\n\n<p>Arr\u00eatez de perdre du temps administratif \u00e0 recommander manuellement.<\/p>\n\n<ul class=\"wp-block-list\">\n<li><strong>Exp\u00e9dition automatis\u00e9e :<\/strong> Votre matcha arrive exactement au moment o\u00f9 vous en avez besoin (mensuel, bimensuel ou trimestriel).<\/li>\n\n\n\n<li><strong>Livraison \u00e0 l\u2019\u00e9chelle de l\u2019UE :<\/strong> Aucun retard douanier, aucun frais d\u2019importation cach\u00e9s, et un envoi rapide depuis notre entrep\u00f4t belge.<\/li>\n<\/ul>\n\n<hr class=\"wp-block-separator has-alpha-channel-opacity\"\/>\n\n<h2 class=\"wp-block-heading\">Choisissez votre niveau<\/h2>\n\n<p><em>Tout notre matcha provient directement du Japon et est accompagn\u00e9 d\u2019un certificat d\u2019analyse (CoA).<\/em><\/p>\n\n<figure class=\"wp-block-table\"><table class=\"has-fixed-layout\"><thead><tr><td><strong>Caract\u00e9ristiques<\/strong><\/td><td><strong>Grade c\u00e9r\u00e9moniel<\/strong><\/td><td><strong>Premium Grade<\/strong><\/td><td><strong>Grade culinaire<\/strong><\/td><\/tr><\/thead><tbody><tr><td><strong>Meilleur pour<\/strong><\/td><td>Th\u00e9 traditionnel et lattes haut de gamme<\/td><td>Lattes et smoothies quotidiens<\/td><td>P\u00e2tisserie, chocolats et glaces<\/td><\/tr><tr><td><strong>Profil de saveur<\/strong><\/td><td>Umami, doux, sans amertume<\/td><td>\u00c9quilibr\u00e9, cr\u00e9meux, l\u00e9g\u00e8rement herbac\u00e9<\/td><td>Robuste, terreuse, audacieuse<\/td><\/tr><tr><td><strong>Couleur<\/strong><\/td><td>Vert \u00e9lectrique<\/td><td>Vert vif<\/td><td>Vert olive profond<\/td><\/tr><tr><td><strong>Tarification MaaS<\/strong><\/td><td><strong>-15 % de taux de contrat<\/strong><\/td><td><strong>-15 % de taux de contrat<\/strong><\/td><td><strong>-15 % de taux de contrat<\/strong><\/td><\/tr><\/tbody><\/table><\/figure>\n\n<hr class=\"wp-block-separator has-alpha-channel-opacity\"\/>\n\n<h2 class=\"wp-block-heading\">Comment cela fonctionne : 3 \u00e9tapes pour \u00e9conomiser 15 %<\/h2>\n\n<ol start=\"1\" class=\"wp-block-list\">\n<li><strong>Consultation :<\/strong> Dites-nous votre consommation mensuelle moyenne.<\/li>\n\n\n\n<li><strong>Personnalisation :<\/strong> Nous adaptons un contrat en fonction de votre grade et de fr\u00e9quence pr\u00e9f\u00e9r\u00e9s.<\/li>\n\n\n\n<li><strong>Activation :<\/strong> Signez votre contrat Matcha et profitez de la tranquillit\u00e9 d\u2019esprit avec des livraisons automatiques et \u00e0 prix r\u00e9duit.<\/li>\n<\/ol>\n\n<hr class=\"wp-block-separator has-alpha-channel-opacity\"\/>\n\n<h2 class=\"wp-block-heading\">Pr\u00eat \u00e0 stabiliser votre r\u00e9serve de matcha ?<\/h2>\n\n<p>Arr\u00eatez de payer la taxe \u00ab \u00e0 la demande \u00bb. S\u00e9curisez vos actions et \u00e9conomisez 15 % d\u00e8s aujourd\u2019hui. <\/p>\n<p><div class=\"forminator-ui forminator-custom-form forminator-custom-form-1365 forminator-design--flat  forminator_ajax\" data-forminator-render=\"0\" data-form=\"forminator-module-1365\" data-uid=\"69f3f2569abc1\"><br\/><\/div><form\n\t\t\t\tid=\"forminator-module-1365\"\n\t\t\t\tclass=\"forminator-ui forminator-custom-form forminator-custom-form-1365 forminator-design--flat  forminator_ajax\"\n\t\t\t\tmethod=\"post\"\n\t\t\t\tdata-forminator-render=\"0\"\n\t\t\t\tdata-form-id=\"1365\"\n\t\t\t\t data-color-option=\"default\" data-design=\"flat\" data-grid=\"open\" style=\"display: none;\"\n\t\t\t\tdata-uid=\"69f3f2569abc1\"\n\t\t\t><div role=\"alert\" aria-live=\"polite\" class=\"forminator-response-message forminator-error\" aria-hidden=\"true\"><\/div><div class=\"forminator-row\"><div id=\"name-1\" class=\"forminator-field-name forminator-col forminator-col-6 \"><div class=\"forminator-field\"><input type=\"text\" name=\"name-1\" value=\"\" placeholder=\"First Name\" id=\"forminator-field-name-1_69f3f2569abc1\" class=\"forminator-input forminator-name--field\" aria-required=\"true\" autocomplete=\"name\" \/><\/div><\/div><div id=\"name-2\" class=\"forminator-field-name forminator-col forminator-col-6 \"><div class=\"forminator-field\"><input type=\"text\" name=\"name-2\" value=\"\" placeholder=\"Last Name\" id=\"forminator-field-name-2_69f3f2569abc1\" class=\"forminator-input forminator-name--field\" aria-required=\"true\" autocomplete=\"name\" \/><\/div><\/div><\/div><div class=\"forminator-row\"><div id=\"email-1\" class=\"forminator-field-email forminator-col forminator-col-12 \"><div class=\"forminator-field\"><input type=\"email\" name=\"email-1\" value=\"\" placeholder=\"Email\" id=\"forminator-field-email-1_69f3f2569abc1\" class=\"forminator-input forminator-email--field\" data-required=\"true\" aria-required=\"true\" autocomplete=\"email\" \/><\/div><\/div><\/div><div class=\"forminator-row\"><div id=\"phone-1\" class=\"forminator-field-phone forminator-col forminator-col-12 \"><div class=\"forminator-field\"><input type=\"text\" name=\"phone-1\" value=\"\" placeholder=\"Phone\" id=\"forminator-field-phone-1_69f3f2569abc1\" class=\"forminator-input forminator-field--phone\" data-required=\"\" aria-required=\"false\" autocomplete=\"off\" \/><\/div><\/div><\/div><div class=\"forminator-row\"><div id=\"textarea-1\" class=\"forminator-field-textarea forminator-col forminator-col-12 \"><div class=\"forminator-field\"><textarea name=\"textarea-1\" placeholder=\"Message\" id=\"forminator-field-textarea-1_69f3f2569abc1\" class=\"forminator-textarea\" rows=\"6\" style=\"--forminator-textarea-min-height:140px;\" ><\/textarea><span id=\"forminator-field-textarea-1_69f3f2569abc1-description\" class=\"forminator-description\"><span data-limit=\"300\" data-type=\"words\" data-editor=\"\">0 \/ 300<\/span><\/span><\/div><\/div><\/div><div class=\"forminator-row\"><\/div><input type=\"hidden\" name=\"referer_url\" value=\"\" \/><div class=\"forminator-row forminator-row-last\"><div class=\"forminator-col\"><div class=\"forminator-field\"><button class=\"forminator-button forminator-button-submit\">Send<\/button><\/div><\/div><\/div><input type=\"hidden\" id=\"forminator_nonce\" name=\"forminator_nonce\" value=\"981ce075ea\" \/><input type=\"hidden\" name=\"_wp_http_referer\" value=\"\/fr\/wp-json\/wp\/v2\/pages\/12078\" \/><input type=\"hidden\" name=\"form_id\" value=\"1365\"><input type=\"hidden\" name=\"page_id\" value=\"12078\"><input type=\"hidden\" name=\"form_type\" value=\"default\"><input type=\"hidden\" name=\"current_url\" value=\"https:\/\/matchawholesale.eu\/fr\/matcha-en-tant-que-service-maas-securisez-votre-approvisionnement-et-economisez-15\/\"><input type=\"hidden\" name=\"render_id\" value=\"0\"><input type=\"hidden\" name=\"action\" value=\"forminator_submit_form_custom-forms\"><label for=\"input_6\" class=\"forminator-hidden\" aria-hidden=\"true\">Veuillez ne pas remplir ce champ. <input id=\"input_6\" type=\"text\" name=\"input_6\" value=\"\" autocomplete=\"off\"><\/label><\/form><\/p>\n\n<p><em>Au service de l\u2019Allemagne, de la France, des Pays-Bas et de toute l\u2019Europe.<\/em><\/p>\n","protected":false},"excerpt":{"rendered":"<p>Matcha en tant que service (MaaS) : s\u00e9curisez votre approvisionnement et \u00e9conomisez 15 % Garantissez le matcha \u00e0 vos clients avec le contrat Matcha le plus fiable d\u2019Europe. Dans un march\u00e9 volatil, la constance est l\u2019avantage concurrentiel ultime. Matcha as a Service (MaaS) by MatchaWholesale.eu est un contrat premium bas\u00e9 sur l\u2019abonnement destin\u00e9 aux caf\u00e9s, [&hellip;]<\/p>\n","protected":false},"author":1,"featured_media":11365,"parent":0,"menu_order":0,"comment_status":"closed","ping_status":"closed","template":"","meta":{"footnotes":""},"class_list":["post-12078","page","type-page","status-publish","has-post-thumbnail","hentry","entry","has-media"],"_links":{"self":[{"href":"https:\/\/matchawholesale.eu\/fr\/wp-json\/wp\/v2\/pages\/12078","targetHints":{"allow":["GET"]}}],"collection":[{"href":"https:\/\/matchawholesale.eu\/fr\/wp-json\/wp\/v2\/pages"}],"about":[{"href":"https:\/\/matchawholesale.eu\/fr\/wp-json\/wp\/v2\/types\/page"}],"author":[{"embeddable":true,"href":"https:\/\/matchawholesale.eu\/fr\/wp-json\/wp\/v2\/users\/1"}],"replies":[{"embeddable":true,"href":"https:\/\/matchawholesale.eu\/fr\/wp-json\/wp\/v2\/comments?post=12078"}],"version-history":[{"count":1,"href":"https:\/\/matchawholesale.eu\/fr\/wp-json\/wp\/v2\/pages\/12078\/revisions"}],"predecessor-version":[{"id":12080,"href":"https:\/\/matchawholesale.eu\/fr\/wp-json\/wp\/v2\/pages\/12078\/revisions\/12080"}],"wp:featuredmedia":[{"embeddable":true,"href":"https:\/\/matchawholesale.eu\/fr\/wp-json\/wp\/v2\/media\/11365"}],"wp:attachment":[{"href":"https:\/\/matchawholesale.eu\/fr\/wp-json\/wp\/v2\/media?parent=12078"}],"curies":[{"name":"wp","href":"https:\/\/api.w.org\/{rel}","templated":true}]}}