{"id":11987,"date":"2026-01-14T20:20:38","date_gmt":"2026-01-14T20:20:38","guid":{"rendered":"https:\/\/matchawholesale.eu\/tuotteet\/"},"modified":"2026-02-10T13:45:52","modified_gmt":"2026-02-10T13:45:52","slug":"tuotteet","status":"publish","type":"page","link":"https:\/\/matchawholesale.eu\/fi\/tuotteet\/","title":{"rendered":"Tuotteet"},"content":{"rendered":"\n<h1 class=\"wp-block-heading\">Loistava matcha jokaiseen yrityksen tarpeeseen<\/h1>\n\n<figure class=\"wp-block-image size-large\"><img fetchpriority=\"high\" decoding=\"async\" width=\"1024\" height=\"683\" src=\"https:\/\/matchawholesale.eu\/wp-content\/uploads\/2026\/01\/10-1024x683.jpg\" alt=\"Teekent&#xE4;t matchalle\" class=\"wp-image-11221\" srcset=\"https:\/\/matchawholesale.eu\/wp-content\/uploads\/2026\/01\/10-1024x683.jpg 1024w, https:\/\/matchawholesale.eu\/wp-content\/uploads\/2026\/01\/10-300x200.jpg 300w, https:\/\/matchawholesale.eu\/wp-content\/uploads\/2026\/01\/10-768x512.jpg 768w, https:\/\/matchawholesale.eu\/wp-content\/uploads\/2026\/01\/10.jpg 1200w\" sizes=\"(max-width: 1024px) 100vw, 1024px\" \/><figcaption class=\"wp-element-caption\">Teekent\u00e4t matchalle<\/figcaption><\/figure>\n\n<p>Matcha Wholesale yhdist\u00e4\u00e4 japanilaiset teetehtaat Euroopan markkinoille. Olitpa sitten boutique-kahvilan omistaja, joka etsii seremoniallista huippuosaamista, tai suuri valmistaja, joka tarvitsee suuria m\u00e4\u00e4ri\u00e4 raaka-aineita, huolellinen matchavalikoimamme tarjoaa t\u00e4ydellisen ratkaisun. <\/p>\n\n<hr class=\"wp-block-separator has-alpha-channel-opacity\"\/>\n\n<h2 class=\"wp-block-heading\">Matcha-valikoimamme<\/h2>\n\n<p>Tarjoamme kattavan valikoiman laatuja, jotta l\u00f6yd\u00e4t tarkasta makuprofiilin ja v\u00e4riintensiteetin tuotteillesi:<\/p>\n\n<ul class=\"wp-block-list\">\n<li><strong>Orgaaninen ja tavanomainen:<\/strong> Valitse sertifioidusta luomuvalikoimastamme, joka on kasvatettu ilman synteettisi\u00e4 torjunta-aineita, tai korkealaatuisista perinteisist\u00e4 vaihtoehdoistamme.<\/li>\n\n\n\n<li><strong><a href=\"https:\/\/matchawholesale.eu\/fi\/?page_id=6361\" data-type=\"link\" data-id=\"https:\/\/matchawholesale.eu\/matcha-ceremonial-imperial-grade-wholesale\/\">Seremoniallinen aste<\/a>:<\/strong> Varhain kev\u00e4\u00e4ll\u00e4 korjatut lehdet tarjoavat kirkkaan vihre\u00e4n s\u00e4vyn ja herk\u00e4n, umamirikkaan maun, mik\u00e4 sopii t\u00e4ydellisesti perinteiseen valmistukseen tai premium-latteihin.<\/li>\n\n\n\n<li><strong><a href=\"https:\/\/matchawholesale.eu\/fi\/?page_id=6381\" data-type=\"link\" data-id=\"https:\/\/matchawholesale.eu\/matcha-premium-grade-wholesale\/\">Premium-luokka<\/a>:<\/strong> Vahva, tasapainoinen tee, joka korjattiin my\u00f6hemmin kaudella. Se s\u00e4ilytt\u00e4\u00e4 vahvan &#8221;vihre\u00e4n&#8221; maun, joka kest\u00e4\u00e4 kauniisti sekoitettuna muihin aineksiin. <\/li>\n\n\n\n<li><strong><a href=\"https:\/\/matchawholesale.eu\/fi\/?page_id=6410\" data-type=\"link\" data-id=\"https:\/\/matchawholesale.eu\/matcha-culinary-grade-wholesale\/\">Kulinaarinen taso<\/a>:<\/strong> Suunniteltu erityisesti leivontaan ja ruoanlaittoon, tarjoten ainutlaatuisen matcha-luonteen, jota tarvitaan suklaisiin, j\u00e4\u00e4tel\u00f6ihin ja leivonnaisiin.<\/li>\n<\/ul>\n\n<hr class=\"wp-block-separator has-alpha-channel-opacity\"\/>\n\n<h2 class=\"wp-block-heading\">Ratkaisut sektoreittain<\/h2>\n\n<h3 class=\"wp-block-heading\"><strong>Kahviloille ja vieraanvaraisuudelle<\/strong> <\/h3>\n\n<p>Seoksemme on valittu niiden ominaisuuksien ja kyvyn vuoksi sopia t\u00e4ydellisesti maitotuotteiden ja kasvipohjaisten maitotuotteiden kanssa, varmistaen tasaisen ja paakkumattoman latten joka kerta.<\/p>\n\n<h3 class=\"wp-block-heading\"><strong>Teollisiin sovelluksiin ja valmistukseen<\/strong> <\/h3>\n\n<p>Tarjoamme skaalautuvia ratkaisuja elintarvike- ja juomateollisuudelle. <strong>Premium-japanilaisten alkuper\u00e4mme<\/strong> lis\u00e4ksi tarjoamme <strong>korkealaatuista kiinalaista matchaa<\/strong> , joka on erityisesti teolliseen k\u00e4ytt\u00f6\u00f6n hankittu. T\u00e4m\u00e4 tarjoaa kustannustehokkaan ja luotettavan raaka-aineen laajamittaiseen lis\u00e4ravinteiden, massamarkkinapullottujen juomien ja elintarvikkeiden jalostukseen  <\/p>\n\n<hr class=\"wp-block-separator has-alpha-channel-opacity\"\/>\n\n<h2 class=\"wp-block-heading\">Miksi tehd\u00e4 yhteisty\u00f6t\u00e4 kanssamme?<\/h2>\n\n<ul class=\"wp-block-list\">\n<li><strong>Suora hankinta:<\/strong> J\u00e4t\u00e4mme v\u00e4lik\u00e4det pois tarjotaksemme parhaat tukkuhinnat mantereella.<\/li>\n\n\n\n<li><strong>Belgian logistiikka:<\/strong> Nopea ja luotettava kuljetus EU:n ja Schengen-alueen yli.<\/li>\n\n\n\n<li><strong>Jatkuva tuki:<\/strong> N\u00e4ytteist\u00e4 r\u00e4\u00e4t\u00e4l\u00f6ityihin tukkum\u00e4\u00e4riin, mukautamme tarjontamme liiketoimintamallisi mukaan.<\/li>\n<\/ul>\n\n<p>Oletko valmis p\u00e4ivitt\u00e4m\u00e4\u00e4n varastosi?<\/p>\n\n<p>Ota yhteytt\u00e4 jo t\u00e4n\u00e4\u00e4n!<\/p>\n<p><div class=\"forminator-ui forminator-custom-form forminator-custom-form-1365 forminator-design--flat  forminator_ajax\" data-forminator-render=\"0\" data-form=\"forminator-module-1365\" data-uid=\"69f7098c82b9f\"><br\/><\/div><form\n\t\t\t\tid=\"forminator-module-1365\"\n\t\t\t\tclass=\"forminator-ui forminator-custom-form forminator-custom-form-1365 forminator-design--flat  forminator_ajax\"\n\t\t\t\tmethod=\"post\"\n\t\t\t\tdata-forminator-render=\"0\"\n\t\t\t\tdata-form-id=\"1365\"\n\t\t\t\t data-color-option=\"default\" data-design=\"flat\" data-grid=\"open\" style=\"display: none;\"\n\t\t\t\tdata-uid=\"69f7098c82b9f\"\n\t\t\t><div role=\"alert\" aria-live=\"polite\" class=\"forminator-response-message forminator-error\" aria-hidden=\"true\"><\/div><div class=\"forminator-row\"><div id=\"name-1\" class=\"forminator-field-name forminator-col forminator-col-6 \"><div class=\"forminator-field\"><input type=\"text\" name=\"name-1\" value=\"\" placeholder=\"First Name\" id=\"forminator-field-name-1_69f7098c82b9f\" class=\"forminator-input forminator-name--field\" aria-required=\"true\" autocomplete=\"name\" \/><\/div><\/div><div id=\"name-2\" class=\"forminator-field-name forminator-col forminator-col-6 \"><div class=\"forminator-field\"><input type=\"text\" name=\"name-2\" value=\"\" placeholder=\"Last Name\" id=\"forminator-field-name-2_69f7098c82b9f\" class=\"forminator-input forminator-name--field\" aria-required=\"true\" autocomplete=\"name\" \/><\/div><\/div><\/div><div class=\"forminator-row\"><div id=\"email-1\" class=\"forminator-field-email forminator-col forminator-col-12 \"><div class=\"forminator-field\"><input type=\"email\" name=\"email-1\" value=\"\" placeholder=\"Email\" id=\"forminator-field-email-1_69f7098c82b9f\" class=\"forminator-input forminator-email--field\" data-required=\"true\" aria-required=\"true\" autocomplete=\"email\" \/><\/div><\/div><\/div><div class=\"forminator-row\"><div id=\"phone-1\" class=\"forminator-field-phone forminator-col forminator-col-12 \"><div class=\"forminator-field\"><input type=\"text\" name=\"phone-1\" value=\"\" placeholder=\"Phone\" id=\"forminator-field-phone-1_69f7098c82b9f\" class=\"forminator-input forminator-field--phone\" data-required=\"\" aria-required=\"false\" autocomplete=\"off\" \/><\/div><\/div><\/div><div class=\"forminator-row\"><div id=\"textarea-1\" class=\"forminator-field-textarea forminator-col forminator-col-12 \"><div class=\"forminator-field\"><textarea name=\"textarea-1\" placeholder=\"Message\" id=\"forminator-field-textarea-1_69f7098c82b9f\" class=\"forminator-textarea\" rows=\"6\" style=\"--forminator-textarea-min-height:140px;\" ><\/textarea><span id=\"forminator-field-textarea-1_69f7098c82b9f-description\" class=\"forminator-description\"><span data-limit=\"300\" data-type=\"words\" data-editor=\"\">0 \/ 300<\/span><\/span><\/div><\/div><\/div><div class=\"forminator-row\"><\/div><input type=\"hidden\" name=\"referer_url\" value=\"\" \/><div class=\"forminator-row forminator-row-last\"><div class=\"forminator-col\"><div class=\"forminator-field\"><button class=\"forminator-button forminator-button-submit\">Send<\/button><\/div><\/div><\/div><input type=\"hidden\" id=\"forminator_nonce\" name=\"forminator_nonce\" value=\"8af387a60d\" \/><input type=\"hidden\" name=\"_wp_http_referer\" value=\"\/fi\/wp-json\/wp\/v2\/pages\/11987\" \/><input type=\"hidden\" name=\"form_id\" value=\"1365\"><input type=\"hidden\" name=\"page_id\" value=\"11987\"><input type=\"hidden\" name=\"form_type\" value=\"default\"><input type=\"hidden\" name=\"current_url\" value=\"https:\/\/matchawholesale.eu\/fi\/tuotteet\/\"><input type=\"hidden\" name=\"render_id\" value=\"0\"><input type=\"hidden\" name=\"action\" value=\"forminator_submit_form_custom-forms\"><label for=\"input_6\" class=\"forminator-hidden\" aria-hidden=\"true\">Please do not fill in this field. <input id=\"input_6\" type=\"text\" name=\"input_6\" value=\"\" autocomplete=\"off\"><\/label><\/form><\/p>\n","protected":false},"excerpt":{"rendered":"<p>Loistava matcha jokaiseen yrityksen tarpeeseen Matcha Wholesale yhdist\u00e4\u00e4 japanilaiset teetehtaat Euroopan markkinoille. Olitpa sitten boutique-kahvilan omistaja, joka etsii seremoniallista huippuosaamista, tai suuri valmistaja, joka tarvitsee suuria m\u00e4\u00e4ri\u00e4 raaka-aineita, huolellinen matchavalikoimamme tarjoaa t\u00e4ydellisen ratkaisun. Matcha-valikoimamme Tarjoamme kattavan valikoiman laatuja, jotta l\u00f6yd\u00e4t tarkasta makuprofiilin ja v\u00e4riintensiteetin tuotteillesi: Ratkaisut sektoreittain Kahviloille ja vieraanvaraisuudelle Seoksemme on valittu niiden ominaisuuksien [&hellip;]<\/p>\n","protected":false},"author":1,"featured_media":11989,"parent":0,"menu_order":0,"comment_status":"closed","ping_status":"closed","template":"","meta":{"footnotes":""},"class_list":["post-11987","page","type-page","status-publish","has-post-thumbnail","hentry","entry","has-media"],"_links":{"self":[{"href":"https:\/\/matchawholesale.eu\/fi\/wp-json\/wp\/v2\/pages\/11987","targetHints":{"allow":["GET"]}}],"collection":[{"href":"https:\/\/matchawholesale.eu\/fi\/wp-json\/wp\/v2\/pages"}],"about":[{"href":"https:\/\/matchawholesale.eu\/fi\/wp-json\/wp\/v2\/types\/page"}],"author":[{"embeddable":true,"href":"https:\/\/matchawholesale.eu\/fi\/wp-json\/wp\/v2\/users\/1"}],"replies":[{"embeddable":true,"href":"https:\/\/matchawholesale.eu\/fi\/wp-json\/wp\/v2\/comments?post=11987"}],"version-history":[{"count":1,"href":"https:\/\/matchawholesale.eu\/fi\/wp-json\/wp\/v2\/pages\/11987\/revisions"}],"predecessor-version":[{"id":11992,"href":"https:\/\/matchawholesale.eu\/fi\/wp-json\/wp\/v2\/pages\/11987\/revisions\/11992"}],"wp:featuredmedia":[{"embeddable":true,"href":"https:\/\/matchawholesale.eu\/fi\/wp-json\/wp\/v2\/media\/11989"}],"wp:attachment":[{"href":"https:\/\/matchawholesale.eu\/fi\/wp-json\/wp\/v2\/media?parent=11987"}],"curies":[{"name":"wp","href":"https:\/\/api.w.org\/{rel}","templated":true}]}}