{"id":12111,"date":"2026-02-14T14:22:43","date_gmt":"2026-02-14T14:22:43","guid":{"rendered":"https:\/\/matchawholesale.eu\/matcha-como-servicio-maas-asegura-tu-suministro-y-ahorra-un-15\/"},"modified":"2026-02-14T14:30:30","modified_gmt":"2026-02-14T14:30:30","slug":"matcha-como-servicio-maas-asegura-tu-suministro-y-ahorra-un-15","status":"publish","type":"page","link":"https:\/\/matchawholesale.eu\/es\/matcha-como-servicio-maas-asegura-tu-suministro-y-ahorra-un-15\/","title":{"rendered":"Matcha como Servicio (MaaS): Asegura tu suministro y ahorra un 15%"},"content":{"rendered":"\n<h1 class=\"wp-block-heading\">Matcha como Servicio (MaaS): Asegura tu suministro y ahorra un 15%<\/h1>\n\n<h3 class=\"wp-block-heading\">Garantiza matcha a tus clientes con el contrato de matcha m\u00e1s fiable de Europa.<\/h3>\n\n<p>En un mercado vol\u00e1til, la consistencia es la m\u00e1xima ventaja competitiva. <strong>Matcha como Servicio (MaaS)<\/strong> de <a target=\"_blank\" rel=\"noreferrer noopener\" href=\"https:\/\/matchawholesale.eu\/es\/\">MatchaWholesale.eu<\/a> es un contrato premium basado en suscripci\u00f3n dise\u00f1ado para cafeter\u00edas de gran volumen, hoteles y fabricantes de alimentos.<\/p>\n\n<p>Al comprometerte con un suministro regular, pasas de \u00abcomprar cuando sea\u00bb a una <strong>alianza estrat\u00e9gica<\/strong> que garantiza la disponibilidad de stock, estabiliza tus gastos generales y reduce tus costes.<\/p>\n\n<hr class=\"wp-block-separator has-alpha-channel-opacity\"\/>\n\n<h2 class=\"wp-block-heading\">\u00bfPor qu\u00e9 \u00abMatcha como servicio\u00bb?<\/h2>\n\n<p>La mayor\u00eda de los negocios compran matcha de forma reactiva. Esto provoca falta de stock, calidad fluctuante y el pago de precios premium \u00abbajo demanda\u00bb. Nuestro modelo MaaS da la vuelta al guion, ofreciendo una soluci\u00f3n de \u00abponer y olvidar\u00bb que impulsa tu crecimiento.  <\/p>\n\n<h3 class=\"wp-block-heading\">1. Ahorro garantizado (descuento fijo del 15%)<\/h3>\n\n<p>Cuando firmas un contrato Matcha, evitas los picos de precio del mercado spot. Recibes un <strong>descuento garantizado del 15%<\/strong> en comparaci\u00f3n con nuestras tarifas mayoristas est\u00e1ndar. <\/p>\n\n<ul class=\"wp-block-list\">\n<li><strong>Presupuesto previsible:<\/strong> Bloquea tu precio durante 6 o 12 meses.<\/li>\n\n\n\n<li><strong>Mejores m\u00e1rgenes:<\/strong> Reduce tu Coste de Bienes Vendidos (COGS) sin comprometer la calidad.<\/li>\n<\/ul>\n\n<h3 class=\"wp-block-heading\">2. Reserva de Ganado Prioritario<\/h3>\n\n<p>El matcha es un producto de temporada. Durante los picos de demanda o escasez de cosecha, los compradores \u00abbajo demanda\u00bb son los primeros en enfrentarse a retrasos. <\/p>\n\n<ul class=\"wp-block-list\">\n<li><strong>Cero fallos de stock:<\/strong> Reservamos tu volumen espec\u00edfico en nuestro centro de Europa Central (B\u00e9lgica).<\/li>\n\n\n\n<li><strong>Ciclo de frescura:<\/strong> Alineamos nuestro calendario de molienda de piedra en Jap\u00f3n con tus fechas de entrega para asegurar los niveles m\u00e1s altos de clorofila y L-teanina.<\/li>\n<\/ul>\n\n<h3 class=\"wp-block-heading\">3. Log\u00edstica y Operaciones Optimizadas<\/h3>\n\n<p>Deja de perder el tiempo de administraci\u00f3n con reordenar manualmente.<\/p>\n\n<ul class=\"wp-block-list\">\n<li><strong>Env\u00edo automatizado:<\/strong> Tu matcha llega exactamente cuando lo necesitas (mensual, bimensual o trimestral).<\/li>\n\n\n\n<li><strong>Entrega a nivel de toda la UE:<\/strong> Sin retrasos en aduanas, sin tasas ocultas de importaci\u00f3n y env\u00edo r\u00e1pido desde nuestro almac\u00e9n belga.<\/li>\n<\/ul>\n\n<hr class=\"wp-block-separator has-alpha-channel-opacity\"\/>\n\n<h2 class=\"wp-block-heading\">Elige tu curso<\/h2>\n\n<p><em>Todo nuestro matcha proviene directamente de Jap\u00f3n y viene con un Certificado de An\u00e1lisis (CoA).<\/em><\/p>\n\n<figure class=\"wp-block-table\"><table class=\"has-fixed-layout\"><thead><tr><td><strong>Caracter\u00edstica<\/strong><\/td><td><strong>Grado ceremonial<\/strong><\/td><td><strong>Categor\u00eda Premium<\/strong><\/td><td><strong>Grado culinario<\/strong><\/td><\/tr><\/thead><tbody><tr><td><strong>Mejor para<\/strong><\/td><td>T\u00e9 tradicional y lattes de alta gama<\/td><td>Lattes y batidos diarios<\/td><td>Reposter\u00eda, chocolates y helados<\/td><\/tr><tr><td><strong>Perfil de sabor<\/strong><\/td><td>Umami, dulce, sin amargura<\/td><td>Equilibrado, cremoso, con una hierba ligera<\/td><td>Robusto, terroso, audaz<\/td><\/tr><tr><td><strong>Color<\/strong><\/td><td>Verde el\u00e9ctrico<\/td><td>Verde vibrante<\/td><td>Verde oliva intenso<\/td><\/tr><tr><td><strong>Precios MaaS<\/strong><\/td><td><strong>-15% de tarifa contractual<\/strong><\/td><td><strong>-15% de tarifa contractual<\/strong><\/td><td><strong>-15% de tarifa contractual<\/strong><\/td><\/tr><\/tbody><\/table><\/figure>\n\n<hr class=\"wp-block-separator has-alpha-channel-opacity\"\/>\n\n<h2 class=\"wp-block-heading\">C\u00f3mo funciona: 3 pasos para ahorrar un 15%<\/h2>\n\n<ol start=\"1\" class=\"wp-block-list\">\n<li><strong>Consulta:<\/strong> Cu\u00e9ntanos tu consumo mensual medio.<\/li>\n\n\n\n<li><strong>Personalizaci\u00f3n:<\/strong> Adaptamos un contrato seg\u00fan la calificaci\u00f3n y frecuencia que prefieras.<\/li>\n\n\n\n<li><strong>Activaci\u00f3n:<\/strong> Firma tu contrato Matcha y disfruta de la tranquilidad con entregas autom\u00e1ticas y con descuento.<\/li>\n<\/ol>\n\n<hr class=\"wp-block-separator has-alpha-channel-opacity\"\/>\n\n<h2 class=\"wp-block-heading\">\u00bfListo para estabilizar tu suministro de matcha?<\/h2>\n\n<p>Deja de pagar el impuesto \u00abbajo demanda\u00bb. Asegura tus acciones y ahorra un 15% hoy mismo. <\/p>\n<p><div class=\"forminator-ui forminator-custom-form forminator-custom-form-1365 forminator-design--flat  forminator_ajax\" data-forminator-render=\"0\" data-form=\"forminator-module-1365\" data-uid=\"69f4ee6e96c59\"><br\/><\/div><form\n\t\t\t\tid=\"forminator-module-1365\"\n\t\t\t\tclass=\"forminator-ui forminator-custom-form forminator-custom-form-1365 forminator-design--flat  forminator_ajax\"\n\t\t\t\tmethod=\"post\"\n\t\t\t\tdata-forminator-render=\"0\"\n\t\t\t\tdata-form-id=\"1365\"\n\t\t\t\t data-color-option=\"default\" data-design=\"flat\" data-grid=\"open\" style=\"display: none;\"\n\t\t\t\tdata-uid=\"69f4ee6e96c59\"\n\t\t\t><div role=\"alert\" aria-live=\"polite\" class=\"forminator-response-message forminator-error\" aria-hidden=\"true\"><\/div><div class=\"forminator-row\"><div id=\"name-1\" class=\"forminator-field-name forminator-col forminator-col-6 \"><div class=\"forminator-field\"><input type=\"text\" name=\"name-1\" value=\"\" placeholder=\"First Name\" id=\"forminator-field-name-1_69f4ee6e96c59\" class=\"forminator-input forminator-name--field\" aria-required=\"true\" autocomplete=\"name\" \/><\/div><\/div><div id=\"name-2\" class=\"forminator-field-name forminator-col forminator-col-6 \"><div class=\"forminator-field\"><input type=\"text\" name=\"name-2\" value=\"\" placeholder=\"Last Name\" id=\"forminator-field-name-2_69f4ee6e96c59\" class=\"forminator-input forminator-name--field\" aria-required=\"true\" autocomplete=\"name\" \/><\/div><\/div><\/div><div class=\"forminator-row\"><div id=\"email-1\" class=\"forminator-field-email forminator-col forminator-col-12 \"><div class=\"forminator-field\"><input type=\"email\" name=\"email-1\" value=\"\" placeholder=\"Email\" id=\"forminator-field-email-1_69f4ee6e96c59\" class=\"forminator-input forminator-email--field\" data-required=\"true\" aria-required=\"true\" autocomplete=\"email\" \/><\/div><\/div><\/div><div class=\"forminator-row\"><div id=\"phone-1\" class=\"forminator-field-phone forminator-col forminator-col-12 \"><div class=\"forminator-field\"><input type=\"text\" name=\"phone-1\" value=\"\" placeholder=\"Phone\" id=\"forminator-field-phone-1_69f4ee6e96c59\" class=\"forminator-input forminator-field--phone\" data-required=\"\" aria-required=\"false\" autocomplete=\"off\" \/><\/div><\/div><\/div><div class=\"forminator-row\"><div id=\"textarea-1\" class=\"forminator-field-textarea forminator-col forminator-col-12 \"><div class=\"forminator-field\"><textarea name=\"textarea-1\" placeholder=\"Message\" id=\"forminator-field-textarea-1_69f4ee6e96c59\" class=\"forminator-textarea\" rows=\"6\" style=\"--forminator-textarea-min-height:140px;\" ><\/textarea><span id=\"forminator-field-textarea-1_69f4ee6e96c59-description\" class=\"forminator-description\"><span data-limit=\"300\" data-type=\"words\" data-editor=\"\">0 \/ 300<\/span><\/span><\/div><\/div><\/div><div class=\"forminator-row\"><\/div><input type=\"hidden\" name=\"referer_url\" value=\"\" \/><div class=\"forminator-row forminator-row-last\"><div class=\"forminator-col\"><div class=\"forminator-field\"><button class=\"forminator-button forminator-button-submit\">Send<\/button><\/div><\/div><\/div><input type=\"hidden\" id=\"forminator_nonce\" name=\"forminator_nonce\" value=\"245c0effe2\" \/><input type=\"hidden\" name=\"_wp_http_referer\" value=\"\/es\/wp-json\/wp\/v2\/pages\/12111\" \/><input type=\"hidden\" name=\"form_id\" value=\"1365\"><input type=\"hidden\" name=\"page_id\" value=\"12111\"><input type=\"hidden\" name=\"form_type\" value=\"default\"><input type=\"hidden\" name=\"current_url\" value=\"https:\/\/matchawholesale.eu\/es\/matcha-como-servicio-maas-asegura-tu-suministro-y-ahorra-un-15\/\"><input type=\"hidden\" name=\"render_id\" value=\"0\"><input type=\"hidden\" name=\"action\" value=\"forminator_submit_form_custom-forms\"><label for=\"input_6\" class=\"forminator-hidden\" aria-hidden=\"true\">Por favor, no rellenes este campo. <input id=\"input_6\" type=\"text\" name=\"input_6\" value=\"\" autocomplete=\"off\"><\/label><\/form><\/p>\n\n<p><em>Sirviendo a Alemania, Francia, Pa\u00edses Bajos y toda Europa.<\/em><\/p>\n","protected":false},"excerpt":{"rendered":"<p>Matcha como Servicio (MaaS): Asegura tu suministro y ahorra un 15% Garantiza matcha a tus clientes con el contrato de matcha m\u00e1s fiable de Europa. En un mercado vol\u00e1til, la consistencia es la m\u00e1xima ventaja competitiva. Matcha como Servicio (MaaS) de MatchaWholesale.eu es un contrato premium basado en suscripci\u00f3n dise\u00f1ado para cafeter\u00edas de gran volumen, [&hellip;]<\/p>\n","protected":false},"author":1,"featured_media":12112,"parent":0,"menu_order":0,"comment_status":"closed","ping_status":"closed","template":"","meta":{"footnotes":""},"class_list":["post-12111","page","type-page","status-publish","has-post-thumbnail","hentry","entry","has-media"],"_links":{"self":[{"href":"https:\/\/matchawholesale.eu\/es\/wp-json\/wp\/v2\/pages\/12111","targetHints":{"allow":["GET"]}}],"collection":[{"href":"https:\/\/matchawholesale.eu\/es\/wp-json\/wp\/v2\/pages"}],"about":[{"href":"https:\/\/matchawholesale.eu\/es\/wp-json\/wp\/v2\/types\/page"}],"author":[{"embeddable":true,"href":"https:\/\/matchawholesale.eu\/es\/wp-json\/wp\/v2\/users\/1"}],"replies":[{"embeddable":true,"href":"https:\/\/matchawholesale.eu\/es\/wp-json\/wp\/v2\/comments?post=12111"}],"version-history":[{"count":1,"href":"https:\/\/matchawholesale.eu\/es\/wp-json\/wp\/v2\/pages\/12111\/revisions"}],"predecessor-version":[{"id":12113,"href":"https:\/\/matchawholesale.eu\/es\/wp-json\/wp\/v2\/pages\/12111\/revisions\/12113"}],"wp:featuredmedia":[{"embeddable":true,"href":"https:\/\/matchawholesale.eu\/es\/wp-json\/wp\/v2\/media\/12112"}],"wp:attachment":[{"href":"https:\/\/matchawholesale.eu\/es\/wp-json\/wp\/v2\/media?parent=12111"}],"curies":[{"name":"wp","href":"https:\/\/api.w.org\/{rel}","templated":true}]}}