{"id":11338,"date":"2026-01-26T13:13:22","date_gmt":"2026-01-26T13:13:22","guid":{"rendered":"https:\/\/matchawholesale.eu\/matcha-fuer-cafes\/"},"modified":"2026-02-10T10:02:05","modified_gmt":"2026-02-10T10:02:05","slug":"matcha-fuer-cafes","status":"publish","type":"page","link":"https:\/\/matchawholesale.eu\/de\/matcha-fuer-cafes\/","title":{"rendered":"Matcha f\u00fcr Caf\u00e9s"},"content":{"rendered":"\n<h1 class=\"wp-block-heading\">Matcha f\u00fcr Caf\u00e9s<\/h1>\n\n<figure class=\"wp-block-image size-large\"><img fetchpriority=\"high\" decoding=\"async\" width=\"1024\" height=\"682\" src=\"https:\/\/matchawholesale.eu\/wp-content\/uploads\/2026\/01\/4-1024x682.jpg\" alt=\"Matcha Latte f&#xFC;r Caf&#xE9;s\" class=\"wp-image-11203\" srcset=\"https:\/\/matchawholesale.eu\/wp-content\/uploads\/2026\/01\/4-1024x682.jpg 1024w, https:\/\/matchawholesale.eu\/wp-content\/uploads\/2026\/01\/4-300x200.jpg 300w, https:\/\/matchawholesale.eu\/wp-content\/uploads\/2026\/01\/4-768x512.jpg 768w, https:\/\/matchawholesale.eu\/wp-content\/uploads\/2026\/01\/4.jpg 1280w\" sizes=\"(max-width: 1024px) 100vw, 1024px\" \/><figcaption class=\"wp-element-caption\">Matcha Latte f\u00fcr Caf\u00e9s<\/figcaption><\/figure>\n\n<p>Matcha verleiht Ihren Getr\u00e4nken Wellness, Stil und h\u00f6chste Qualit\u00e4t. Er verst\u00e4rkt die Atmosph\u00e4re Ihres Caf\u00e9s und tr\u00e4gt dazu bei, dass sich Ihre Kunden energiegeladen und anspruchsvoll f\u00fchlen. <\/p>\n\n<p>Mit seiner hochwertigen Anmutung und den erschwinglichen Produktionskosten bietet es au\u00dferdem hohe Gewinne.<\/p>\n\n<p>Erfahren Sie, warum unser Matcha-Gro\u00dfhandel perfekt f\u00fcr die Speisekarte Ihres Caf\u00e9s ist.<\/p>\n\n<h2 class=\"wp-block-heading\">1. Frischer, lebendiger Geschmack<\/h2>\n\n<p>Matcha bietet einen lebendigen, erdigen Geschmack mit s\u00fc\u00dfen Nuancen und einer leicht bitteren Note. Sein sanftes, abgerundetes Profil zieht viele Kunden an und hebt sich von normalen Tees oder Kaffees ab. <\/p>\n\n<h2 class=\"wp-block-heading\">2. Sanfter Energieschub<\/h2>\n\n<p>Matcha wird im Schatten angebaut und gibt einen gleichm\u00e4\u00dfigen Koffeinschub, der die Konzentration verbessert, ohne dass es zu Abst\u00fcrzen kommt. Er ist ideal f\u00fcr G\u00e4ste, die einen ruhigen Energieschub f\u00fcr den Tag brauchen. <\/p>\n\n<h2 class=\"wp-block-heading\">3. Gesundheitsorientierte Option<\/h2>\n\n<p>Matcha liefert Antioxidantien, unterst\u00fctzt die Verdauung, senkt den Stress und steigert die Energie. Er zieht Wellness-Liebhaber, Studenten und Berufst\u00e4tige an. <\/p>\n\n<h2 class=\"wp-block-heading\">4. Viele Wege zu dienen<\/h2>\n\n<p>Servieren Sie Matcha hei\u00df oder eisgek\u00fchlt, in Milchkaffees, Smoothies oder Backwaren. Das Sortiment inspiriert zu kreativen Getr\u00e4nken und Leckereien und bringt frische Ideen in Ihr Sortiment. <\/p>\n\n<h2 class=\"wp-block-heading\">5. Beliebte Wahl<\/h2>\n\n<p>Matcha ist ein gro\u00dfer Trend in Europa. Wenn Sie ihn mit einbeziehen, hebt sich Ihr Caf\u00e9 mit einer trendigen, auff\u00e4lligen Option ab, die die Besucher begeistert und die Loyalit\u00e4t st\u00e4rkt. <\/p>\n\n<h2 class=\"wp-block-heading\">6. Einfach zu verkaufen<\/h2>\n\n<p>Die Geschichte von Matcha ist ein guter Aufh\u00e4nger f\u00fcr das Marketing, von den echten japanischen Wurzeln bis hin zu den gesundheitlichen Vorteilen. Niedrige Startkosten helfen Ihnen, Ihre Einnahmen gut zu kontrollieren. <\/p>\n\n<h2 class=\"wp-block-heading\">Unser Gro\u00dfhandel Vorteile<\/h2>\n\n<p>Wir liefern Matcha direkt aus Japan in wiederverschlie\u00dfbaren 1 kg-Beuteln f\u00fcr einfache Lagerung und dauerhafte Frische. Die Mindestbestellmenge betr\u00e4gt nur 1 kg, so dass es einfach ist, ihn zu probieren. Die markenlose Verpackung spart unn\u00f6tige Kosten und macht es f\u00fcr Ihr Caf\u00e9 einfach.  <\/p>\n\n<h2 class=\"wp-block-heading\">Fordern Sie ein Muster an<\/h2>\n\n<p>M\u00f6chten Sie den k\u00fchnen, frischen Geschmack unseres hochwertigen Matcha probieren?<\/p>\n\n<p>Teilen Sie uns unten Ihre Daten mit, und wir senden Ihnen ein Muster zu. Teilen Sie uns Ihre Sonderw\u00fcnsche mit, und wir werden es f\u00fcr Sie anpassen. <\/p>\n<p><div class=\"forminator-ui forminator-custom-form forminator-custom-form-1365 forminator-design--flat  forminator_ajax\" data-forminator-render=\"0\" data-form=\"forminator-module-1365\" data-uid=\"69f5989bad8e5\"><br\/><\/div><form\n\t\t\t\tid=\"forminator-module-1365\"\n\t\t\t\tclass=\"forminator-ui forminator-custom-form forminator-custom-form-1365 forminator-design--flat  forminator_ajax\"\n\t\t\t\tmethod=\"post\"\n\t\t\t\tdata-forminator-render=\"0\"\n\t\t\t\tdata-form-id=\"1365\"\n\t\t\t\t data-color-option=\"default\" data-design=\"flat\" data-grid=\"open\" style=\"display: none;\"\n\t\t\t\tdata-uid=\"69f5989bad8e5\"\n\t\t\t><div role=\"alert\" aria-live=\"polite\" class=\"forminator-response-message forminator-error\" aria-hidden=\"true\"><\/div><div class=\"forminator-row\"><div id=\"name-1\" class=\"forminator-field-name forminator-col forminator-col-6 \"><div class=\"forminator-field\"><input type=\"text\" name=\"name-1\" value=\"\" placeholder=\"First Name\" id=\"forminator-field-name-1_69f5989bad8e5\" class=\"forminator-input forminator-name--field\" aria-required=\"true\" autocomplete=\"name\" \/><\/div><\/div><div id=\"name-2\" class=\"forminator-field-name forminator-col forminator-col-6 \"><div class=\"forminator-field\"><input type=\"text\" name=\"name-2\" value=\"\" placeholder=\"Last Name\" id=\"forminator-field-name-2_69f5989bad8e5\" class=\"forminator-input forminator-name--field\" aria-required=\"true\" autocomplete=\"name\" \/><\/div><\/div><\/div><div class=\"forminator-row\"><div id=\"email-1\" class=\"forminator-field-email forminator-col forminator-col-12 \"><div class=\"forminator-field\"><input type=\"email\" name=\"email-1\" value=\"\" placeholder=\"Email\" id=\"forminator-field-email-1_69f5989bad8e5\" class=\"forminator-input forminator-email--field\" data-required=\"true\" aria-required=\"true\" autocomplete=\"email\" \/><\/div><\/div><\/div><div class=\"forminator-row\"><div id=\"phone-1\" class=\"forminator-field-phone forminator-col forminator-col-12 \"><div class=\"forminator-field\"><input type=\"text\" name=\"phone-1\" value=\"\" placeholder=\"Phone\" id=\"forminator-field-phone-1_69f5989bad8e5\" class=\"forminator-input forminator-field--phone\" data-required=\"\" aria-required=\"false\" autocomplete=\"off\" \/><\/div><\/div><\/div><div class=\"forminator-row\"><div id=\"textarea-1\" class=\"forminator-field-textarea forminator-col forminator-col-12 \"><div class=\"forminator-field\"><textarea name=\"textarea-1\" placeholder=\"Message\" id=\"forminator-field-textarea-1_69f5989bad8e5\" class=\"forminator-textarea\" rows=\"6\" style=\"--forminator-textarea-min-height:140px;\" ><\/textarea><span id=\"forminator-field-textarea-1_69f5989bad8e5-description\" class=\"forminator-description\"><span data-limit=\"300\" data-type=\"words\" data-editor=\"\">0 \/ 300<\/span><\/span><\/div><\/div><\/div><div class=\"forminator-row\"><\/div><input type=\"hidden\" name=\"referer_url\" value=\"\" \/><div class=\"forminator-row forminator-row-last\"><div class=\"forminator-col\"><div class=\"forminator-field\"><button class=\"forminator-button forminator-button-submit\">Send<\/button><\/div><\/div><\/div><input type=\"hidden\" id=\"forminator_nonce\" name=\"forminator_nonce\" value=\"1657a128ec\" \/><input type=\"hidden\" name=\"_wp_http_referer\" value=\"\/de\/wp-json\/wp\/v2\/pages\/11338\" \/><input type=\"hidden\" name=\"form_id\" value=\"1365\"><input type=\"hidden\" name=\"page_id\" value=\"11338\"><input type=\"hidden\" name=\"form_type\" value=\"default\"><input type=\"hidden\" name=\"current_url\" value=\"https:\/\/matchawholesale.eu\/de\/matcha-fuer-cafes\/\"><input type=\"hidden\" name=\"render_id\" value=\"0\"><input type=\"hidden\" name=\"action\" value=\"forminator_submit_form_custom-forms\"><label for=\"input_6\" class=\"forminator-hidden\" aria-hidden=\"true\">Bitte f\u00fclle dieses Feld nicht aus. <input id=\"input_6\" type=\"text\" name=\"input_6\" value=\"\" autocomplete=\"off\"><\/label><\/form><\/p>\n\n<p><\/p>\n","protected":false},"excerpt":{"rendered":"<p>Matcha f\u00fcr Caf\u00e9s Matcha verleiht Ihren Getr\u00e4nken Wellness, Stil und h\u00f6chste Qualit\u00e4t. Er verst\u00e4rkt die Atmosph\u00e4re Ihres Caf\u00e9s und tr\u00e4gt dazu bei, dass sich Ihre Kunden energiegeladen und anspruchsvoll f\u00fchlen. Mit seiner hochwertigen Anmutung und den erschwinglichen Produktionskosten bietet es au\u00dferdem hohe Gewinne. Erfahren Sie, warum unser Matcha-Gro\u00dfhandel perfekt f\u00fcr die Speisekarte Ihres Caf\u00e9s ist. [&hellip;]<\/p>\n","protected":false},"author":1,"featured_media":11339,"parent":0,"menu_order":0,"comment_status":"closed","ping_status":"closed","template":"","meta":{"footnotes":""},"class_list":["post-11338","page","type-page","status-publish","has-post-thumbnail","hentry","entry","has-media"],"_links":{"self":[{"href":"https:\/\/matchawholesale.eu\/de\/wp-json\/wp\/v2\/pages\/11338","targetHints":{"allow":["GET"]}}],"collection":[{"href":"https:\/\/matchawholesale.eu\/de\/wp-json\/wp\/v2\/pages"}],"about":[{"href":"https:\/\/matchawholesale.eu\/de\/wp-json\/wp\/v2\/types\/page"}],"author":[{"embeddable":true,"href":"https:\/\/matchawholesale.eu\/de\/wp-json\/wp\/v2\/users\/1"}],"replies":[{"embeddable":true,"href":"https:\/\/matchawholesale.eu\/de\/wp-json\/wp\/v2\/comments?post=11338"}],"version-history":[{"count":1,"href":"https:\/\/matchawholesale.eu\/de\/wp-json\/wp\/v2\/pages\/11338\/revisions"}],"predecessor-version":[{"id":11340,"href":"https:\/\/matchawholesale.eu\/de\/wp-json\/wp\/v2\/pages\/11338\/revisions\/11340"}],"wp:featuredmedia":[{"embeddable":true,"href":"https:\/\/matchawholesale.eu\/de\/wp-json\/wp\/v2\/media\/11339"}],"wp:attachment":[{"href":"https:\/\/matchawholesale.eu\/de\/wp-json\/wp\/v2\/media?parent=11338"}],"curies":[{"name":"wp","href":"https:\/\/api.w.org\/{rel}","templated":true}]}}